{"id":41431,"date":"2025-10-27T13:56:47","date_gmt":"2025-10-27T11:56:47","guid":{"rendered":"https:\/\/purama.lt\/produktas\/equilibre-miego-guminukai-3\/"},"modified":"2026-04-23T09:39:42","modified_gmt":"2026-04-23T07:39:42","slug":"equilibre-unijummat","status":"publish","type":"product","link":"https:\/\/purama.lt\/fi\/produktas\/equilibre-miego-guminukai\/","title":{"rendered":"Equilibre Unipurkka"},"content":{"rendered":"<p><strong>Kulutus<\/strong><br>Aloita 1 purkka illalla ja lis\u00e4\u00e4 v\u00e4hitellen.<br>Tavallinen p\u00e4iv\u00e4annos: 2-7 purukumia p\u00e4iv\u00e4ss\u00e4; noudata samaa iltarutiinia 30 p\u00e4iv\u00e4n ajan.<br>Jos sinulla on ep\u00e4ilyksi\u00e4 tai herkkyytt\u00e4, noudata pakkauksessa olevia ohjeita.<\/p>\n\n\n\n<p><strong>Ainesosat<\/strong><br>glukoosisiirappi, juurikassokeri, vesi, hyytel\u00f6imisaine pektiini, kannabidioli, kannabinooli, terpeenit, aromit, luontainen v\u00e4riaine, happamuudens\u00e4\u00e4t\u00f6aine omenahappo, p\u00e4\u00e4llysteaine sokeri.<\/p>\n\n\n\n<p><strong>Elintarvikkeiden k\u00e4sittelytodistus:\u00a0<\/strong>69MTSPA-667<\/p>","protected":false},"excerpt":{"rendered":"<p data-start=\"0\" data-end=\"489\"><strong data-start=\"16\" data-end=\"45\">\u00c9quilibre - Unikarkkeja<\/strong> on vegaaninen pektiinimakeinen illan rentoutumisrituaaliin, jossa on mukana <strong data-start=\"110\" data-end=\"123\">CBD + CBN<\/strong> ja luonnollinen media <strong data-start=\"150\" data-end=\"188\">myrseeni, limoneeni, trans-nerolidoli<\/strong>. Hedelm\u00e4t <strong data-start=\"199\" data-end=\"219\">punainen hedelm\u00e4<\/strong> maku, THC-vapaa, valmistettu Ranskassa. Noin yksi purkka per purkka <strong data-start=\"282\" data-end=\"303\">10 mg kannabinoideja<\/strong> (CBD + CBN) - k\u00e4tev\u00e4 annostelu ja tukee levollisempaa univalmistelua. Kaava perustuu hyvin tutkittuun kannabinoidi-fytokompleksiin (kannabinoidit ja terpeenit), joka auttaa rauhoittumaan ennen nukkumaanmenoa.<\/p>\n<p data-start=\"491\" data-end=\"748\"><strong data-start=\"491\" data-end=\"514\">Miksi valita<\/strong><br data-start=\"514\" data-end=\"517\" \/><strong data-start=\"517\" data-end=\"523\">\u2714\ufe0f<\/strong> 10 mg kannabinoideja purukumia kohti (CBD + CBN).<br data-start=\"570\" data-end=\"573\" \/><strong data-start=\"573\" data-end=\"579\">\u2714\ufe0f<\/strong> Terpeenikolmikko: myrseeni, limoneeni, trans-nerolidoli.<br data-start=\"628\" data-end=\"631\" \/><strong data-start=\"631\" data-end=\"637\">\u2714\ufe0f<\/strong> Vegaaninen (pektiini), THC-vapaa<br data-start=\"666\" data-end=\"669\" \/><strong data-start=\"669\" data-end=\"675\">\u2714\ufe0f<\/strong> Punaisten hedelmien miellytt\u00e4v\u00e4 maku<br data-start=\"707\" data-end=\"710\" \/><strong data-start=\"710\" data-end=\"716\">\u2714\ufe0f<\/strong> K\u00e4tev\u00e4 kurssin kannalta: ~30 p\u00e4iv\u00e4n rutiini.<\/p>","protected":false},"featured_media":41403,"comment_status":"open","ping_status":"closed","template":"","meta":{"_acf_changed":false},"product_brand":[423],"product_cat":[123,57,393,271,269],"product_tag":[],"class_list":{"0":"post-41431","1":"product","2":"type-product","3":"status-publish","4":"has-post-thumbnail","6":"product_brand-equilibre","7":"product_cat-papildai-ilgaamziskumui","8":"product_cat-akcijos","9":"product_cat-dovanu-idejos","10":"product_cat-miego-kokybe","11":"product_cat-stresui-ir-miegui","13":"first","14":"instock","15":"sale","16":"shipping-taxable","17":"purchasable","18":"product-type-simple"},"acf":[],"tiered_pricing_type":"fixed","tiered_pricing_fixed_rules":[],"tiered_pricing_product_settings":{"layout":"default","base_unit_name":{"singular":null,"plural":null},"default_variation":null},"tiered_pricing_minimum_quantity":null,"tiered_pricing_roles_data":[],"tiered_pricing_percentage_rules":[],"_links":{"self":[{"href":"https:\/\/purama.lt\/fi\/wp-json\/wp\/v2\/product\/41431","targetHints":{"allow":["GET"]}}],"collection":[{"href":"https:\/\/purama.lt\/fi\/wp-json\/wp\/v2\/product"}],"about":[{"href":"https:\/\/purama.lt\/fi\/wp-json\/wp\/v2\/types\/product"}],"replies":[{"embeddable":true,"href":"https:\/\/purama.lt\/fi\/wp-json\/wp\/v2\/comments?post=41431"}],"wp:featuredmedia":[{"embeddable":true,"href":"https:\/\/purama.lt\/fi\/wp-json\/wp\/v2\/media\/41403"}],"wp:attachment":[{"href":"https:\/\/purama.lt\/fi\/wp-json\/wp\/v2\/media?parent=41431"}],"wp:term":[{"taxonomy":"product_brand","embeddable":true,"href":"https:\/\/purama.lt\/fi\/wp-json\/wp\/v2\/product_brand?post=41431"},{"taxonomy":"product_cat","embeddable":true,"href":"https:\/\/purama.lt\/fi\/wp-json\/wp\/v2\/product_cat?post=41431"},{"taxonomy":"product_tag","embeddable":true,"href":"https:\/\/purama.lt\/fi\/wp-json\/wp\/v2\/product_tag?post=41431"}],"curies":[{"name":"wp","href":"https:\/\/api.w.org\/{rel}","templated":true}]}}