{"id":41429,"date":"2025-10-27T13:56:45","date_gmt":"2025-10-27T11:56:45","guid":{"rendered":"https:\/\/purama.lt\/produktas\/azur-natural-bodycare-bva-atsipalaidavimo-dovanu-rinkinys-3\/"},"modified":"2026-04-23T09:41:10","modified_gmt":"2026-04-23T07:41:10","slug":"azur-natural-bodycare-bva-rentoutus-lahjasetti","status":"publish","type":"product","link":"https:\/\/purama.lt\/fi\/produktas\/azur-natural-bodycare-bva-atsipalaidavimo-dovanu-rinkinys\/","title":{"rendered":"Azur Natural Bodycare BVA Rentoutus lahjasetti"},"content":{"rendered":"<p><strong>K\u00e4ytt\u00f6<\/strong><br>- Saippua: vaahdota m\u00e4r\u00e4lle iholle, huuhtele l\u00e4mpim\u00e4ll\u00e4 vedell\u00e4.<br>- Huulirasva: levit\u00e4 tarpeen mukaan huulille tai poskille hienovaraista s\u00e4vy\u00e4 varten.<br>- Kylpysuola: lis\u00e4\u00e4 \u00bd-1 tuubi l\u00e4mpim\u00e4\u00e4n kylpyyn tai jalkakylpyyn, liuota ja rentoudu; ota yhteytt\u00e4 asiantuntijaan eteeristen \u00f6ljyjen k\u00e4yt\u00f6st\u00e4 raskauden tai imetyksen aikana.<br>Jos annostuksesta tai herkkyydest\u00e4 on ep\u00e4ilyksi\u00e4, <strong>noudata pakkauksen ohjeita<\/strong>.<\/p>\n\n\n\n<p><strong>Ainesosat<\/strong><br>natriumolivatti, natriumkokoaatti, natriummantelinaatti, natriumkaakaovoiraatti, vesi, glyseriini, natriumkaritevoi, natriumrisiini, lavandula angustifolia yrtti\u00f6ljy, illite, Citrus sinensis kuori\u00f6ljy, eukalyptus globulus lehti\u00f6ljy, kaoliini, limoneeni, linalool, butyrospermum parkii -voi, glyseriini, fragaria ananassa -siemen\u00f6ljy, euphorbia cerifera cera, cocos nucifera -\u00f6ljy, kiille, titaanidioksidi, ci 77491, magnesiumkloridi, prunus amygdalus dulcis -\u00f6ljy, lavandula angustifolia -\u00f6ljy, eucalyptus globulus -lehti\u00f6ljy, citrus sinensis -kuori\u00f6ljy, Citrus sinensis -kuori\u00f6ljy ilmaistuna.<\/p>","protected":false},"excerpt":{"rendered":"<p data-start=\"0\" data-end=\"679\"><strong data-start=\"16\" data-end=\"58\">Azur - UNWIND-lahjasetti - Sunset Dreams - Auringonlaskun unelmat<\/strong> on tyylikk\u00e4\u00e4sti pakattu rentoutumissetti rauhallista illallista varten: <strong data-start=\"128\" data-end=\"184\">Sunset Dreams -saippua rikastettu punasavella<\/strong>, <strong data-start=\"186\" data-end=\"210\">magnesium kylpy suola<\/strong> ja <strong data-start=\"214\" data-end=\"238\">\u201eRos\u00e9-huulirasva<\/strong> arjen hellyyden vuoksi. Saippua puhdistaa hell\u00e4varaisesti ja j\u00e4tt\u00e4\u00e4 ihon pehme\u00e4ksi, kun taas suola, jossa on magnesiumhiutaleita ja <strong data-start=\"341\" data-end=\"371\">laventeli-eukalyptus-oranssi<\/strong> jossa on luonnollinen tuoksu, joka auttaa lievitt\u00e4m\u00e4\u00e4n j\u00e4nnityst\u00e4, sek\u00e4 mansikan siemen\u00f6ljy\u00e4 ja karitevoita sis\u00e4lt\u00e4v\u00e4 balsami. <strong data-start=\"474\" data-end=\"516\">pehment\u00e4\u00e4 ja antaa hienovaraisen s\u00e4vyn<\/strong> (sopii my\u00f6s poskip\u00e4ille). Pakkaus perustuu <strong data-start=\"558\" data-end=\"602\">tunnettuja luonnollisia ainesosia<\/strong> - magnesiumhiutaleita ja eteerisi\u00e4 \u00f6ljyj\u00e4 miellytt\u00e4v\u00e4\u00e4 iltarituaalia varten.<\/p>\n<p data-start=\"681\" data-end=\"940\"><strong data-start=\"681\" data-end=\"704\">Miksi valita<\/strong><br data-start=\"704\" data-end=\"707\" \/>\u2714\ufe0f Kolmen askeleen rituaali rauhalliseen iltaan<br data-start=\"748\" data-end=\"751\" \/>\u2714\ufe0f 100 % Luonnolliset tuoksut, k\u00e4sintehtyj\u00e4 tuotteita.<br data-start=\"798\" data-end=\"801\" \/>\u2714\ufe0f Huulirasva ilman vaseliinia ja mehil\u00e4isvahaa (candelillaa sis\u00e4lt\u00e4v\u00e4).<br data-start=\"862\" data-end=\"865\" data-is-only-node=\"\" \/>\u2714\ufe0f Kaunis lahjapakkaus, valmis antamaan<br data-start=\"909\" data-end=\"912\" \/>\u2714\ufe0f Made in the Netherlands<\/p>","protected":false},"featured_media":41408,"comment_status":"open","ping_status":"closed","template":"","meta":{"_acf_changed":false},"product_brand":[408],"product_cat":[393,57],"product_tag":[],"class_list":{"0":"post-41429","1":"product","2":"type-product","3":"status-publish","4":"has-post-thumbnail","6":"product_brand-azur","7":"product_cat-dovanu-idejos","8":"product_cat-akcijos","10":"first","11":"instock","12":"sale","13":"shipping-taxable","14":"purchasable","15":"product-type-simple"},"acf":[],"tiered_pricing_type":"fixed","tiered_pricing_fixed_rules":[],"tiered_pricing_product_settings":{"layout":"default","base_unit_name":{"singular":null,"plural":null},"default_variation":null},"tiered_pricing_minimum_quantity":null,"tiered_pricing_roles_data":[],"tiered_pricing_percentage_rules":[],"_links":{"self":[{"href":"https:\/\/purama.lt\/fi\/wp-json\/wp\/v2\/product\/41429","targetHints":{"allow":["GET"]}}],"collection":[{"href":"https:\/\/purama.lt\/fi\/wp-json\/wp\/v2\/product"}],"about":[{"href":"https:\/\/purama.lt\/fi\/wp-json\/wp\/v2\/types\/product"}],"replies":[{"embeddable":true,"href":"https:\/\/purama.lt\/fi\/wp-json\/wp\/v2\/comments?post=41429"}],"wp:featuredmedia":[{"embeddable":true,"href":"https:\/\/purama.lt\/fi\/wp-json\/wp\/v2\/media\/41408"}],"wp:attachment":[{"href":"https:\/\/purama.lt\/fi\/wp-json\/wp\/v2\/media?parent=41429"}],"wp:term":[{"taxonomy":"product_brand","embeddable":true,"href":"https:\/\/purama.lt\/fi\/wp-json\/wp\/v2\/product_brand?post=41429"},{"taxonomy":"product_cat","embeddable":true,"href":"https:\/\/purama.lt\/fi\/wp-json\/wp\/v2\/product_cat?post=41429"},{"taxonomy":"product_tag","embeddable":true,"href":"https:\/\/purama.lt\/fi\/wp-json\/wp\/v2\/product_tag?post=41429"}],"curies":[{"name":"wp","href":"https:\/\/api.w.org\/{rel}","templated":true}]}}