{"id":41428,"date":"2025-10-27T13:56:44","date_gmt":"2025-10-27T11:56:44","guid":{"rendered":"https:\/\/purama.lt\/produktas\/azur-natural-bodycare-bv-atgaivos-dovanu-rinkinys-3\/"},"modified":"2026-04-22T12:20:26","modified_gmt":"2026-04-22T10:20:26","slug":"azur-natural-bodycare-bv-virkistava-lahjasetti-3","status":"publish","type":"product","link":"https:\/\/purama.lt\/fi\/produktas\/azur-natural-bodycare-bv-atgaivos-dovanu-rinkinys-3\/","title":{"rendered":"Azur Natural Bodycare BV Revitalisation lahjasetti"},"content":{"rendered":"<p><strong>K\u00e4ytt\u00f6<\/strong><br>Lis\u00e4\u00e4 l\u00e4mpim\u00e4\u00e4n kylpyyn tai jalkakylpyyn <strong>puolet putkesta tai koko putki<\/strong>, anna sen sulaa ja hengit\u00e4 tuoksu syv\u00e4\u00e4n sis\u00e4\u00e4n.<br>Noudata pakkauksen ohjeita.<\/p>\n\n\n\n<p><strong>Ainesosat<\/strong><br>magnesiumsulfaatti, natriumbikarbonaatti, prunus amygdalus dulcis -\u00f6ljy, eukalyptus globulus -lehti\u00f6ljy, citrus sinensis -kuori\u00f6ljy, rosmarinus officinalis -lehti\u00f6ljy, pelargonium graveolens -kukka\u00f6ljy, citrus paradisi -kuori\u00f6ljy.<\/p>","protected":false},"excerpt":{"rendered":"<p data-start=\"0\" data-end=\"752\"><strong data-start=\"16\" data-end=\"69\">Azur Natural Bodycare - BATHTIME STORIES -lahjasetti:<\/strong>\u00a0Kolmen tuoksuvan kylpysuolan setti tyylikk\u00e4iss\u00e4 lasiputkissa - k\u00e4tev\u00e4 tapa luoda hidas, rentouttava rituaali kotona. Jokainen sekoitus on valmistettu <strong data-start=\"272\" data-end=\"298\">magnesiumsuola (Epsom-suola)<\/strong>, <strong data-start=\"300\" data-end=\"309\">limsat<\/strong>, <strong data-start=\"311\" data-end=\"356\">kylm\u00e4puristettu makea manteli\u00f6ljy<\/strong> ja <strong data-start=\"360\" data-end=\"394\">100% Luonnolliset eteeriset \u00f6ljyt<\/strong>. Makuja: <strong data-start=\"406\" data-end=\"421\">Sauna tuntuu<\/strong> (eukalyptus), <strong data-start=\"436\" data-end=\"453\">Auringonlaskun unelmat<\/strong> (appelsiini, eukalyptus, rosmariini), <strong data-start=\"491\" data-end=\"506\">Villi kukka<\/strong> (geranium, greippi). Koostumus ei sis\u00e4ll\u00e4 keinotekoisia hajusteita, se on valmistettu k\u00e4sin Alankomaissa ja sopii herk\u00e4lle iholle. Yksinkertainen, esteettinen lahja jokap\u00e4iv\u00e4iseen rentoutumiseen; perustuu tunnettuun magnesiumsuolan liotusperiaatteeseen miellytt\u00e4v\u00e4\u00e4 rentoutumista varten.<\/p>\n<p data-start=\"754\" data-end=\"1080\"><strong data-start=\"754\" data-end=\"777\">Miksi valita<\/strong><br data-start=\"777\" data-end=\"780\" \/>\u2714\ufe0f Kolmen tuoksun setti yhdess\u00e4 lahjamuodossa.<br data-start=\"833\" data-end=\"836\" \/>\u2714\ufe0f Magnesiumsuolaa ja ruokasoodaa puhtaaseen, rentouttavaan liotukseen.<br data-start=\"896\" data-end=\"899\" \/>\u2714\ufe0f Makea manteli\u00f6ljy j\u00e4tt\u00e4\u00e4 ihon pehme\u00e4ksi ja ravitsevaksi.<br data-start=\"961\" data-end=\"964\" \/>\u2714\ufe0f 100% Luonnolliset tuoksut, ilman hajusteiden koostumuksia<br data-start=\"1017\" data-end=\"1020\" \/>\u2714\ufe0f K\u00e4sintehty Alankomaissa; sopii herk\u00e4lle iholle.<\/p>","protected":false},"featured_media":41409,"comment_status":"open","ping_status":"closed","template":"","meta":{"_acf_changed":false},"product_brand":[408],"product_cat":[500],"product_tag":[],"class_list":{"0":"post-41428","1":"product","2":"type-product","3":"status-publish","4":"has-post-thumbnail","6":"product_brand-azur","7":"product_cat-outlet","9":"first","10":"instock","11":"sale","12":"shipping-taxable","13":"purchasable","14":"product-type-simple"},"acf":[],"tiered_pricing_type":"fixed","tiered_pricing_fixed_rules":[],"tiered_pricing_product_settings":{"layout":"default","base_unit_name":{"singular":null,"plural":null},"default_variation":null},"tiered_pricing_minimum_quantity":null,"tiered_pricing_roles_data":[],"tiered_pricing_percentage_rules":[],"_links":{"self":[{"href":"https:\/\/purama.lt\/fi\/wp-json\/wp\/v2\/product\/41428","targetHints":{"allow":["GET"]}}],"collection":[{"href":"https:\/\/purama.lt\/fi\/wp-json\/wp\/v2\/product"}],"about":[{"href":"https:\/\/purama.lt\/fi\/wp-json\/wp\/v2\/types\/product"}],"replies":[{"embeddable":true,"href":"https:\/\/purama.lt\/fi\/wp-json\/wp\/v2\/comments?post=41428"}],"wp:featuredmedia":[{"embeddable":true,"href":"https:\/\/purama.lt\/fi\/wp-json\/wp\/v2\/media\/41409"}],"wp:attachment":[{"href":"https:\/\/purama.lt\/fi\/wp-json\/wp\/v2\/media?parent=41428"}],"wp:term":[{"taxonomy":"product_brand","embeddable":true,"href":"https:\/\/purama.lt\/fi\/wp-json\/wp\/v2\/product_brand?post=41428"},{"taxonomy":"product_cat","embeddable":true,"href":"https:\/\/purama.lt\/fi\/wp-json\/wp\/v2\/product_cat?post=41428"},{"taxonomy":"product_tag","embeddable":true,"href":"https:\/\/purama.lt\/fi\/wp-json\/wp\/v2\/product_tag?post=41428"}],"curies":[{"name":"wp","href":"https:\/\/api.w.org\/{rel}","templated":true}]}}