{"id":41426,"date":"2025-10-27T13:56:43","date_gmt":"2025-10-27T11:56:43","guid":{"rendered":"https:\/\/purama.lt\/produktas\/azur-natural-bodycare-bv-sapnu-rinkinys-3\/"},"modified":"2026-04-23T09:41:49","modified_gmt":"2026-04-23T07:41:49","slug":"azur-natural-bodycare-bv-dream-set-3","status":"publish","type":"product","link":"https:\/\/purama.lt\/fi\/produktas\/azur-natural-bodycare-bv-sapnu-rinkinys-3\/","title":{"rendered":"Azur Natural Bodycare BV Dream Set"},"content":{"rendered":"<p><strong>K\u00e4ytt\u00f6<\/strong><br>Py\u00f6rittele saippuaa m\u00e4riss\u00e4 k\u00e4mmeniss\u00e4, hiero ihoa kevyesti ja huuhtele.<br>K\u00e4yt\u00e4 saippuapussia kevyeen hankaukseen ja j\u00e4\u00e4mien poistamiseen; huuhtele k\u00e4yt\u00f6n j\u00e4lkeen ja ripusta kuivumaan.<br>S\u00e4ilyt\u00e4 puisella saippuakupilla, jotta saippua voi kuivua k\u00e4ytt\u00f6kertojen v\u00e4lill\u00e4.<\/p>\n\n\n\n<p><strong>Ainesosat<\/strong><br>laventelipellot - natriumolivatti, natriumkokoaatti, natriumkaakaovoiraatti, natriummantelinaatti, vesi, glyseriini, natrium sheavoiraatti, natriumrisiini, lavandula angustifolia yrtti\u00f6ljy, rosmarinus officinalis kukka\u00f6ljy, alkanna tinctoria juuriuute, kaoliini, laventeli angustifolian kukka, papaver somniferum siemen, linalool*, limoneeni*; sunset dreams - natriumolivatti, natriumkokoaatti, natriummantelinaatti, natriumkaakaovoiraatti, vesi, glyseriini, natriumkaritevoi, natriumrisiini, lavandula angustifolia yrtti\u00f6ljy, illite, sitrushedelmien kuori\u00f6ljy, eukalyptuksen lehti\u00f6ljy, kaoliini, limoneeni*, linalool*.<\/p>\n\n\n\n<p><\/p>","protected":false},"excerpt":{"rendered":"<p data-start=\"0\" data-end=\"570\"><strong data-start=\"16\" data-end=\"58\">Azur Natural Bodycare - THE DREAMY SET - Unelmallinen sarja<\/strong> on setti, joka luo rauhallisen iltarituaalin kahdella k\u00e4sintehdyll\u00e4 vartalosaippuapalalla ja muovittomilla tarvikkeilla. <strong data-start=\"189\" data-end=\"208\">Laventelipellot<\/strong> (laventeli + rosmariini) ja <strong data-start=\"236\" data-end=\"253\">Auringonlaskun unelmat<\/strong> (punaista savea + appelsiinin, eukalyptuksen ja laventelin eteerisi\u00e4 \u00f6ljyj\u00e4) puhdistaa ja rauhoittaa hell\u00e4varaisesti, ja saippuapussi ja puinen saippuakuppi pident\u00e4v\u00e4t saippuan k\u00e4ytt\u00f6ik\u00e4\u00e4. 100 % luonnollinen, vegaaninen, valmistettu Alankomaissa; perustuu hyvin tutkittuihin kasvi\u00f6ljyihin ja saviin, jotka soveltuvat p\u00e4ivitt\u00e4iseen hoitoon.<\/p>\n<p data-start=\"572\" data-end=\"919\"><strong data-start=\"572\" data-end=\"595\">Miksi valita<\/strong><br data-start=\"595\" data-end=\"598\" \/><strong data-start=\"598\" data-end=\"604\">\u2714\ufe0f<\/strong> Kaksi erilaista, rauhoittavaa aromaterapianuotia yhdess\u00e4 sarjassa.<br data-start=\"671\" data-end=\"674\" \/><strong data-start=\"674\" data-end=\"680\">\u2714\ufe0f<\/strong> Hell\u00e4varainen kasvi\u00f6ljysaippuapohja sopii herkemm\u00e4lle iholle.<br data-start=\"740\" data-end=\"743\" \/><strong data-start=\"743\" data-end=\"749\">\u2714\ufe0f<\/strong> Muovittomat tarvikkeet: saippuapussi ja puinen saippuakuppi.<br data-start=\"817\" data-end=\"820\" \/><strong data-start=\"820\" data-end=\"826\">\u2714\ufe0f<\/strong> K\u00e4sintehty, 100 % luonnollisia ainesosia, vegaaninen.<br data-start=\"886\" data-end=\"889\" \/><strong data-start=\"889\" data-end=\"895\">\u2714\ufe0f<\/strong> Lahjapakkaus<\/p>","protected":false},"featured_media":41405,"comment_status":"open","ping_status":"closed","template":"","meta":{"_acf_changed":false},"product_brand":[408],"product_cat":[393,57],"product_tag":[],"class_list":{"0":"post-41426","1":"product","2":"type-product","3":"status-publish","4":"has-post-thumbnail","6":"product_brand-azur","7":"product_cat-dovanu-idejos","8":"product_cat-akcijos","10":"first","11":"instock","12":"sale","13":"shipping-taxable","14":"purchasable","15":"product-type-simple"},"acf":[],"tiered_pricing_type":"fixed","tiered_pricing_fixed_rules":[],"tiered_pricing_product_settings":{"layout":"default","base_unit_name":{"singular":null,"plural":null},"default_variation":null},"tiered_pricing_minimum_quantity":null,"tiered_pricing_roles_data":[],"tiered_pricing_percentage_rules":[],"_links":{"self":[{"href":"https:\/\/purama.lt\/fi\/wp-json\/wp\/v2\/product\/41426","targetHints":{"allow":["GET"]}}],"collection":[{"href":"https:\/\/purama.lt\/fi\/wp-json\/wp\/v2\/product"}],"about":[{"href":"https:\/\/purama.lt\/fi\/wp-json\/wp\/v2\/types\/product"}],"replies":[{"embeddable":true,"href":"https:\/\/purama.lt\/fi\/wp-json\/wp\/v2\/comments?post=41426"}],"wp:featuredmedia":[{"embeddable":true,"href":"https:\/\/purama.lt\/fi\/wp-json\/wp\/v2\/media\/41405"}],"wp:attachment":[{"href":"https:\/\/purama.lt\/fi\/wp-json\/wp\/v2\/media?parent=41426"}],"wp:term":[{"taxonomy":"product_brand","embeddable":true,"href":"https:\/\/purama.lt\/fi\/wp-json\/wp\/v2\/product_brand?post=41426"},{"taxonomy":"product_cat","embeddable":true,"href":"https:\/\/purama.lt\/fi\/wp-json\/wp\/v2\/product_cat?post=41426"},{"taxonomy":"product_tag","embeddable":true,"href":"https:\/\/purama.lt\/fi\/wp-json\/wp\/v2\/product_tag?post=41426"}],"curies":[{"name":"wp","href":"https:\/\/api.w.org\/{rel}","templated":true}]}}