{"id":41242,"date":"2025-10-24T08:06:57","date_gmt":"2025-10-24T06:06:57","guid":{"rendered":"https:\/\/purama.lt\/produktas\/wosome-papildu-sistema-moterims\/"},"modified":"2026-03-31T13:03:47","modified_gmt":"2026-03-31T11:03:47","slug":"wosome-lisajarjestelma-naisille","status":"publish","type":"product","link":"https:\/\/purama.lt\/fi\/produktas\/wosome-papildu-sistema-moterims\/","title":{"rendered":"Wosome-lis\u00e4j\u00e4rjestelm\u00e4 naisille"},"content":{"rendered":"<p><strong>Kulutus<\/strong><br>Ota 3 kapselia p\u00e4iv\u00e4ss\u00e4 p\u00e4iv\u00e4n ensimm\u00e4isell\u00e4 puoliskolla ruoan kanssa: follikulaarivaiheen kapselit p\u00e4ivin\u00e4 1-15, luteaalivaiheen kapselit p\u00e4ivin\u00e4 16-30.<br>Aloita verenvuodon ensimm\u00e4isest\u00e4 p\u00e4iv\u00e4st\u00e4; vaihda vaiheeseen 2 syklin puoliv\u00e4liss\u00e4 ja toista.<br>Lis\u00e4ravinteet eiv\u00e4t korvaa tasapainoista ruokavaliota; ota yhteytt\u00e4 l\u00e4\u00e4k\u00e4riin raskauden aikana ja yksil\u00f6llisist\u00e4 tarpeista.<\/p>\n\n\n\n<p><strong>Ainesosat<\/strong><br>magnesiumbisglysinaatti, kuorruteaine hydroksipropyylimetyyliselluloosa, Rhodiola rhodolina -juuriuute (&gt;3% rosaviineja), t\u00e4yteaine selluloosa, tarttuvuusaine rasvahappojen magnesiumsuolat, pyridoksiinihydrokloridi, metyylikobalamiini, l-selenometioniini, magnesiumbisglysinaatti, lasitusaine hydroksipropyylimetyyliselluloosa, t\u00e4yteaine selluloosa, sinkkibisglysinaatti, liima-aine, rasvahappojen magnesiumsuolat, pyridoksiinihydrokloridi, kuivattu ote aidosta punertavasta hedelm\u00e4st\u00e4 (&gt;1,5% UV-valon alla), metyylikobalamiini.<\/p>\n\n\n\n<p><strong>Elintarvikkeiden k\u00e4sittelytodistus:\u00a0<\/strong>69MTSPA-667<\/p>","protected":false},"excerpt":{"rendered":"<p data-start=\"0\" data-end=\"618\"><strong data-start=\"16\" data-end=\"54\">Wosome - Naisten t\u00e4ydennysj\u00e4rjestelm\u00e4<\/strong>: kaksivaiheinen ravintolis\u00e4j\u00e4rjestelm\u00e4 kapseleissa, jotka on suunniteltu syklin follikulaariseen (1-15 p\u00e4iv\u00e4\u00e4) ja luteaaliseen (16-30 p\u00e4iv\u00e4\u00e4) osaan. <strong data-start=\"205\" data-end=\"278\">Auttaa yll\u00e4pit\u00e4m\u00e4\u00e4n p\u00e4ivitt\u00e4ist\u00e4 energiaa, mielialatasapainoa ja unen laatua.<\/strong>, ja kohdeainekset valitaan silloin, kun niit\u00e4 tarvitaan eniten. L\u00e4pin\u00e4kyv\u00e4 koostumus sis\u00e4lt\u00e4\u00e4 B6- ja B12-vitamiinia, magnesiumia, sinkki\u00e4 ja seleeni\u00e4 sek\u00e4 adaptogeenej\u00e4 (rhodiola, vitex). Tieteellinen tausta: kaava perustuu <strong data-start=\"483\" data-end=\"502\">hyvin tutkittu<\/strong> ainesosia, kuten vitex (punakoiso), jota on perinteisesti k\u00e4ytetty syklin mukavuuteen, ja rhodiola, joka auttaa voittamaan v\u00e4symyksen.<\/p>\n<p data-start=\"620\" data-end=\"1028\"><strong data-start=\"620\" data-end=\"643\">Miksi valita<\/strong><br data-start=\"643\" data-end=\"646\" \/><strong data-start=\"646\" data-end=\"652\">\u2714\ufe0f<\/strong> Yhdistettyn\u00e4 syklin luonnolliseen rytmiin: erilliset kaavat p\u00e4iville 1-15 ja 16-30.<br data-start=\"727\" data-end=\"730\" \/><strong data-start=\"730\" data-end=\"736\">\u2714\ufe0f<\/strong> B6, B12, magnesium, sinkki, seleeni - p\u00e4ivitt\u00e4iseen hormonitoiminnan ja hermoston tukemiseen.<br data-start=\"819\" data-end=\"822\" \/><strong data-start=\"822\" data-end=\"828\">\u2714\ufe0f<\/strong> Adaptogeenit (rhodiola, vitex) - kohdennettuun energiaan ja PMS-oireiden lievitt\u00e4miseen.<br data-start=\"897\" data-end=\"900\" \/><strong data-start=\"900\" data-end=\"906\">\u2714\ufe0f<\/strong> Hormonivapaa, ei tarpeettomia t\u00e4yteaineita; l\u00e4pin\u00e4kyv\u00e4, vegaaninen koostumus.<br data-start=\"970\" data-end=\"973\" \/><strong data-start=\"973\" data-end=\"979\">\u2714\ufe0f<\/strong> Valmistettu Liettuassa GMP-sertifioidussa tehtaassa.<\/p>","protected":false},"featured_media":41235,"comment_status":"open","ping_status":"closed","template":"","meta":{"_acf_changed":true},"product_brand":[],"product_cat":[278,123,276],"product_tag":[],"class_list":{"0":"post-41242","1":"product","2":"type-product","3":"status-publish","4":"has-post-thumbnail","6":"product_cat-moterims","7":"product_cat-papildai-ilgaamziskumui","8":"product_cat-seksualinei-sveikatai","10":"first","11":"instock","12":"shipping-taxable","13":"purchasable","14":"product-type-simple"},"acf":[],"tiered_pricing_type":"fixed","tiered_pricing_fixed_rules":[],"tiered_pricing_product_settings":{"layout":"default","base_unit_name":{"singular":null,"plural":null},"default_variation":null},"tiered_pricing_minimum_quantity":null,"tiered_pricing_roles_data":[],"tiered_pricing_percentage_rules":[],"_links":{"self":[{"href":"https:\/\/purama.lt\/fi\/wp-json\/wp\/v2\/product\/41242","targetHints":{"allow":["GET"]}}],"collection":[{"href":"https:\/\/purama.lt\/fi\/wp-json\/wp\/v2\/product"}],"about":[{"href":"https:\/\/purama.lt\/fi\/wp-json\/wp\/v2\/types\/product"}],"replies":[{"embeddable":true,"href":"https:\/\/purama.lt\/fi\/wp-json\/wp\/v2\/comments?post=41242"}],"wp:featuredmedia":[{"embeddable":true,"href":"https:\/\/purama.lt\/fi\/wp-json\/wp\/v2\/media\/41235"}],"wp:attachment":[{"href":"https:\/\/purama.lt\/fi\/wp-json\/wp\/v2\/media?parent=41242"}],"wp:term":[{"taxonomy":"product_brand","embeddable":true,"href":"https:\/\/purama.lt\/fi\/wp-json\/wp\/v2\/product_brand?post=41242"},{"taxonomy":"product_cat","embeddable":true,"href":"https:\/\/purama.lt\/fi\/wp-json\/wp\/v2\/product_cat?post=41242"},{"taxonomy":"product_tag","embeddable":true,"href":"https:\/\/purama.lt\/fi\/wp-json\/wp\/v2\/product_tag?post=41242"}],"curies":[{"name":"wp","href":"https:\/\/api.w.org\/{rel}","templated":true}]}}