{"id":41241,"date":"2025-10-24T08:06:56","date_gmt":"2025-10-24T06:06:56","guid":{"rendered":"https:\/\/purama.lt\/produktas\/rrrbiocosmetics-ekologiskas-kelioniu-rinkinys\/"},"modified":"2026-04-23T09:42:04","modified_gmt":"2026-04-23T07:42:04","slug":"rrrbiocosmetics-ymparistoystavallinen-matkapakkaus","status":"publish","type":"product","link":"https:\/\/purama.lt\/fi\/produktas\/rrrbiocosmetics-ekologiskas-kelioniu-rinkinys\/","title":{"rendered":"RRR'biokosmetiikka Orgaaninen matkapakkaus"},"content":{"rendered":"<p><strong>K\u00e4ytt\u00f6<\/strong><br>Shampoo + hoitoaine: hiero kosteisiin hiuksiin, huuhtele ja toista tarvittaessa.<br>Suihkugeeli: levit\u00e4 kostealle iholle, vaahdota ja huuhtele.<br>Vartalovoide: levit\u00e4 puhtaalle iholle tarpeen mukaan.<br>Noudata pakkauksen ohjeita.<\/p>\n\n\n\n<p><strong>Ainesosat<\/strong><br>shampoo + hoitoaine: aqua, *aloe barbadensis leaf, natriumkokosulfaatti, kookosglukosidi, natriumkloridi, sitruunahappo, parfum, pca glyseryylioleaatti, guar hydroksipropyylitrimoniumkloridi, natriumbentsoaatti, kaliumsorbaatti, natriumfytaatti \/ suihkugeeli: natriumbentsoaatti, kaliumsorbaatti, natriumfosfaatti, natriumfosfaatti, natriumkloridi, sitruunahappo, parfum, natriumbentsoaatti, kaliumsorbaatti, natriumfytaatti \/ vartalovoide: Vesi, *aloe barbadensis leaf, caprylic\/capric triglyceride, *prunus amygdalus dulcis oil, glyceryl stearate citrate, glycerin, *butyrospermum parkii butter, parfyymi, bentsyylialkoholi, setyylialkoholi, ksantaanikumi, bentsoehappo, sitruunahappo, sorbiinihappo, natriumfytaatti.<\/p>","protected":false},"excerpt":{"rendered":"<p data-start=\"0\" data-end=\"735\"><strong data-start=\"16\" data-end=\"57\">RRR'biokosmetiikka - Orgaaninen matkapakkaus<\/strong> - k\u00e4tev\u00e4 kolmen p\u00e4ivitt\u00e4isen hygieniatuotteen setti matkalle tai urheilulaukkuun. Sis\u00e4ll\u00e4: pehme\u00e4 <strong data-start=\"158\" data-end=\"199\">shampoo + hoitoaine, jossa on aloe veraa<\/strong>, <strong data-start=\"201\" data-end=\"215\">suihkugeeli<\/strong> ja <strong data-start=\"220\" data-end=\"279\">Vartalovoide, jossa on sheavoita ja manteli\u00f6ljy\u00e4<\/strong>. Kaavat vastaavat <strong data-start=\"299\" data-end=\"317\">COSMOS ORGANIC<\/strong> kriteerit, ovat <strong data-start=\"334\" data-end=\"343\">vegaani<\/strong> ja <strong data-start=\"347\" data-end=\"372\">biohajoava<\/strong>; kasvikomponentit ovat per\u00e4isin luomutiloilta. Alumiinipakkaus 100 % on kierr\u00e4tett\u00e4v\u00e4, ja tuotemerkill\u00e4 on Bring It Back -ohjelma. Setti on miellytt\u00e4v\u00e4 <strong data-start=\"539\" data-end=\"555\">kukka-hedelm\u00e4<\/strong> tuoksu, sopii my\u00f6s kuivalle ja herk\u00e4lle iholle. Perustuu hyvin tutkittuihin ainesosiin <strong data-start=\"634\" data-end=\"657\">aloe vera (aloe vera)<\/strong>, joka auttaa kosteuttamaan ja rauhoittamaan ihoa ja p\u00e4\u00e4nahkaa. \u00c4l\u00e4 kirjoita painoa\/tilavuutta.<\/p>\n<p data-start=\"737\" data-end=\"1066\"><strong data-start=\"737\" data-end=\"760\">Miksi valita<\/strong><br data-start=\"760\" data-end=\"763\" \/>\u2714\ufe0f 3 olennaista tarviketta yhdess\u00e4 laatikossa - k\u00e4tev\u00e4 matkoilla.<br data-start=\"821\" data-end=\"824\" \/>\u2714\ufe0f Certified by <strong data-start=\"846\" data-end=\"864\">COSMOS ORGANIC<\/strong>, vegaaninen, ei mikromuoveja<br data-start=\"889\" data-end=\"892\" \/>\u2714\ufe0f Hell\u00e4varaiset, iho- ja hiusyst\u00e4v\u00e4lliset koostumukset p\u00e4ivitt\u00e4iseen k\u00e4ytt\u00f6\u00f6n.<br data-start=\"963\" data-end=\"966\" \/>\u2714\ufe0f 100 % Kierr\u00e4tett\u00e4v\u00e4t alumiinis\u00e4ili\u00f6t ja pakkausten takaisinotto-ohjelma<br data-start=\"1031\" data-end=\"1034\" \/>\u2714\ufe0f Miellytt\u00e4v\u00e4 kukka-hedelm\u00e4 tuoksu<\/p>","protected":false},"featured_media":41237,"comment_status":"open","ping_status":"closed","template":"","meta":{"_acf_changed":false},"product_brand":[],"product_cat":[92,57,393,386,387,300,304,307],"product_tag":[],"class_list":{"0":"post-41241","1":"product","2":"type-product","3":"status-publish","4":"has-post-thumbnail","6":"product_cat-groziui","7":"product_cat-akcijos","8":"product_cat-dovanu-idejos","9":"product_cat-duso-zeles","10":"product_cat-kuno-losjonai","11":"product_cat-kunui","12":"product_cat-plaukams","13":"product_cat-plauku-sampunai","15":"first","16":"instock","17":"sale","18":"shipping-taxable","19":"purchasable","20":"product-type-simple"},"acf":[],"tiered_pricing_type":"fixed","tiered_pricing_fixed_rules":[],"tiered_pricing_product_settings":{"layout":"default","base_unit_name":{"singular":null,"plural":null},"default_variation":null},"tiered_pricing_minimum_quantity":null,"tiered_pricing_roles_data":[],"tiered_pricing_percentage_rules":[],"_links":{"self":[{"href":"https:\/\/purama.lt\/fi\/wp-json\/wp\/v2\/product\/41241","targetHints":{"allow":["GET"]}}],"collection":[{"href":"https:\/\/purama.lt\/fi\/wp-json\/wp\/v2\/product"}],"about":[{"href":"https:\/\/purama.lt\/fi\/wp-json\/wp\/v2\/types\/product"}],"replies":[{"embeddable":true,"href":"https:\/\/purama.lt\/fi\/wp-json\/wp\/v2\/comments?post=41241"}],"wp:featuredmedia":[{"embeddable":true,"href":"https:\/\/purama.lt\/fi\/wp-json\/wp\/v2\/media\/41237"}],"wp:attachment":[{"href":"https:\/\/purama.lt\/fi\/wp-json\/wp\/v2\/media?parent=41241"}],"wp:term":[{"taxonomy":"product_brand","embeddable":true,"href":"https:\/\/purama.lt\/fi\/wp-json\/wp\/v2\/product_brand?post=41241"},{"taxonomy":"product_cat","embeddable":true,"href":"https:\/\/purama.lt\/fi\/wp-json\/wp\/v2\/product_cat?post=41241"},{"taxonomy":"product_tag","embeddable":true,"href":"https:\/\/purama.lt\/fi\/wp-json\/wp\/v2\/product_tag?post=41241"}],"curies":[{"name":"wp","href":"https:\/\/api.w.org\/{rel}","templated":true}]}}