{"id":41240,"date":"2025-10-24T08:06:55","date_gmt":"2025-10-24T06:06:55","guid":{"rendered":"https:\/\/purama.lt\/produktas\/duschkind-happy-moments-veganiskas-kosmetikos-rinkinys\/"},"modified":"2026-04-22T12:20:48","modified_gmt":"2026-04-22T10:20:48","slug":"duschkind-happy-moments-vegaaninen-kosmetiikkasetti","status":"publish","type":"product","link":"https:\/\/purama.lt\/fi\/produktas\/duschkind-happy-moments-veganiskas-kosmetikos-rinkinys\/","title":{"rendered":"Duschkind Happy Moments vegaaninen kosmetiikkasetti"},"content":{"rendered":"<p><strong>K\u00e4ytt\u00f6<\/strong><br>Kostuta hiukset ja shampoota, vaahdota, hiero hiuspohjaan ja hiuksiin, huuhtele.<br>Kostuta hoitoaine kevyesti, levit\u00e4 se puhtaisiin, kosteisiin hiuksiin (erityisesti latvoihin), anna vaikuttaa 1-3 minuuttia ja huuhtele hyvin.<br>Anna k\u00e4yt\u00f6n j\u00e4lkeen kuivua luffa-alustalla; s\u00e4ilyt\u00e4 kuivassa paikassa puulaatikossa.<\/p>\n\n\n\n<p><strong>Ainesosat<\/strong><br>aloe vera solid shampoo: natriumkokoisyyli-isetionaatti, butyrospermum parkii -voi, theobroma cacaon siemenvoi, glyseriini, parfum, aloe barbadensis -lehtiuute, pantenoli, distearoyletyylidimoniumkloridi, guar-hydroksipropyylitrimoniumkloridi, ketearyylialkoholi, setyylialkoholi, glysiinisoija\u00f6ljy, tokoferoli, montmorilloniitti, kaoliini, ci 77007, kiinte\u00e4 hoitoaine: cetyylialkoholi, cocos nucifera -\u00f6ljy, natriumkokoisyyli-isetionaatti, crambe abyssinican siemen\u00f6ljy, brassica oleracea italica - siemen\u00f6ljy, behentrimoniumkloridi, hydrattu etyyliheksyyliolivatti, aqua, parfum, hydrolysoitu riisiproteiini, hydrattu oliivi\u00f6ljy, saippuoitumattomat aineet, isopropyylialkoholi, gardenia taitensis -kukkauute, tokoferoli.<\/p>","protected":false},"excerpt":{"rendered":"<p data-start=\"0\" data-end=\"529\"><strong data-start=\"16\" data-end=\"68\">Duschkind - Lahjapakkaus kiinte\u00e4 shampoo ja hoitoaine<\/strong> T\u00e4m\u00e4 on kest\u00e4v\u00e4 lahjasetti, jossa on kova <strong data-start=\"105\" data-end=\"125\">Aloe Vera 4-in-1<\/strong> shampoo, kiinte\u00e4 hoitoaine, puinen s\u00e4ilytyslaatikko ja kuivaustyyny. Shampoo pesee hell\u00e4varaisesti, vaahtoaa ja sopii p\u00e4ivitt\u00e4iseen rutiiniin, kun taas kasvi\u00f6ljyj\u00e4 sis\u00e4lt\u00e4v\u00e4 hoitoaine tekee detanglingista helpompaa ja sile\u00e4mp\u00e4\u00e4. Muovitonta, matka- ja arkiyst\u00e4v\u00e4llist\u00e4. <strong data-start=\"416\" data-end=\"429\">Aloe vera<\/strong> ja pH-tasapainotettu koostumus auttaa yll\u00e4pit\u00e4m\u00e4\u00e4n hiusten ja hiuspohjan hyvinvointia ilman sulfaatteja ja silikoneja.<\/p>\n<p data-start=\"531\" data-end=\"925\"><strong data-start=\"531\" data-end=\"554\">Miksi valita<\/strong><br data-start=\"554\" data-end=\"557\" \/><strong data-start=\"557\" data-end=\"563\">\u2714\ufe0f<\/strong> Valmis antamaan: koristeltu laatikko, tarvikkeet sis\u00e4ll\u00e4<br data-start=\"614\" data-end=\"617\" \/><strong data-start=\"617\" data-end=\"623\">\u2714\ufe0f<\/strong> Kiinte\u00e4 4-in-1 shampoo: shampoo, suihkugeeli, hoitava ja parranajovaahtotoiminto.<br data-start=\"711\" data-end=\"714\" \/><strong data-start=\"714\" data-end=\"720\">\u2714\ufe0f<\/strong> Kiinte\u00e4 hoitoaine, jossa on kasvi\u00f6ljyj\u00e4 irrottamisen helpottamiseksi.<br data-start=\"791\" data-end=\"794\" \/><strong data-start=\"794\" data-end=\"800\">\u2714\ufe0f<\/strong> Puinen laatikko ja tynnyrilokero puhdasta ja nopeaa kuivausta varten.<br data-start=\"864\" data-end=\"867\" \/><strong data-start=\"867\" data-end=\"873\">\u2714\ufe0f<\/strong> Kest\u00e4v\u00e4, muoviton pakkaus; sulfaatiton, silikoniton.<\/p>","protected":false},"featured_media":41236,"comment_status":"open","ping_status":"closed","template":"","meta":{"_acf_changed":false},"product_brand":[],"product_cat":[92,500,304,307],"product_tag":[],"class_list":{"0":"post-41240","1":"product","2":"type-product","3":"status-publish","4":"has-post-thumbnail","6":"product_cat-groziui","7":"product_cat-outlet","8":"product_cat-plaukams","9":"product_cat-plauku-sampunai","11":"first","12":"instock","13":"sale","14":"shipping-taxable","15":"purchasable","16":"product-type-simple"},"acf":[],"tiered_pricing_type":"fixed","tiered_pricing_fixed_rules":[],"tiered_pricing_product_settings":{"layout":"default","base_unit_name":{"singular":null,"plural":null},"default_variation":null},"tiered_pricing_minimum_quantity":null,"tiered_pricing_roles_data":[],"tiered_pricing_percentage_rules":[],"_links":{"self":[{"href":"https:\/\/purama.lt\/fi\/wp-json\/wp\/v2\/product\/41240","targetHints":{"allow":["GET"]}}],"collection":[{"href":"https:\/\/purama.lt\/fi\/wp-json\/wp\/v2\/product"}],"about":[{"href":"https:\/\/purama.lt\/fi\/wp-json\/wp\/v2\/types\/product"}],"replies":[{"embeddable":true,"href":"https:\/\/purama.lt\/fi\/wp-json\/wp\/v2\/comments?post=41240"}],"wp:featuredmedia":[{"embeddable":true,"href":"https:\/\/purama.lt\/fi\/wp-json\/wp\/v2\/media\/41236"}],"wp:attachment":[{"href":"https:\/\/purama.lt\/fi\/wp-json\/wp\/v2\/media?parent=41240"}],"wp:term":[{"taxonomy":"product_brand","embeddable":true,"href":"https:\/\/purama.lt\/fi\/wp-json\/wp\/v2\/product_brand?post=41240"},{"taxonomy":"product_cat","embeddable":true,"href":"https:\/\/purama.lt\/fi\/wp-json\/wp\/v2\/product_cat?post=41240"},{"taxonomy":"product_tag","embeddable":true,"href":"https:\/\/purama.lt\/fi\/wp-json\/wp\/v2\/product_tag?post=41240"}],"curies":[{"name":"wp","href":"https:\/\/api.w.org\/{rel}","templated":true}]}}