{"id":41239,"date":"2025-10-24T08:06:54","date_gmt":"2025-10-24T06:06:54","guid":{"rendered":"https:\/\/purama.lt\/produktas\/duschkind-happiness-veganiskas-kosmetikos-rinkinys\/"},"modified":"2026-04-22T12:21:02","modified_gmt":"2026-04-22T10:21:02","slug":"duschkind-happiness-vegaaninen-kosmetiikkapakkaus","status":"publish","type":"product","link":"https:\/\/purama.lt\/fi\/produktas\/duschkind-happiness-veganiskas-kosmetikos-rinkinys\/","title":{"rendered":"Duschkind Happiness vegaaninen kosmetiikkapakkaus"},"content":{"rendered":"<p><strong>K\u00e4ytt\u00f6<\/strong><br>Kostuta hiukset ja shampoopalkki, vaahdota, hiero ja huuhtele.<br>Levit\u00e4 hoitoaine puhtaisiin, kosteisiin hiuksiin (erityisesti hiusten p\u00e4ihin), pid\u00e4 sit\u00e4 hetki ja huuhtele.<br>Anna k\u00e4yt\u00f6n j\u00e4lkeen kuivua luffa-alustalla; s\u00e4ilyt\u00e4 kuivassa paikassa puulaatikossa.<br>Jos sinulla on ep\u00e4ilyksi\u00e4 yksitt\u00e4isist\u00e4 ohjeista - <strong>noudata pakkauksen ohjeita.<\/strong><\/p>\n\n\n\n<p><strong>Ainesosat<\/strong><br>ei m\u00e4\u00e4ritelty - katso pakkaus (INCI)<\/p>\n\n\n\n<p>Tarvitsemme tietoja:<br>- Kiinte\u00e4n shampoon t\u00e4ydellinen INCI-luettelo<br>- Kiinte\u00e4n hoitoaineen t\u00e4ydellinen INCI-luettelo<br>- Erottuvat hajun vivahteet (jos valmistaja on m\u00e4\u00e4ritellyt ne).<\/p>","protected":false},"excerpt":{"rendered":"<p data-start=\"0\" data-end=\"542\"><strong data-start=\"16\" data-end=\"68\">Duschkind - Lahjapakkaus kiinte\u00e4 shampoo ja hoitoaine<\/strong> T\u00e4m\u00e4 on kauniisti pakattu lahjapakkaus, jossa on kova <strong data-start=\"114\" data-end=\"134\">Aloe Vera 4-in-1<\/strong> shampoo, kiinte\u00e4 hoitoaine normaaleille hiuksille, puinen matkalaukku ja pesusieni. Shampoo pesee ja vaahtoaa hell\u00e4varaisesti, hoitoaine helpottaa ja silottaa irrottamista, ja lis\u00e4osat helpottavat k\u00e4ytt\u00f6\u00e4 ja kuivaamista. <strong data-start=\"388\" data-end=\"401\">Aloe vera<\/strong> - hyvin tutkittu kosteuttava ainesosa, joka auttaa yll\u00e4pit\u00e4m\u00e4\u00e4n p\u00e4\u00e4nahan hyvinvointia. Muoviton, k\u00e4yt\u00e4nn\u00f6llinen ja valmis lahjaksi.<\/p>\n<p data-start=\"544\" data-end=\"902\"><strong data-start=\"544\" data-end=\"567\">Miksi valita<\/strong><br data-start=\"567\" data-end=\"570\" \/><strong data-start=\"570\" data-end=\"576\">\u2714\ufe0f<\/strong> Valmis antamaan: laatikko, jossa on sis\u00e4paperi ja tarvikkeet.<br data-start=\"635\" data-end=\"638\" \/><strong data-start=\"638\" data-end=\"644\">\u2714\ufe0f<\/strong> Kiinte\u00e4 shampoo ja hoitoaine - kustannustehokas ja matkustusyst\u00e4v\u00e4llinen.<br data-start=\"712\" data-end=\"715\" \/><strong data-start=\"715\" data-end=\"721\">\u2714\ufe0f<\/strong> Puinen s\u00e4ilytyslaatikko, tynnyrilokero nopeuttaa kuivumista.<br data-start=\"787\" data-end=\"790\" \/><strong data-start=\"790\" data-end=\"796\">\u2714\ufe0f<\/strong> Mieto, miellytt\u00e4v\u00e4 tuoksu ilman \u201eraskasta\u201c tunnetta.<br data-start=\"841\" data-end=\"844\" \/><strong data-start=\"844\" data-end=\"850\">\u2714\ufe0f<\/strong> V\u00e4hemm\u00e4n muovia pakkauksissa, yksinkertainen p\u00e4ivitt\u00e4inen rutiini<\/p>","protected":false},"featured_media":41234,"comment_status":"open","ping_status":"closed","template":"","meta":{"_acf_changed":false},"product_brand":[],"product_cat":[92,500,304,307],"product_tag":[],"class_list":{"0":"post-41239","1":"product","2":"type-product","3":"status-publish","4":"has-post-thumbnail","6":"product_cat-groziui","7":"product_cat-outlet","8":"product_cat-plaukams","9":"product_cat-plauku-sampunai","11":"first","12":"instock","13":"sale","14":"shipping-taxable","15":"purchasable","16":"product-type-simple"},"acf":[],"tiered_pricing_type":"fixed","tiered_pricing_fixed_rules":[],"tiered_pricing_product_settings":{"layout":"default","base_unit_name":{"singular":null,"plural":null},"default_variation":null},"tiered_pricing_minimum_quantity":null,"tiered_pricing_roles_data":[],"tiered_pricing_percentage_rules":[],"_links":{"self":[{"href":"https:\/\/purama.lt\/fi\/wp-json\/wp\/v2\/product\/41239","targetHints":{"allow":["GET"]}}],"collection":[{"href":"https:\/\/purama.lt\/fi\/wp-json\/wp\/v2\/product"}],"about":[{"href":"https:\/\/purama.lt\/fi\/wp-json\/wp\/v2\/types\/product"}],"replies":[{"embeddable":true,"href":"https:\/\/purama.lt\/fi\/wp-json\/wp\/v2\/comments?post=41239"}],"wp:featuredmedia":[{"embeddable":true,"href":"https:\/\/purama.lt\/fi\/wp-json\/wp\/v2\/media\/41234"}],"wp:attachment":[{"href":"https:\/\/purama.lt\/fi\/wp-json\/wp\/v2\/media?parent=41239"}],"wp:term":[{"taxonomy":"product_brand","embeddable":true,"href":"https:\/\/purama.lt\/fi\/wp-json\/wp\/v2\/product_brand?post=41239"},{"taxonomy":"product_cat","embeddable":true,"href":"https:\/\/purama.lt\/fi\/wp-json\/wp\/v2\/product_cat?post=41239"},{"taxonomy":"product_tag","embeddable":true,"href":"https:\/\/purama.lt\/fi\/wp-json\/wp\/v2\/product_tag?post=41239"}],"curies":[{"name":"wp","href":"https:\/\/api.w.org\/{rel}","templated":true}]}}