{"id":41118,"date":"2025-10-22T09:52:11","date_gmt":"2025-10-22T07:52:11","guid":{"rendered":"https:\/\/purama.lt\/produktas\/idc-institute-kaledinis-dovanu-rinkinys\/"},"modified":"2026-04-22T12:21:21","modified_gmt":"2026-04-22T10:21:21","slug":"idc-instituutin-joululahjasetti","status":"publish","type":"product","link":"https:\/\/purama.lt\/fi\/produktas\/idc-institute-kaledinis-dovanu-rinkinys\/","title":{"rendered":"Idc Institute joululahjasetti"},"content":{"rendered":"<p><strong>K\u00e4ytt\u00f6<\/strong><br>Pudota yksi kylpypommi l\u00e4mpim\u00e4\u00e4n veteen ja anna liueta kokonaan, nauti kylvyst\u00e4; huuhtele kylpyamme sen j\u00e4lkeen.<br>Noudata pakkauksen ohjeita.<\/p>\n\n\n\n<p><strong>Ainesosat<\/strong><br>tietoja ei ole annettu, katso pakkauksen etiketti.<\/p>","protected":false},"excerpt":{"rendered":"<p data-start=\"0\" data-end=\"492\"><strong data-start=\"16\" data-end=\"71\">IDC Institute - Joulu keksej\u00e4 (b\/bomb\/2kpl)<\/strong>: juhlava <strong data-start=\"111\" data-end=\"147\">setti kuohuvia kylpypommeja<\/strong>, joka yst\u00e4v\u00e4llisesti <strong data-start=\"164\" data-end=\"189\">pehment\u00e4\u00e4 ja kirkastaa<\/strong> Kylpyrituaali, joka j\u00e4tt\u00e4\u00e4 pehme\u00e4n tunteen ja kevyen tuoksun. Keksien lahjapakkaus on k\u00e4tev\u00e4 tapa toivottaa tervetulleeksi tai hemmotella itse\u00e4si kotona. Vaahtoavien pommien vaikutus perustuu yleens\u00e4 seuraaviin tekij\u00f6ihin <strong data-start=\"373\" data-end=\"425\">natriumvetykarbonaatti ja sitruunahappo<\/strong> vuorovaikutussuhteet, jotka saavat aikaan kuplimista ja auttavat pehment\u00e4m\u00e4\u00e4n vett\u00e4.<\/p>\n<p data-start=\"494\" data-end=\"707\"><strong data-start=\"494\" data-end=\"517\">Miksi valita<\/strong><br data-start=\"517\" data-end=\"520\" \/><strong data-start=\"520\" data-end=\"526\">\u2714\ufe0f<\/strong> Nopea, miellytt\u00e4v\u00e4 vaahtoava vaikutus kotikylpyl\u00e4ss\u00e4<br data-start=\"569\" data-end=\"572\" \/><strong data-start=\"572\" data-end=\"578\">\u2714\ufe0f<\/strong> Pehment\u00e4\u00e4 ihoa ja antaa mukavuuden tunteen.<br data-start=\"620\" data-end=\"623\" \/><strong data-start=\"623\" data-end=\"629\">\u2714\ufe0f<\/strong> K\u00e4tev\u00e4 keksien lahjapakkaus<br data-start=\"668\" data-end=\"671\" \/><strong data-start=\"671\" data-end=\"677\">\u2714\ufe0f<\/strong> Helppo k\u00e4ytt\u00e4\u00e4 koko perheelle<\/p>","protected":false},"featured_media":41106,"comment_status":"open","ping_status":"closed","template":"","meta":{"_acf_changed":false},"product_brand":[431],"product_cat":[61,92,300,500],"product_tag":[],"class_list":{"0":"post-41118","1":"product","2":"type-product","3":"status-publish","4":"has-post-thumbnail","6":"product_brand-idc-institute","7":"product_cat-ramybei","8":"product_cat-groziui","9":"product_cat-kunui","10":"product_cat-outlet","12":"first","13":"instock","14":"sale","15":"shipping-taxable","16":"purchasable","17":"product-type-simple"},"acf":[],"tiered_pricing_type":"fixed","tiered_pricing_fixed_rules":[],"tiered_pricing_product_settings":{"layout":"default","base_unit_name":{"singular":null,"plural":null},"default_variation":null},"tiered_pricing_minimum_quantity":null,"tiered_pricing_roles_data":[],"tiered_pricing_percentage_rules":[],"_links":{"self":[{"href":"https:\/\/purama.lt\/fi\/wp-json\/wp\/v2\/product\/41118","targetHints":{"allow":["GET"]}}],"collection":[{"href":"https:\/\/purama.lt\/fi\/wp-json\/wp\/v2\/product"}],"about":[{"href":"https:\/\/purama.lt\/fi\/wp-json\/wp\/v2\/types\/product"}],"replies":[{"embeddable":true,"href":"https:\/\/purama.lt\/fi\/wp-json\/wp\/v2\/comments?post=41118"}],"wp:featuredmedia":[{"embeddable":true,"href":"https:\/\/purama.lt\/fi\/wp-json\/wp\/v2\/media\/41106"}],"wp:attachment":[{"href":"https:\/\/purama.lt\/fi\/wp-json\/wp\/v2\/media?parent=41118"}],"wp:term":[{"taxonomy":"product_brand","embeddable":true,"href":"https:\/\/purama.lt\/fi\/wp-json\/wp\/v2\/product_brand?post=41118"},{"taxonomy":"product_cat","embeddable":true,"href":"https:\/\/purama.lt\/fi\/wp-json\/wp\/v2\/product_cat?post=41118"},{"taxonomy":"product_tag","embeddable":true,"href":"https:\/\/purama.lt\/fi\/wp-json\/wp\/v2\/product_tag?post=41118"}],"curies":[{"name":"wp","href":"https:\/\/api.w.org\/{rel}","templated":true}]}}