{"id":41117,"date":"2025-10-22T09:52:10","date_gmt":"2025-10-22T07:52:10","guid":{"rendered":"https:\/\/purama.lt\/produktas\/idc-institute-hidrogeline-lupu-kauke-su-kolagenu\/"},"modified":"2026-03-18T11:12:30","modified_gmt":"2026-03-18T09:12:30","slug":"idc-institute-hydrogeline-lupus-naamio-kollageenilla","status":"publish","type":"product","link":"https:\/\/purama.lt\/fi\/produktas\/idc-institute-hidrogeline-lupu-kauke-su-kolagenu\/","title":{"rendered":"Idc Institute Hydrogeeli huuli naamio kollageenin kanssa"},"content":{"rendered":"<p><strong>K\u00e4ytt\u00f6<\/strong><br>Levit\u00e4 puhtaille, kuiville huulille ja anna vaikuttaa hetki; poista ja hiero j\u00e4\u00e4m\u00e4t varovasti pois.<br>Varoitukset: Vain ulkoiseen k\u00e4ytt\u00f6\u00f6n; v\u00e4lt\u00e4 kosketusta silmiin; <strong>\u00c4l\u00e4 k\u00e4yt\u00e4 \u00e4rtyneelle tai vahingoittuneelle iholle<\/strong>; jos \u00e4rsytt\u00e4\u00e4, lopeta. Noudata pakkauksen ohjeita.<\/p>\n\n\n\n<p><strong>Ainesosat<\/strong><br>aqua (vesi), glyseriini, sorbitoli, chondrus crispus, trehaloosi, glukomannaani, kaliumkloridi, 1,2-heksaanidioli, hydroksiasetofenoni, polyglyseryyli-6-kaprylaatti, proliini, parfum (tuoksu), prunus avium -hedelm\u00e4uute, fenoksietanoli, etyyliheksyyliglyseriini, kofeiini, syklodekstriini, natriumhyaluronaatti, heksyylikinnamali, fd&amp;c red no.<\/p>","protected":false},"excerpt":{"rendered":"<p data-start=\"0\" data-end=\"479\"><strong data-start=\"16\" data-end=\"70\">IDC Institute - Glitter Lip Vaaleanpunainen hydrogeelinen huulinaamio<\/strong>: <strong data-start=\"100\" data-end=\"126\">hydrogeeli huuli naamio<\/strong> hennon vaaleanpunaisen hehkun, joka auttaa <strong data-start=\"170\" data-end=\"214\">kosteuttavat, pehment\u00e4v\u00e4t ja antavat mukavuutta<\/strong> kuiville, halkeileville huulille. Hydrogeelipohja tarttuu hyvin ja s\u00e4ilytt\u00e4\u00e4 kosteuden, mik\u00e4 tekee rituaalista nopean ja miellytt\u00e4v\u00e4n. Perustuu hyvin tutkittuihin kosteusvoiteisiin - <strong data-start=\"377\" data-end=\"390\">glyseroli<\/strong> ja <strong data-start=\"394\" data-end=\"416\">natriumhyaluronaatti<\/strong>, jotka auttavat houkuttelemaan ja s\u00e4ilytt\u00e4m\u00e4\u00e4n vett\u00e4 ihon pinnalla.<\/p>\n<p data-start=\"481\" data-end=\"729\"><strong data-start=\"481\" data-end=\"504\">Miksi valita<\/strong><br data-start=\"504\" data-end=\"507\" \/><strong data-start=\"507\" data-end=\"513\">\u2714\ufe0f<\/strong> Nopea apu kuiville, karheille huulille<br data-start=\"556\" data-end=\"559\" \/><strong data-start=\"559\" data-end=\"565\">\u2714\ufe0f<\/strong> Hydrogeelinaamari istuu mukavasti eik\u00e4 vuoda.<br data-start=\"613\" data-end=\"616\" \/><strong data-start=\"616\" data-end=\"622\">\u2714\ufe0f<\/strong> Glyseriini + natriumhyaluronaatti kosteuttaa ja pehment\u00e4\u00e4.<br data-start=\"676\" data-end=\"679\" \/><strong data-start=\"679\" data-end=\"685\">\u2714\ufe0f<\/strong> Hienovarainen hehku miellytt\u00e4v\u00e4\u00e4n kauneusrituaaliin.<\/p>","protected":false},"featured_media":42484,"comment_status":"open","ping_status":"closed","template":"","meta":{"_acf_changed":false},"product_brand":[431],"product_cat":[182,57,92,59],"product_tag":[],"class_list":{"0":"post-41117","1":"product","2":"type-product","3":"status-publish","4":"has-post-thumbnail","6":"product_brand-idc-institute","7":"product_cat-lupu-kaukes","8":"product_cat-akcijos","9":"product_cat-groziui","10":"product_cat-veidui","12":"first","13":"instock","14":"sale","15":"shipping-taxable","16":"purchasable","17":"product-type-simple"},"acf":[],"tiered_pricing_type":"fixed","tiered_pricing_fixed_rules":[],"tiered_pricing_product_settings":{"layout":"default","base_unit_name":{"singular":null,"plural":null},"default_variation":null},"tiered_pricing_minimum_quantity":null,"tiered_pricing_roles_data":[],"tiered_pricing_percentage_rules":[],"_links":{"self":[{"href":"https:\/\/purama.lt\/fi\/wp-json\/wp\/v2\/product\/41117","targetHints":{"allow":["GET"]}}],"collection":[{"href":"https:\/\/purama.lt\/fi\/wp-json\/wp\/v2\/product"}],"about":[{"href":"https:\/\/purama.lt\/fi\/wp-json\/wp\/v2\/types\/product"}],"replies":[{"embeddable":true,"href":"https:\/\/purama.lt\/fi\/wp-json\/wp\/v2\/comments?post=41117"}],"wp:featuredmedia":[{"embeddable":true,"href":"https:\/\/purama.lt\/fi\/wp-json\/wp\/v2\/media\/42484"}],"wp:attachment":[{"href":"https:\/\/purama.lt\/fi\/wp-json\/wp\/v2\/media?parent=41117"}],"wp:term":[{"taxonomy":"product_brand","embeddable":true,"href":"https:\/\/purama.lt\/fi\/wp-json\/wp\/v2\/product_brand?post=41117"},{"taxonomy":"product_cat","embeddable":true,"href":"https:\/\/purama.lt\/fi\/wp-json\/wp\/v2\/product_cat?post=41117"},{"taxonomy":"product_tag","embeddable":true,"href":"https:\/\/purama.lt\/fi\/wp-json\/wp\/v2\/product_tag?post=41117"}],"curies":[{"name":"wp","href":"https:\/\/api.w.org\/{rel}","templated":true}]}}