{"id":41114,"date":"2025-10-22T09:52:08","date_gmt":"2025-10-22T07:52:08","guid":{"rendered":"https:\/\/purama.lt\/produktas\/idc-institute-paakiu-pagalveles\/"},"modified":"2026-04-10T13:03:31","modified_gmt":"2026-04-10T11:03:31","slug":"idc-instituutin-silmatyynyt","status":"publish","type":"product","link":"https:\/\/purama.lt\/fi\/produktas\/idc-institute-paakiu-pagalveles\/","title":{"rendered":"Idc Institute Silm\u00e4tyynyt"},"content":{"rendered":"<p><strong>K\u00e4ytt\u00f6<\/strong><br>Levit\u00e4 laastaria puhtaalle, kuivalle iholle silmien alle ja levit\u00e4 tarpeen mukaan.<br>Kun olet poistanut seerumin, hiero j\u00e4ljelle j\u00e4\u00e4nyt seerumi varovasti ihoon huuhtelematta.<br>Noudata pakkauksen ohjeita.<\/p>\n\n\n\n<p><strong>Ainesosat<\/strong><br>tietoja ei ole annettu, katso pakkauksen etiketti.<\/p>","protected":false},"excerpt":{"rendered":"<p data-start=\"0\" data-end=\"371\"><strong data-start=\"16\" data-end=\"58\">IDC Institute - C-muotoiset silm\u00e4tyynyt sininen<\/strong>: <strong data-start=\"88\" data-end=\"131\">hydrogeeliset C-muotoiset silm\u00e4laput<\/strong>, jotka istuvat mukavasti ihoa vasten, auttaen <strong data-start=\"176\" data-end=\"231\">kosteuttaa, virkist\u00e4\u00e4 ja v\u00e4hent\u00e4\u00e4 turvotusta silm\u00e4m\u00e4\u00e4r\u00e4isesti<\/strong> ja v\u00e4symyksen merkkej\u00e4. Hohtava muotoilu miellytt\u00e4v\u00e4\u00e4 kauneusrituaalia varten kotona. Hydrogeelipohja auttaa s\u00e4ilytt\u00e4m\u00e4\u00e4n kosteuden ihon pinnalla.<\/p>\n<p data-start=\"373\" data-end=\"623\"><strong data-start=\"373\" data-end=\"396\">Miksi valita<\/strong><br data-start=\"396\" data-end=\"399\" \/><strong data-start=\"399\" data-end=\"405\">\u2714\ufe0f<\/strong> C-muotoinen muotoilu peitt\u00e4\u00e4 mukavasti silm\u00e4nymp\u00e4rysihon.<br data-start=\"451\" data-end=\"454\" \/><strong data-start=\"454\" data-end=\"460\">\u2714\ufe0f<\/strong> Tarjoaa v\u00e4litt\u00f6m\u00e4n raikkauden ja mukavuuden tunteen.<br data-start=\"502\" data-end=\"505\" \/><strong data-start=\"505\" data-end=\"511\">\u2714\ufe0f<\/strong> Auttaa visuaalisesti v\u00e4hent\u00e4m\u00e4\u00e4n pusseja ja tummentumia.<br data-start=\"564\" data-end=\"567\" \/><strong data-start=\"567\" data-end=\"573\">\u2714\ufe0f<\/strong> K\u00e4tev\u00e4 k\u00e4ytt\u00e4\u00e4 kotona ennen meikki\u00e4 tai meikin j\u00e4lkeen<\/p>","protected":false},"featured_media":41102,"comment_status":"open","ping_status":"closed","template":"","meta":{"_acf_changed":false},"product_brand":[431],"product_cat":[92,57,142,59],"product_tag":[],"class_list":{"0":"post-41114","1":"product","2":"type-product","3":"status-publish","4":"has-post-thumbnail","6":"product_brand-idc-institute","7":"product_cat-groziui","8":"product_cat-akcijos","9":"product_cat-veido-kaukes","10":"product_cat-veidui","12":"first","13":"instock","14":"sale","15":"shipping-taxable","16":"purchasable","17":"product-type-simple"},"acf":[],"tiered_pricing_type":"fixed","tiered_pricing_fixed_rules":[],"tiered_pricing_product_settings":{"layout":"default","base_unit_name":{"singular":null,"plural":null},"default_variation":null},"tiered_pricing_minimum_quantity":null,"tiered_pricing_roles_data":[],"tiered_pricing_percentage_rules":[],"_links":{"self":[{"href":"https:\/\/purama.lt\/fi\/wp-json\/wp\/v2\/product\/41114","targetHints":{"allow":["GET"]}}],"collection":[{"href":"https:\/\/purama.lt\/fi\/wp-json\/wp\/v2\/product"}],"about":[{"href":"https:\/\/purama.lt\/fi\/wp-json\/wp\/v2\/types\/product"}],"replies":[{"embeddable":true,"href":"https:\/\/purama.lt\/fi\/wp-json\/wp\/v2\/comments?post=41114"}],"wp:featuredmedia":[{"embeddable":true,"href":"https:\/\/purama.lt\/fi\/wp-json\/wp\/v2\/media\/41102"}],"wp:attachment":[{"href":"https:\/\/purama.lt\/fi\/wp-json\/wp\/v2\/media?parent=41114"}],"wp:term":[{"taxonomy":"product_brand","embeddable":true,"href":"https:\/\/purama.lt\/fi\/wp-json\/wp\/v2\/product_brand?post=41114"},{"taxonomy":"product_cat","embeddable":true,"href":"https:\/\/purama.lt\/fi\/wp-json\/wp\/v2\/product_cat?post=41114"},{"taxonomy":"product_tag","embeddable":true,"href":"https:\/\/purama.lt\/fi\/wp-json\/wp\/v2\/product_tag?post=41114"}],"curies":[{"name":"wp","href":"https:\/\/api.w.org\/{rel}","templated":true}]}}