{"id":41113,"date":"2025-10-22T09:52:07","date_gmt":"2025-10-22T07:52:07","guid":{"rendered":"https:\/\/purama.lt\/produktas\/idc-institute-drekinanti-pedu-kauke\/"},"modified":"2026-04-23T07:30:24","modified_gmt":"2026-04-23T05:30:24","slug":"idc-instituutin-pedikkonaamio","status":"publish","type":"product","link":"https:\/\/purama.lt\/fi\/produktas\/idc-institute-drekinanti-pedu-kauke\/","title":{"rendered":"Idc Institute Kosteuttava jalkanaamio"},"content":{"rendered":"<p><strong>K\u00e4ytt\u00f6<\/strong><br>Laita sukkanaamio puhtaisiin, kuiviin jalkoihin ja anna vaikuttaa pakkauksen ohjeiden mukaisesti; kun olet poistanut naamion, hiero mahdolliset j\u00e4\u00e4m\u00e4t pois, \u00e4l\u00e4 huuhtele.<br>Varoitukset: Vain ulkoiseen k\u00e4ytt\u00f6\u00f6n, v\u00e4lt\u00e4 kosketusta silmiin, <strong>\u00e4l\u00e4 levit\u00e4 rikkin\u00e4iselle tai \u00e4rtyneelle iholle<\/strong>; lopeta, jos \u00e4rsytt\u00e4\u00e4.<br>Noudata pakkauksen ohjeita.<\/p>\n\n\n\n<p><strong>Ainesosat<\/strong><br>aqua (vesi), sorbitoli, paraffinum liquidum (mineraali\u00f6ljy), etyyliheksyylipalmitaatti, glyseriini, polysorbaatti 60, dimetikoni, sorbitaanistearaatti, aloe barbadensiksen lehtivesi, glyseryylistearaatti, peg-100-stearaatti, ketearyylialkoholi, butyrospermum parkii -voi, hydroksietyyliurea, fenoksietanoli, etyyliheksyyliglyseriini, natriumakrylaatti\/natriumakryloyylidimetyylitauraattikopolymeeri, isoheksadekaani, polysorbaatti 80, sorbitanoleaatti, hydroksiasetofenoni, karbomeeri, trietanoliamiini, macadamia ternifolian siemen\u00f6ljy, pentyleeniglykoli, natriumasetyloidut hyaluronaatit, natriumhyaluronaatti, natriumhyaluronaattiristipolymeeri, hydrolysoitu natriumhyaluronaatti, kloorifensiini, allantoiini, ksantaanikumi, parfum (hajuste), linalool, tokoferyyliasetaatti, mentha piperita -\u00f6ljy, mentha piperita -\u00f6ljy, linalool, tokoferyyliasetaatti.<\/p>","protected":false},"excerpt":{"rendered":"<p data-start=\"0\" data-end=\"508\"><strong data-start=\"16\" data-end=\"67\">IDC Institute - Jalkasukka Savage Hydrating Mask - kosteuttava naamio<\/strong>: kosteuttava jalkanaamio-sukka, joka auttaa <strong data-start=\"142\" data-end=\"187\">pehment\u00e4\u00e4, tasoittaa ja palauttaa mukavuuden<\/strong> kuivalle, karhealle jalkojen iholle. K\u00e4tev\u00e4 k\u00e4ytt\u00e4\u00e4 kotona ennen pedikyyri\u00e4 tai pedikyyrien v\u00e4lill\u00e4. Sis\u00e4lt\u00e4\u00e4 <strong data-start=\"293\" data-end=\"375\">sheavoita, macadamia\u00f6ljy\u00e4, glyseriini\u00e4 ja hyaluronihappokompleksia.<\/strong> auttaa s\u00e4ilytt\u00e4m\u00e4\u00e4n kosteutta ja antaa sile\u00e4n pinnan. Perustuu hyvin tutkittuihin kosteusvoiteisiin (esim. glyseriini- ja hyaluronihappojohdannaisiin).<\/p>\n<p data-start=\"510\" data-end=\"740\"><strong data-start=\"510\" data-end=\"533\">Miksi valita<\/strong><br data-start=\"533\" data-end=\"536\" \/><strong data-start=\"536\" data-end=\"542\">\u2714\ufe0f<\/strong> Kosteuttaa intensiivisesti ja pehment\u00e4\u00e4 kuivaa jalkojen ihoa.<br data-start=\"590\" data-end=\"593\" \/><strong data-start=\"593\" data-end=\"599\">\u2714\ufe0f<\/strong> Auttaa tasoittamaan karheita alueita ja kantap\u00e4it\u00e4<br data-start=\"644\" data-end=\"647\" \/><strong data-start=\"647\" data-end=\"653\">\u2714\ufe0f<\/strong> K\u00e4tev\u00e4 kertak\u00e4ytt\u00f6inen \u201esukan\u201c muoto kotirituaalia varten.<br data-start=\"707\" data-end=\"710\" \/><strong data-start=\"710\" data-end=\"716\">\u2714\ufe0f<\/strong> Virkist\u00e4v\u00e4 mentolin tunne<\/p>","protected":false},"featured_media":41099,"comment_status":"open","ping_status":"closed","template":"","meta":{"_acf_changed":false},"product_brand":[431],"product_cat":[392,57,393,92,300],"product_tag":[],"class_list":{"0":"post-41113","1":"product","2":"type-product","3":"status-publish","4":"has-post-thumbnail","6":"product_brand-idc-institute","7":"product_cat-pedu-kaukes","8":"product_cat-akcijos","9":"product_cat-dovanu-idejos","10":"product_cat-groziui","11":"product_cat-kunui","13":"first","14":"instock","15":"sale","16":"shipping-taxable","17":"purchasable","18":"product-type-simple"},"acf":[],"tiered_pricing_type":"fixed","tiered_pricing_fixed_rules":[],"tiered_pricing_product_settings":{"layout":"default","base_unit_name":{"singular":null,"plural":null},"default_variation":null},"tiered_pricing_minimum_quantity":null,"tiered_pricing_roles_data":[],"tiered_pricing_percentage_rules":[],"_links":{"self":[{"href":"https:\/\/purama.lt\/fi\/wp-json\/wp\/v2\/product\/41113","targetHints":{"allow":["GET"]}}],"collection":[{"href":"https:\/\/purama.lt\/fi\/wp-json\/wp\/v2\/product"}],"about":[{"href":"https:\/\/purama.lt\/fi\/wp-json\/wp\/v2\/types\/product"}],"replies":[{"embeddable":true,"href":"https:\/\/purama.lt\/fi\/wp-json\/wp\/v2\/comments?post=41113"}],"wp:featuredmedia":[{"embeddable":true,"href":"https:\/\/purama.lt\/fi\/wp-json\/wp\/v2\/media\/41099"}],"wp:attachment":[{"href":"https:\/\/purama.lt\/fi\/wp-json\/wp\/v2\/media?parent=41113"}],"wp:term":[{"taxonomy":"product_brand","embeddable":true,"href":"https:\/\/purama.lt\/fi\/wp-json\/wp\/v2\/product_brand?post=41113"},{"taxonomy":"product_cat","embeddable":true,"href":"https:\/\/purama.lt\/fi\/wp-json\/wp\/v2\/product_cat?post=41113"},{"taxonomy":"product_tag","embeddable":true,"href":"https:\/\/purama.lt\/fi\/wp-json\/wp\/v2\/product_tag?post=41113"}],"curies":[{"name":"wp","href":"https:\/\/api.w.org\/{rel}","templated":true}]}}