{"id":41112,"date":"2025-10-22T09:52:06","date_gmt":"2025-10-22T07:52:06","guid":{"rendered":"https:\/\/purama.lt\/produktas\/ldc-institute-drekinanti-ranku-kauke\/"},"modified":"2026-04-27T17:11:01","modified_gmt":"2026-04-27T15:11:01","slug":"idc-instituutin-arsyttava-kasinaamio","status":"publish","type":"product","link":"https:\/\/purama.lt\/fi\/produktas\/idc-institute-drekinanti-ranku-kauke\/","title":{"rendered":"IDC Institute Kosteuttava k\u00e4sinaamio"},"content":{"rendered":"<p><strong>K\u00e4ytt\u00f6<\/strong><br>Laita puhtaisiin, kuiviin k\u00e4siin ja pid\u00e4 <strong>15-30 min.<\/strong><br>Poista ja hiero loput seerumista huuhtelematta.<br>Varoitukset: Vain ulkoiseen k\u00e4ytt\u00f6\u00f6n, v\u00e4lt\u00e4 kosketusta silmiin, <strong>\u00e4l\u00e4 levit\u00e4 rikkin\u00e4iselle tai \u00e4rtyneelle iholle<\/strong>; lopeta, jos \u00e4rsytt\u00e4\u00e4.<\/p>\n\n\n\n<p><strong>Ainesosat<\/strong><br>aqua (vesi), sorbitoli, paraffinum liquidum (mineraali\u00f6ljy), etyyliheksyylipalmitaatti, glyseriini, polysorbaatti 60, dimetikoni, sorbitaanistearaatti, aloe barbadensiksen lehtivesi, glyseryylistearaatti, peg-100-stearaatti, ketearyylialkoholi, butyrospermum parkii -voi, hydroksietyyliurea, fenoksietanoli, etyyliheksyyliglyseriini, natriumakrylaatti\/natriumakryloyylidimetyylitauraattikopolymeeri, isoheksadekaani, polysorbaatti 80, sorbitanoleaatti, hydroksiasetofenoni, karbomeeri, trietanoliamiini, macadamia ternifolian siemen\u00f6ljy, pentyleeniglykoli, natriumasetyloidut hyaluronaatit, natriumhyaluronaatti, natriumhyaluronaattiristipolymeeri, hydrolysoitu natriumhyaluronaatti, kloorifensiini, allantoiini, ksantaanikumi, parfum (hajuste), linalool, tokoferyyliasetaatti, mentha piperita -\u00f6ljy, mentha piperita -\u00f6ljy, linalool, tokoferyyliasetaatti.<\/p>","protected":false},"excerpt":{"rendered":"<p data-start=\"0\" data-end=\"501\"><strong data-start=\"16\" data-end=\"73\">IDC Institute - k\u00e4sine Savage Hydrating Hand Mask - kosteuttava k\u00e4sinaamio<\/strong>: kosteuttava k\u00e4sinaamio-k\u00e4sineet, jotka <strong data-start=\"116\" data-end=\"165\">pehment\u00e4\u00e4, ravitsee ja auttaa palauttamaan mukavuuden.<\/strong> kuiville, karheille k\u00e4sille. Kaavassa - <strong data-start=\"208\" data-end=\"257\">karitevoi, glyseriini, macadamia\u00f6ljy.<\/strong> ja useita muotoja <strong data-start=\"273\" data-end=\"294\">hyaluronihappo<\/strong>, auttaa s\u00e4ilytt\u00e4m\u00e4\u00e4n kosteutta. Miellytt\u00e4v\u00e4, raikas mentolin tuoksu. Perustuu hyvin tutkittuihin kosteuttajiin (glyseriini- ja hyaluronihappojohdannaisiin), jotka auttavat houkuttelemaan ja s\u00e4ilytt\u00e4m\u00e4\u00e4n vett\u00e4 ihon pinnalla.<\/p>\n<p data-start=\"503\" data-end=\"752\"><strong data-start=\"503\" data-end=\"526\">Miksi valita<\/strong><br data-start=\"526\" data-end=\"529\" \/><strong data-start=\"529\" data-end=\"535\">\u2714\ufe0f<\/strong> K\u00e4tev\u00e4 \u201ehansikas\u201c -muotoinen kotirituaali.<br data-start=\"578\" data-end=\"581\" \/><strong data-start=\"581\" data-end=\"587\">\u2714\ufe0f<\/strong> Pehment\u00e4\u00e4 karheita alueita ja tasoittaa ihon rakennetta.<br data-start=\"641\" data-end=\"644\" \/><strong data-start=\"644\" data-end=\"650\">\u2714\ufe0f<\/strong> Sis\u00e4lt\u00e4\u00e4 runsaasti kosteuttavia aineita (glyseriini, urea, HA-kompleksi).<br data-start=\"719\" data-end=\"722\" \/><strong data-start=\"722\" data-end=\"728\">\u2714\ufe0f<\/strong> Virkist\u00e4v\u00e4 mentolin tunne<\/p>","protected":false},"featured_media":41101,"comment_status":"open","ping_status":"closed","template":"","meta":{"_acf_changed":false},"product_brand":[431],"product_cat":[92,57,393,300],"product_tag":[],"class_list":{"0":"post-41112","1":"product","2":"type-product","3":"status-publish","4":"has-post-thumbnail","6":"product_brand-idc-institute","7":"product_cat-groziui","8":"product_cat-akcijos","9":"product_cat-dovanu-idejos","10":"product_cat-kunui","12":"first","13":"instock","14":"sale","15":"shipping-taxable","16":"purchasable","17":"product-type-simple"},"acf":[],"tiered_pricing_type":"fixed","tiered_pricing_fixed_rules":[],"tiered_pricing_product_settings":{"layout":"default","base_unit_name":{"singular":null,"plural":null},"default_variation":null},"tiered_pricing_minimum_quantity":null,"tiered_pricing_roles_data":[],"tiered_pricing_percentage_rules":[],"_links":{"self":[{"href":"https:\/\/purama.lt\/fi\/wp-json\/wp\/v2\/product\/41112","targetHints":{"allow":["GET"]}}],"collection":[{"href":"https:\/\/purama.lt\/fi\/wp-json\/wp\/v2\/product"}],"about":[{"href":"https:\/\/purama.lt\/fi\/wp-json\/wp\/v2\/types\/product"}],"replies":[{"embeddable":true,"href":"https:\/\/purama.lt\/fi\/wp-json\/wp\/v2\/comments?post=41112"}],"wp:featuredmedia":[{"embeddable":true,"href":"https:\/\/purama.lt\/fi\/wp-json\/wp\/v2\/media\/41101"}],"wp:attachment":[{"href":"https:\/\/purama.lt\/fi\/wp-json\/wp\/v2\/media?parent=41112"}],"wp:term":[{"taxonomy":"product_brand","embeddable":true,"href":"https:\/\/purama.lt\/fi\/wp-json\/wp\/v2\/product_brand?post=41112"},{"taxonomy":"product_cat","embeddable":true,"href":"https:\/\/purama.lt\/fi\/wp-json\/wp\/v2\/product_cat?post=41112"},{"taxonomy":"product_tag","embeddable":true,"href":"https:\/\/purama.lt\/fi\/wp-json\/wp\/v2\/product_tag?post=41112"}],"curies":[{"name":"wp","href":"https:\/\/api.w.org\/{rel}","templated":true}]}}