{"id":41110,"date":"2025-10-22T09:52:04","date_gmt":"2025-10-22T07:52:04","guid":{"rendered":"https:\/\/purama.lt\/produktas\/ldc-institute-pedu-burbuliukai\/"},"modified":"2026-04-14T09:24:02","modified_gmt":"2026-04-14T07:24:02","slug":"pedu-kuplat-idc-instituutissa","status":"publish","type":"product","link":"https:\/\/purama.lt\/fi\/produktas\/idc-institute-pedu-burbuliukai\/","title":{"rendered":"IDC Institute Jalkakuplat"},"content":{"rendered":"<p><strong>K\u00e4ytt\u00f6<\/strong><br>Laita yksi tabletti l\u00e4mpim\u00e4\u00e4n jalkakylpyyn, odota kunnes se on t\u00e4ysin liuennut ja liota jalkojasi tarpeen mukaan.<br>Noudata pakkauksen ohjeita.<\/p>\n\n\n\n<p><strong>Ainesosat<\/strong><br>tietoja ei ole annettu, katso pakkauksen etiketti.<\/p>","protected":false},"excerpt":{"rendered":"<p data-start=\"0\" data-end=\"449\"><strong data-start=\"16\" data-end=\"48\">IDC Institute - Foot Fizzers: <\/strong>poreilevat jalkakylpytabletit, jotka nopeasti <strong data-start=\"128\" data-end=\"155\">virkist\u00e4v\u00e4 ja rentouttava<\/strong> v\u00e4syneet jalat. K\u00e4tev\u00e4 k\u00e4ytt\u00e4\u00e4 kotona ennen pedikyyri\u00e4 tai raskaan p\u00e4iv\u00e4n j\u00e4lkeen. Miellytt\u00e4v\u00e4n raikas tuoksu, hell\u00e4varainen koostumus p\u00e4ivitt\u00e4iseen rituaaliin. <strong data-start=\"301\" data-end=\"395\">Vaahtokylpy auttaa pehment\u00e4m\u00e4\u00e4n ihoa ja helpottaa pehmeiden kerrostumien mekaanista poistamista.<\/strong> (neutraali, p\u00e4ivitt\u00e4inen hoitovaikutus).<\/p>\n<p data-start=\"451\" data-end=\"675\"><strong data-start=\"451\" data-end=\"474\">Miksi valita<\/strong><br data-start=\"474\" data-end=\"477\" \/>\u2714\ufe0f Virkist\u00e4v\u00e4 tunne ja keveyden tunne jaloille.<br data-start=\"521\" data-end=\"524\" \/>\u2714\ufe0f Auttaa pehment\u00e4m\u00e4\u00e4n ihoa ennen pedikyyri\u00e4.<br data-start=\"566\" data-end=\"569\" \/>\u2714\ufe0f Helppo k\u00e4ytt\u00e4\u00e4 - liuotetaan vain l\u00e4mpim\u00e4\u00e4n veteen.<br data-start=\"627\" data-end=\"630\" data-is-only-node=\"\" \/>\u2714\ufe0f Miellytt\u00e4v\u00e4 tuoksu p\u00e4ivitt\u00e4iseen rentoutumiseen.<\/p>","protected":false},"featured_media":41107,"comment_status":"open","ping_status":"closed","template":"","meta":{"_acf_changed":false},"product_brand":[431],"product_cat":[392,92,300,500],"product_tag":[],"class_list":{"0":"post-41110","1":"product","2":"type-product","3":"status-publish","4":"has-post-thumbnail","6":"product_brand-idc-institute","7":"product_cat-pedu-kaukes","8":"product_cat-groziui","9":"product_cat-kunui","10":"product_cat-outlet","12":"first","13":"instock","14":"sale","15":"shipping-taxable","16":"purchasable","17":"product-type-simple"},"acf":[],"tiered_pricing_type":"fixed","tiered_pricing_fixed_rules":[],"tiered_pricing_product_settings":{"layout":"default","base_unit_name":{"singular":null,"plural":null},"default_variation":null},"tiered_pricing_minimum_quantity":null,"tiered_pricing_roles_data":[],"tiered_pricing_percentage_rules":[],"_links":{"self":[{"href":"https:\/\/purama.lt\/fi\/wp-json\/wp\/v2\/product\/41110","targetHints":{"allow":["GET"]}}],"collection":[{"href":"https:\/\/purama.lt\/fi\/wp-json\/wp\/v2\/product"}],"about":[{"href":"https:\/\/purama.lt\/fi\/wp-json\/wp\/v2\/types\/product"}],"replies":[{"embeddable":true,"href":"https:\/\/purama.lt\/fi\/wp-json\/wp\/v2\/comments?post=41110"}],"wp:featuredmedia":[{"embeddable":true,"href":"https:\/\/purama.lt\/fi\/wp-json\/wp\/v2\/media\/41107"}],"wp:attachment":[{"href":"https:\/\/purama.lt\/fi\/wp-json\/wp\/v2\/media?parent=41110"}],"wp:term":[{"taxonomy":"product_brand","embeddable":true,"href":"https:\/\/purama.lt\/fi\/wp-json\/wp\/v2\/product_brand?post=41110"},{"taxonomy":"product_cat","embeddable":true,"href":"https:\/\/purama.lt\/fi\/wp-json\/wp\/v2\/product_cat?post=41110"},{"taxonomy":"product_tag","embeddable":true,"href":"https:\/\/purama.lt\/fi\/wp-json\/wp\/v2\/product_tag?post=41110"}],"curies":[{"name":"wp","href":"https:\/\/api.w.org\/{rel}","templated":true}]}}