{"id":40987,"date":"2025-10-21T09:21:39","date_gmt":"2025-10-21T07:21:39","guid":{"rendered":"https:\/\/purama.lt\/produktas\/natures-finest-hormonu-pusiausvyrai\/"},"modified":"2026-04-09T14:33:02","modified_gmt":"2026-04-09T12:33:02","slug":"natures-finest-hormone-balance-pro","status":"publish","type":"product","link":"https:\/\/purama.lt\/fi\/produktas\/natures-finest-hormonu-pusiausvyrai\/","title":{"rendered":"Luonnon hienoin hormonitasapaino"},"content":{"rendered":"<p><strong>Kulutus:<\/strong><br>On suositeltavaa sekoittaa 1-2 teelusikallista jauhetta veteen, mehuun tai smoothieen. Ota kerran p\u00e4iv\u00e4ss\u00e4. Parhaiden tulosten saavuttamiseksi ota s\u00e4\u00e4nn\u00f6llisesti.<\/p>\n\n\n\n<p><strong>Komponentit:<\/strong><\/p>\n\n\n\n<ul class=\"wp-block-list\">\n<li>Maca-juuri<\/li>\n\n\n\n<li>Punainen apila<\/li>\n\n\n\n<li>Vitamiineja ja kivenn\u00e4isaineita hormonitasapainon yll\u00e4pit\u00e4miseksi.<\/li>\n\n\n\n<li>Muut apuaineet, joilla varmistetaan tuotteen tehokkuus.<\/li>\n<\/ul>\n\n\n\n<p><strong>Elintarvikkeiden k\u00e4sittelytodistus:&nbsp;<\/strong>69MTSPA-667<\/p>\n\n\n\n<p>Etsitk\u00f6 lis\u00e4\u00e4? Katso kaikki <a href=\"\/fi\/tuoteselosteet\/natures-finest\/\">Nature's Finest -valikoima<\/a>.<\/p>","protected":false},"excerpt":{"rendered":"<p data-start=\"204\" data-end=\"544\"><strong data-start=\"204\" data-end=\"243\">Luonnon hienoin Hormonitasapaino Pro<\/strong> - on luonnollinen jauhemainen lis\u00e4ravinne, joka on suunniteltu tukemaan hormonitasapainoa ja parantamaan naisten hyvinvointia. Kasviper\u00e4iset ainesosat, kuten maca-juuri ja puna-apila, auttavat yll\u00e4pit\u00e4m\u00e4\u00e4n hormonitasapainoa, v\u00e4hent\u00e4m\u00e4\u00e4n kuukautisvaivoja ja parantamaan yleist\u00e4 energiatasoa.<\/p>\n<p data-start=\"546\" data-end=\"1100\"><strong data-start=\"546\" data-end=\"570\">Miksi valita:<\/strong><br \/>\u2714\ufe0f <strong data-start=\"574\" data-end=\"601\">Tukee hormonitasapainoa<\/strong>: Auttaa tasapainottamaan hormoneja ja v\u00e4hent\u00e4m\u00e4\u00e4n hormonitasapainon h\u00e4iri\u00f6ihin liittyvi\u00e4 oireita.<br data-start=\"687\" data-end=\"690\" \/>\u2714\ufe0f <strong data-start=\"693\" data-end=\"708\">Maca-juuri<\/strong>: Auttaa luonnollisesti yll\u00e4pit\u00e4m\u00e4\u00e4n energiaa ja hormonitasapainoa.<br data-start=\"765\" data-end=\"768\" \/>\u2714\ufe0f <strong data-start=\"771\" data-end=\"793\">Punainen apila<\/strong>: Auttaa naisia s\u00e4\u00e4telem\u00e4\u00e4n kuukautiskiertoaan ja v\u00e4hent\u00e4m\u00e4\u00e4n vaihdevuosioireita.<br data-start=\"882\" data-end=\"885\" \/>\u2714\ufe0f <strong data-start=\"888\" data-end=\"914\">Luonnolliset ainesosat<\/strong>: Sis\u00e4lt\u00e4\u00e4 vain turvallisia ja luonnollisia yrttej\u00e4, jotka edist\u00e4v\u00e4t hormonitasapainoa ja parantavat hyvinvointia.<br data-start=\"1011\" data-end=\"1014\" \/>\u2714\ufe0f <strong data-start=\"1017\" data-end=\"1045\">Tukee yleist\u00e4 hyvinvointia<\/strong>: Auttaa v\u00e4hent\u00e4m\u00e4\u00e4n v\u00e4symyst\u00e4, stressi\u00e4 ja parantamaan mielialaa.<\/p>\n<p><strong data-start=\"1056\" data-end=\"1113\" data-is-only-node=\"\">Etsitk\u00f6 lis\u00e4\u00e4 Nature's Finest? <a href=\"https:\/\/purama.lt\/fi\/tuoteselosteet\/natures-finest\/\">Katso koko Nature's Finest -valikoima<\/a><br \/><\/strong><\/p>","protected":false},"featured_media":41020,"comment_status":"open","ping_status":"closed","template":"","meta":{"_acf_changed":false},"product_brand":[441],"product_cat":[123,260,262],"product_tag":[],"class_list":{"0":"post-40987","1":"product","2":"type-product","3":"status-publish","4":"has-post-thumbnail","6":"product_brand-natures-finest","7":"product_cat-papildai-ilgaamziskumui","8":"product_cat-energijai-ir-apykaitai","9":"product_cat-medziagu-apykaita","11":"first","12":"outofstock","13":"shipping-taxable","14":"purchasable","15":"product-type-simple"},"acf":[],"tiered_pricing_type":"fixed","tiered_pricing_fixed_rules":[],"tiered_pricing_product_settings":{"layout":"default","base_unit_name":{"singular":null,"plural":null},"default_variation":null},"tiered_pricing_minimum_quantity":null,"tiered_pricing_roles_data":[],"tiered_pricing_percentage_rules":[],"_links":{"self":[{"href":"https:\/\/purama.lt\/fi\/wp-json\/wp\/v2\/product\/40987","targetHints":{"allow":["GET"]}}],"collection":[{"href":"https:\/\/purama.lt\/fi\/wp-json\/wp\/v2\/product"}],"about":[{"href":"https:\/\/purama.lt\/fi\/wp-json\/wp\/v2\/types\/product"}],"replies":[{"embeddable":true,"href":"https:\/\/purama.lt\/fi\/wp-json\/wp\/v2\/comments?post=40987"}],"wp:featuredmedia":[{"embeddable":true,"href":"https:\/\/purama.lt\/fi\/wp-json\/wp\/v2\/media\/41020"}],"wp:attachment":[{"href":"https:\/\/purama.lt\/fi\/wp-json\/wp\/v2\/media?parent=40987"}],"wp:term":[{"taxonomy":"product_brand","embeddable":true,"href":"https:\/\/purama.lt\/fi\/wp-json\/wp\/v2\/product_brand?post=40987"},{"taxonomy":"product_cat","embeddable":true,"href":"https:\/\/purama.lt\/fi\/wp-json\/wp\/v2\/product_cat?post=40987"},{"taxonomy":"product_tag","embeddable":true,"href":"https:\/\/purama.lt\/fi\/wp-json\/wp\/v2\/product_tag?post=40987"}],"curies":[{"name":"wp","href":"https:\/\/api.w.org\/{rel}","templated":true}]}}