{"id":40986,"date":"2025-10-21T09:21:38","date_gmt":"2025-10-21T07:21:38","guid":{"rendered":"https:\/\/purama.lt\/produktas\/natures-finests-bio-detoksikacijos-misinys\/"},"modified":"2026-04-16T13:04:01","modified_gmt":"2026-04-16T11:04:01","slug":"natures-finests-bio-detoxification-bowl","status":"publish","type":"product","link":"https:\/\/purama.lt\/fi\/produktas\/natures-finests-bio-detoksikacijos-misinys\/","title":{"rendered":"Luonnon hienoin Bio Detox sekoitus"},"content":{"rendered":"<div class=\"purama-ebook-promo\">\r\n  <div class=\"pep-content\">\r\n    <span class=\"pep-eyebrow\">Nature's Finest -tuotteiden ostaminen<\/span>\r\n    <h2 class=\"pep-title\">Ilmainen eBook lahjoitus<\/h2>\r\n    <p class=\"pep-desc\">Asiantuntijoidemme vinkkej\u00e4 ja reseptej\u00e4, jotka auttavat sinua matkallasi terveelliseen ruokavalioon ja p\u00e4ivitt\u00e4iseen harjoitteluun - <strong>lahja jokaisen Nature's Finest -tilauksen yhteydess\u00e4 alkaen 30 \u20ac.<\/strong><\/p>\r\n  <\/div>\r\n  <div class=\"pep-visual\">\r\n    <img decoding=\"async\" src=\"https:\/\/purama.lt\/wp-content\/uploads\/2026\/04\/receptu-knyga.png\" alt=\"Ilmainen e-kirja lahjaksi Nature&#039;s Finest-tilausten yhteydess\u00e4 30 \u20ac:sta alkaen.\" loading=\"lazy\" \/>\r\n  <\/div>\r\n<\/div>\r\n\r\n<style>\r\n.purama-ebook-promo{\r\n  font-family:Inter,-apple-system,BlinkMacSystemFont,sans-serif;\r\n  display:grid;\r\n  grid-template-columns:1.1fr 1fr;\r\n  gap:48px;\r\n  align-items:center;\r\n  padding:48px;\r\n  margin:32px 0;\r\n  background:#f8f8f8;\r\n  border:1px solid #eee;\r\n  border-radius:12px;\r\n  position:relative;\r\n  overflow:hidden;\r\n}\r\n.purama-ebook-promo::before{\r\n  content:\"\";\r\n  position:absolute;\r\n  top:-120px;right:-120px;\r\n  width:340px;height:340px;\r\n  background:radial-gradient(circle,rgba(220,152,20,.08) 0%,transparent 70%);\r\n  border-radius:50%;\r\n  pointer-events:none;\r\n}\r\n.pep-content{position:relative;z-index:2;}\r\n.pep-eyebrow{\r\n  display:inline-block;\r\n  font-family:Inter,sans-serif;\r\n  font-size:13px;\r\n  font-weight:600;\r\n  letter-spacing:.3px;\r\n  text-transform:uppercase;\r\n  color:#dc9814;\r\n  margin-bottom:14px;\r\n  line-height:1.5;\r\n}\r\n.pep-title{\r\n  font-family:Inter,sans-serif;\r\n  font-size:34px;\r\n  line-height:1.2;\r\n  font-weight:600;\r\n  letter-spacing:-.5px;\r\n  color:#111;\r\n  margin:0 0 18px;\r\n}\r\n.pep-desc{\r\n  font-family:Inter,sans-serif;\r\n  font-size:16px;\r\n  line-height:1.6;\r\n  font-weight:400;\r\n  color:#444;\r\n  margin:0;\r\n}\r\n.pep-desc strong{\r\n  font-weight:600;\r\n  color:#111;\r\n}\r\n.pep-visual{\r\n  position:relative;\r\n  z-index:2;\r\n  text-align:center;\r\n}\r\n.pep-visual img{\r\n  max-width:100%;\r\n  height:auto;\r\n  filter:drop-shadow(0 22px 44px rgba(0,0,0,.15));\r\n  transform:rotate(-2deg);\r\n  transition:transform .4s ease;\r\n}\r\n.pep-visual img:hover{transform:rotate(0deg) scale(1.02);}\r\n@media (max-width:860px){\r\n  .purama-ebook-promo{\r\n    grid-template-columns:1fr;\r\n    padding:28px 22px;\r\n    gap:24px;\r\n  }\r\n  .pep-title{font-size:26px;}\r\n  .pep-visual img{max-width:260px;transform:rotate(0deg);}\r\n}\r\n<\/style>\n\n\n\n<p><strong>Kulutus:<\/strong><br>On suositeltavaa sekoittaa 15 ml lasilliseen vett\u00e4. Ota p\u00e4ivitt\u00e4in aamulla tai tarpeen mukaan parhaiden tulosten saavuttamiseksi.<\/p>\n\n\n\n<p><strong>Komponentit:<\/strong><\/p>\n\n\n\n<ul class=\"wp-block-list\">\n<li>Klorofylli<\/li>\n\n\n\n<li>Appelsiiniuute<\/li>\n\n\n\n<li>Ananasuute<\/li>\n\n\n\n<li>Muut luonnolliset kasviper\u00e4iset ainesosat, jotka edist\u00e4v\u00e4t detoksifikaatiota ja energian talteenottoa.<\/li>\n<\/ul>\n\n\n\n<p><strong>Elintarvikkeiden k\u00e4sittelytodistus:&nbsp;<\/strong>69MTSPA-667<\/p>\n\n\n\n<p>Etsitk\u00f6 lis\u00e4\u00e4? Katso kaikki <a href=\"\/fi\/tuoteselosteet\/natures-finest\/\">Nature's Finest -valikoima<\/a>.<\/p>","protected":false},"excerpt":{"rendered":"<p data-start=\"273\" data-end=\"591\"><strong data-start=\"273\" data-end=\"316\">Luonnon hienoin Detox<\/strong>\u00a0- on luonnollinen detoksifioiva juoma, joka puhdistaa kehoa ja palauttaa energiaa. Se sis\u00e4lt\u00e4\u00e4 klorofylli\u00e4 ja muita luonnollisia ainesosia, jotka auttavat puhdistamaan kehoa myrkyist\u00e4, parantavat ruoansulatusta ja antavat keholle lis\u00e4\u00e4 energiaa ja hyv\u00e4nolon tunnetta.<\/p>\n<p data-start=\"593\" data-end=\"1065\"><strong data-start=\"593\" data-end=\"617\">Miksi valita:<\/strong> \u2714\ufe0f <strong data-start=\"621\" data-end=\"649\">Detoksifiointi ja puhdistus<\/strong>: Auttaa puhdistamaan elimist\u00f6n toksiineista ja parantamaan ruoansulatusj\u00e4rjestelm\u00e4\u00e4.<br data-start=\"719\" data-end=\"722\" \/>\u2714\ufe0f <strong data-start=\"725\" data-end=\"740\">Klorofylli<\/strong>: Voimakas detoksifiointiaine, joka auttaa puhdistamaan kehoa ja antaa energiaa.<br data-start=\"830\" data-end=\"833\" \/>\u2714\ufe0f <strong data-start=\"836\" data-end=\"862\">Luonnolliset ainesosat<\/strong>: Vain luonnollisia ja turvallisia yrttej\u00e4, jotka auttavat saavuttamaan detoksifikaation ja energian palautumisen.<br data-start=\"955\" data-end=\"958\" \/>\u2714\ufe0f <strong data-start=\"961\" data-end=\"983\">Helppok\u00e4ytt\u00f6isyys<\/strong>: Yksinkertaisesti sekoitetaan veteen halutun vieroitusvaikutuksen saavuttamiseksi.<\/p>","protected":false},"featured_media":41019,"comment_status":"open","ping_status":"closed","template":"","meta":{"_acf_changed":false},"product_brand":[441],"product_cat":[123,57,260,266,262,264],"product_tag":[],"class_list":{"0":"post-40986","1":"product","2":"type-product","3":"status-publish","4":"has-post-thumbnail","6":"product_brand-natures-finest","7":"product_cat-papildai-ilgaamziskumui","8":"product_cat-akcijos","9":"product_cat-energijai-ir-apykaitai","10":"product_cat-fermentai-ir-virskinimas","11":"product_cat-medziagu-apykaita","12":"product_cat-virskinimui-ir-detoksui","14":"first","15":"instock","16":"sale","17":"shipping-taxable","18":"purchasable","19":"product-type-simple"},"acf":[],"tiered_pricing_type":"fixed","tiered_pricing_fixed_rules":[],"tiered_pricing_product_settings":{"layout":"default","base_unit_name":{"singular":null,"plural":null},"default_variation":null},"tiered_pricing_minimum_quantity":null,"tiered_pricing_roles_data":[],"tiered_pricing_percentage_rules":[],"_links":{"self":[{"href":"https:\/\/purama.lt\/fi\/wp-json\/wp\/v2\/product\/40986","targetHints":{"allow":["GET"]}}],"collection":[{"href":"https:\/\/purama.lt\/fi\/wp-json\/wp\/v2\/product"}],"about":[{"href":"https:\/\/purama.lt\/fi\/wp-json\/wp\/v2\/types\/product"}],"replies":[{"embeddable":true,"href":"https:\/\/purama.lt\/fi\/wp-json\/wp\/v2\/comments?post=40986"}],"wp:featuredmedia":[{"embeddable":true,"href":"https:\/\/purama.lt\/fi\/wp-json\/wp\/v2\/media\/41019"}],"wp:attachment":[{"href":"https:\/\/purama.lt\/fi\/wp-json\/wp\/v2\/media?parent=40986"}],"wp:term":[{"taxonomy":"product_brand","embeddable":true,"href":"https:\/\/purama.lt\/fi\/wp-json\/wp\/v2\/product_brand?post=40986"},{"taxonomy":"product_cat","embeddable":true,"href":"https:\/\/purama.lt\/fi\/wp-json\/wp\/v2\/product_cat?post=40986"},{"taxonomy":"product_tag","embeddable":true,"href":"https:\/\/purama.lt\/fi\/wp-json\/wp\/v2\/product_tag?post=40986"}],"curies":[{"name":"wp","href":"https:\/\/api.w.org\/{rel}","templated":true}]}}