{"id":40984,"date":"2025-10-21T09:21:34","date_gmt":"2025-10-21T07:21:34","guid":{"rendered":"https:\/\/purama.lt\/produktas\/natures-finest-celiulito-kontrolei\/"},"modified":"2026-04-20T10:31:22","modified_gmt":"2026-04-20T08:31:22","slug":"natures-finest-cellulite-pro","status":"publish","type":"product","link":"https:\/\/purama.lt\/fi\/produktas\/natures-finest-celiulito-kontrolei\/","title":{"rendered":"Luonnon hienointa selluliitin hallintaan"},"content":{"rendered":"<div class=\"purama-ebook-promo\">\r\n  <div class=\"pep-content\">\r\n    <span class=\"pep-eyebrow\">Nature's Finest -tuotteiden ostaminen<\/span>\r\n    <h2 class=\"pep-title\">Ilmainen eBook lahjoitus<\/h2>\r\n    <p class=\"pep-desc\">Asiantuntijoidemme vinkkej\u00e4 ja reseptej\u00e4, jotka auttavat sinua matkallasi terveelliseen ruokavalioon ja p\u00e4ivitt\u00e4iseen harjoitteluun - <strong>lahja jokaisen Nature's Finest -tilauksen yhteydess\u00e4 alkaen 30 \u20ac.<\/strong><\/p>\r\n  <\/div>\r\n  <div class=\"pep-visual\">\r\n    <img decoding=\"async\" src=\"https:\/\/purama.lt\/wp-content\/uploads\/2026\/04\/receptu-knyga.png\" alt=\"Ilmainen e-kirja lahjaksi Nature&#039;s Finest-tilausten yhteydess\u00e4 30 \u20ac:sta alkaen.\" loading=\"lazy\" \/>\r\n  <\/div>\r\n<\/div>\r\n\r\n<style>\r\n.purama-ebook-promo{\r\n  font-family:Inter,-apple-system,BlinkMacSystemFont,sans-serif;\r\n  display:grid;\r\n  grid-template-columns:1.1fr 1fr;\r\n  gap:48px;\r\n  align-items:center;\r\n  padding:48px;\r\n  margin:32px 0;\r\n  background:#f8f8f8;\r\n  border:1px solid #eee;\r\n  border-radius:12px;\r\n  position:relative;\r\n  overflow:hidden;\r\n}\r\n.purama-ebook-promo::before{\r\n  content:\"\";\r\n  position:absolute;\r\n  top:-120px;right:-120px;\r\n  width:340px;height:340px;\r\n  background:radial-gradient(circle,rgba(220,152,20,.08) 0%,transparent 70%);\r\n  border-radius:50%;\r\n  pointer-events:none;\r\n}\r\n.pep-content{position:relative;z-index:2;}\r\n.pep-eyebrow{\r\n  display:inline-block;\r\n  font-family:Inter,sans-serif;\r\n  font-size:13px;\r\n  font-weight:600;\r\n  letter-spacing:.3px;\r\n  text-transform:uppercase;\r\n  color:#dc9814;\r\n  margin-bottom:14px;\r\n  line-height:1.5;\r\n}\r\n.pep-title{\r\n  font-family:Inter,sans-serif;\r\n  font-size:34px;\r\n  line-height:1.2;\r\n  font-weight:600;\r\n  letter-spacing:-.5px;\r\n  color:#111;\r\n  margin:0 0 18px;\r\n}\r\n.pep-desc{\r\n  font-family:Inter,sans-serif;\r\n  font-size:16px;\r\n  line-height:1.6;\r\n  font-weight:400;\r\n  color:#444;\r\n  margin:0;\r\n}\r\n.pep-desc strong{\r\n  font-weight:600;\r\n  color:#111;\r\n}\r\n.pep-visual{\r\n  position:relative;\r\n  z-index:2;\r\n  text-align:center;\r\n}\r\n.pep-visual img{\r\n  max-width:100%;\r\n  height:auto;\r\n  filter:drop-shadow(0 22px 44px rgba(0,0,0,.15));\r\n  transform:rotate(-2deg);\r\n  transition:transform .4s ease;\r\n}\r\n.pep-visual img:hover{transform:rotate(0deg) scale(1.02);}\r\n@media (max-width:860px){\r\n  .purama-ebook-promo{\r\n    grid-template-columns:1fr;\r\n    padding:28px 22px;\r\n    gap:24px;\r\n  }\r\n  .pep-title{font-size:26px;}\r\n  .pep-visual img{max-width:260px;transform:rotate(0deg);}\r\n}\r\n<\/style>\n\n\n\n<p><strong>Kulutus:<\/strong><br> <strong>Selluliitti Pro<\/strong> ravintolis\u00e4 pakkauksessa yleens\u00e4 ilmoitetun annostuksen mukaisesti. Parhaan tuloksen saamiseksi on suositeltavaa ottaa lis\u00e4ravinne p\u00e4ivitt\u00e4in. On t\u00e4rke\u00e4\u00e4 noudattaa ilmoitettua annosta eik\u00e4 ylitt\u00e4\u00e4 sit\u00e4 turvallisen k\u00e4yt\u00f6n varmistamiseksi.<\/p>\n\n\n\n<p><strong>Komponentit:<\/strong><\/p>\n\n\n\n<ul class=\"wp-block-list\">\n<li>Punaviiniuute<\/li>\n\n\n\n<li>Garcinia Cambogia ote<\/li>\n\n\n\n<li>Glyseroli<\/li>\n\n\n\n<li>Muut apuaineet, jotka auttavat yll\u00e4pit\u00e4m\u00e4\u00e4n tervett\u00e4 ihoa ja kehoa.<\/li>\n<\/ul>\n\n\n\n<p><strong>Elintarvikkeiden k\u00e4sittelytodistus:&nbsp;<\/strong>69MTSPA-667<\/p>\n\n\n\n<p>Etsitk\u00f6 lis\u00e4\u00e4? Katso kaikki <a href=\"\/fi\/tuoteselosteet\/natures-finest\/\">Nature's Finest -valikoima<\/a>.<\/p>","protected":false},"excerpt":{"rendered":"<p data-start=\"206\" data-end=\"524\"><strong>Selluliitti Pro<\/strong> - on luonnollinen lis\u00e4ravinne, joka on suunniteltu torjumaan selluliittia ja v\u00e4hent\u00e4m\u00e4\u00e4n painoa. Se sis\u00e4lt\u00e4\u00e4 punaviini- ja Garcinia Cambogia -uutteita, jotka auttavat v\u00e4hent\u00e4m\u00e4\u00e4n selluliittia, parantamaan verenkiertoa ja polttamaan rasvaa. T\u00e4m\u00e4 lis\u00e4osa auttaa my\u00f6s parantamaan ihon s\u00e4vy\u00e4 ja antaa sille sile\u00e4mm\u00e4n ulkon\u00e4\u00f6n.<\/p>\n<p data-start=\"526\" data-end=\"1012\"><strong data-start=\"526\" data-end=\"550\">Miksi valita:<br \/><\/strong> \u2714\ufe0f <strong data-start=\"554\" data-end=\"574\">Tehokas kaava<\/strong>: Auttaa v\u00e4hent\u00e4m\u00e4\u00e4n selluliittia ja parantamaan ihon ulkon\u00e4k\u00f6\u00e4.<br data-start=\"629\" data-end=\"632\" \/>\u2714\ufe0f <strong data-start=\"635\" data-end=\"664\">Punaviiniuute<\/strong>Tehokas antioksidantti, joka parantaa verenkiertoa ja v\u00e4hent\u00e4\u00e4 tulehdusta.<br data-start=\"735\" data-end=\"738\" \/>\u2714\ufe0f <strong data-start=\"741\" data-end=\"773\">Garcinia Cambogia ote<\/strong>: Auttaa tukahduttamaan ruokahalua ja edist\u00e4m\u00e4\u00e4n rasvanpolttoa.<br data-start=\"827\" data-end=\"830\" \/>\u2714\ufe0f <strong data-start=\"833\" data-end=\"859\">Luonnolliset ainesosat<\/strong>: Valmistettu vain luonnollisista uutteista, jotka ovat tehokkaita keholle ja iholle.<br data-start=\"940\" data-end=\"943\" \/>\u2714\ufe0f <strong data-start=\"946\" data-end=\"976\">Auttaa torjumaan selluliittia<\/strong>: Tarjoaa sile\u00e4mm\u00e4n ja kiinte\u00e4mm\u00e4n ihon.<\/p>","protected":false},"featured_media":41017,"comment_status":"open","ping_status":"closed","template":"","meta":{"_acf_changed":false},"product_brand":[441],"product_cat":[123,57,261,260,266,262,264],"product_tag":[],"class_list":{"0":"post-40984","1":"product","2":"type-product","3":"status-publish","4":"has-post-thumbnail","6":"product_brand-natures-finest","7":"product_cat-papildai-ilgaamziskumui","8":"product_cat-akcijos","9":"product_cat-cukraus-balansas","10":"product_cat-energijai-ir-apykaitai","11":"product_cat-fermentai-ir-virskinimas","12":"product_cat-medziagu-apykaita","13":"product_cat-virskinimui-ir-detoksui","15":"first","16":"instock","17":"sale","18":"shipping-taxable","19":"purchasable","20":"product-type-simple"},"acf":[],"tiered_pricing_type":"fixed","tiered_pricing_fixed_rules":[],"tiered_pricing_product_settings":{"layout":"default","base_unit_name":{"singular":null,"plural":null},"default_variation":null},"tiered_pricing_minimum_quantity":null,"tiered_pricing_roles_data":[],"tiered_pricing_percentage_rules":[],"_links":{"self":[{"href":"https:\/\/purama.lt\/fi\/wp-json\/wp\/v2\/product\/40984","targetHints":{"allow":["GET"]}}],"collection":[{"href":"https:\/\/purama.lt\/fi\/wp-json\/wp\/v2\/product"}],"about":[{"href":"https:\/\/purama.lt\/fi\/wp-json\/wp\/v2\/types\/product"}],"replies":[{"embeddable":true,"href":"https:\/\/purama.lt\/fi\/wp-json\/wp\/v2\/comments?post=40984"}],"wp:featuredmedia":[{"embeddable":true,"href":"https:\/\/purama.lt\/fi\/wp-json\/wp\/v2\/media\/41017"}],"wp:attachment":[{"href":"https:\/\/purama.lt\/fi\/wp-json\/wp\/v2\/media?parent=40984"}],"wp:term":[{"taxonomy":"product_brand","embeddable":true,"href":"https:\/\/purama.lt\/fi\/wp-json\/wp\/v2\/product_brand?post=40984"},{"taxonomy":"product_cat","embeddable":true,"href":"https:\/\/purama.lt\/fi\/wp-json\/wp\/v2\/product_cat?post=40984"},{"taxonomy":"product_tag","embeddable":true,"href":"https:\/\/purama.lt\/fi\/wp-json\/wp\/v2\/product_tag?post=40984"}],"curies":[{"name":"wp","href":"https:\/\/api.w.org\/{rel}","templated":true}]}}