{"id":40981,"date":"2025-10-21T09:21:31","date_gmt":"2025-10-21T07:21:31","guid":{"rendered":"https:\/\/purama.lt\/produktas\/natures-finest-odos-detoksikacijai\/"},"modified":"2026-04-16T13:16:11","modified_gmt":"2026-04-16T11:16:11","slug":"natures-finest-skin-detox","status":"publish","type":"product","link":"https:\/\/purama.lt\/fi\/produktas\/natures-finest-odos-detoksikacijai\/","title":{"rendered":"Luonnon hienoin iho Detox"},"content":{"rendered":"<div class=\"purama-ebook-promo\">\r\n  <div class=\"pep-content\">\r\n    <span class=\"pep-eyebrow\">Nature's Finest -tuotteiden ostaminen<\/span>\r\n    <h2 class=\"pep-title\">Ilmainen eBook lahjoitus<\/h2>\r\n    <p class=\"pep-desc\">Asiantuntijoidemme vinkkej\u00e4 ja reseptej\u00e4, jotka auttavat sinua matkallasi terveelliseen ruokavalioon ja p\u00e4ivitt\u00e4iseen harjoitteluun - <strong>lahja jokaisen Nature's Finest -tilauksen yhteydess\u00e4 alkaen 30 \u20ac.<\/strong><\/p>\r\n  <\/div>\r\n  <div class=\"pep-visual\">\r\n    <img decoding=\"async\" src=\"https:\/\/purama.lt\/wp-content\/uploads\/2026\/04\/receptu-knyga.png\" alt=\"Ilmainen e-kirja lahjaksi Nature&#039;s Finest-tilausten yhteydess\u00e4 30 \u20ac:sta alkaen.\" loading=\"lazy\" \/>\r\n  <\/div>\r\n<\/div>\r\n\r\n<style>\r\n.purama-ebook-promo{\r\n  font-family:Inter,-apple-system,BlinkMacSystemFont,sans-serif;\r\n  display:grid;\r\n  grid-template-columns:1.1fr 1fr;\r\n  gap:48px;\r\n  align-items:center;\r\n  padding:48px;\r\n  margin:32px 0;\r\n  background:#f8f8f8;\r\n  border:1px solid #eee;\r\n  border-radius:12px;\r\n  position:relative;\r\n  overflow:hidden;\r\n}\r\n.purama-ebook-promo::before{\r\n  content:\"\";\r\n  position:absolute;\r\n  top:-120px;right:-120px;\r\n  width:340px;height:340px;\r\n  background:radial-gradient(circle,rgba(220,152,20,.08) 0%,transparent 70%);\r\n  border-radius:50%;\r\n  pointer-events:none;\r\n}\r\n.pep-content{position:relative;z-index:2;}\r\n.pep-eyebrow{\r\n  display:inline-block;\r\n  font-family:Inter,sans-serif;\r\n  font-size:13px;\r\n  font-weight:600;\r\n  letter-spacing:.3px;\r\n  text-transform:uppercase;\r\n  color:#dc9814;\r\n  margin-bottom:14px;\r\n  line-height:1.5;\r\n}\r\n.pep-title{\r\n  font-family:Inter,sans-serif;\r\n  font-size:34px;\r\n  line-height:1.2;\r\n  font-weight:600;\r\n  letter-spacing:-.5px;\r\n  color:#111;\r\n  margin:0 0 18px;\r\n}\r\n.pep-desc{\r\n  font-family:Inter,sans-serif;\r\n  font-size:16px;\r\n  line-height:1.6;\r\n  font-weight:400;\r\n  color:#444;\r\n  margin:0;\r\n}\r\n.pep-desc strong{\r\n  font-weight:600;\r\n  color:#111;\r\n}\r\n.pep-visual{\r\n  position:relative;\r\n  z-index:2;\r\n  text-align:center;\r\n}\r\n.pep-visual img{\r\n  max-width:100%;\r\n  height:auto;\r\n  filter:drop-shadow(0 22px 44px rgba(0,0,0,.15));\r\n  transform:rotate(-2deg);\r\n  transition:transform .4s ease;\r\n}\r\n.pep-visual img:hover{transform:rotate(0deg) scale(1.02);}\r\n@media (max-width:860px){\r\n  .purama-ebook-promo{\r\n    grid-template-columns:1fr;\r\n    padding:28px 22px;\r\n    gap:24px;\r\n  }\r\n  .pep-title{font-size:26px;}\r\n  .pep-visual img{max-width:260px;transform:rotate(0deg);}\r\n}\r\n<\/style>\n\n\n\n<p><strong>Kulutus<\/strong>:<br>On suositeltavaa ottaa 1-2 mittalusikallista jauhetta p\u00e4iv\u00e4ss\u00e4, sekoitettuna veteen, smoothieen tai suosikkijuomaasi. Se on parasta ottaa aamulla parhaan vieroitusvaikutuksen saavuttamiseksi. \u00c4l\u00e4 ylit\u00e4 m\u00e4\u00e4r\u00e4tty\u00e4 annosta.<\/p>\n\n\n\n<p><strong>Ainesosat<\/strong>:<\/p>\n\n\n\n<ol class=\"wp-block-list\">\n<li><strong>Vihre\u00e4 tee<\/strong> - auttaa torjumaan vapaita radikaaleja ja edist\u00e4\u00e4 kehon puhdistusprosessia.<\/li>\n\n\n\n<li><strong>Hiili (aktiivihiili)<\/strong> - auttaa puhdistamaan kehoa myrkyist\u00e4 ja parantamaan ihon terveytt\u00e4.<\/li>\n\n\n\n<li><strong>C-vitamiini<\/strong> - vahvistaa ihoa, auttaa torjumaan tulehduksia ja parantaa verenkiertoa.<\/li>\n\n\n\n<li><strong>Maidon ohdake<\/strong> - suojaa maksaa ja parantaa elimist\u00f6n vieroitusprosesseja.<\/li>\n\n\n\n<li><strong>Sinkki<\/strong> - t\u00e4rke\u00e4 ainesosa, joka auttaa torjumaan ihotulehduksia ja parantamaan ihon rakennetta.<\/li>\n<\/ol>\n\n\n\n<p><strong>Elintarvikkeiden k\u00e4sittelytodistus:&nbsp;<\/strong>69MTSPA-667<\/p>\n\n\n\n<p>Etsitk\u00f6 lis\u00e4\u00e4? Katso kaikki <a href=\"\/fi\/tuoteselosteet\/natures-finest\/\">Nature's Finest -valikoima<\/a>.<\/p>","protected":false},"excerpt":{"rendered":"<p data-start=\"224\" data-end=\"645\"><strong>Luonnon hienoin Detox Skin<\/strong> - on luonnollinen lis\u00e4ravinne, joka on suunniteltu parantamaan ihon kuntoa ja edist\u00e4m\u00e4\u00e4n detoksifikaatiota. Kaavan ainesosat auttavat puhdistamaan kehoa myrkyist\u00e4, parantavat verenkiertoa ja edist\u00e4v\u00e4t terveen, hehkuvan ihon syntymist\u00e4. Detox Skin sopii niille, jotka haluavat parantaa ihon ulkon\u00e4k\u00f6\u00e4, v\u00e4hent\u00e4\u00e4 tulehduksia ja torjua iho-ongelmia, kuten aknea tai punoitusta.<\/p>\n<p data-start=\"647\" data-end=\"1112\"><strong data-start=\"647\" data-end=\"670\">Miksi valita<\/strong>:<br data-start=\"671\" data-end=\"674\" \/>\u2714\ufe0f <strong data-start=\"677\" data-end=\"710\">Detoksifikaatio ja ihon puhdistus<\/strong>: Auttaa puhdistamaan kehoa toksiineista ja parantamaan ihon ulkon\u00e4k\u00f6\u00e4.<br data-start=\"777\" data-end=\"780\" \/>\u2714\ufe0f <strong data-start=\"783\" data-end=\"809\">Luonnolliset ainesosat<\/strong>: Sis\u00e4lt\u00e4\u00e4 vain korkealaatuisia luonnollisia ainesosia, jotka ovat tehokkaita iholle ja terveydelle.<br data-start=\"904\" data-end=\"907\" data-is-only-node=\"\" \/>\u2714\ufe0f <strong data-start=\"910\" data-end=\"933\">Parantaa verenkiertoa<\/strong>: Vahvistaa verenkiertoa ja edist\u00e4\u00e4 ihon terveytt\u00e4.<br data-start=\"991\" data-end=\"994\" \/>\u2714\ufe0f <strong data-start=\"997\" data-end=\"1019\">Helppok\u00e4ytt\u00f6isyys<\/strong>: K\u00e4tev\u00e4 jauhe, joka on helppo sekoittaa veteen, smoothieen tai suosikkijuomaasi.<\/p>","protected":false},"featured_media":41013,"comment_status":"open","ping_status":"closed","template":"","meta":{"_acf_changed":true},"product_brand":[441],"product_cat":[274,57,273,123],"product_tag":[],"class_list":{"0":"post-40981","1":"product","2":"type-product","3":"status-publish","4":"has-post-thumbnail","6":"product_brand-natures-finest","7":"product_cat-odos-jaunyste","8":"product_cat-akcijos","9":"product_cat-odai-plaukams-nagams","10":"product_cat-papildai-ilgaamziskumui","12":"first","13":"instock","14":"sale","15":"shipping-taxable","16":"purchasable","17":"product-type-simple"},"acf":[],"tiered_pricing_type":"fixed","tiered_pricing_fixed_rules":[],"tiered_pricing_product_settings":{"layout":"default","base_unit_name":{"singular":null,"plural":null},"default_variation":null},"tiered_pricing_minimum_quantity":null,"tiered_pricing_roles_data":[],"tiered_pricing_percentage_rules":[],"_links":{"self":[{"href":"https:\/\/purama.lt\/fi\/wp-json\/wp\/v2\/product\/40981","targetHints":{"allow":["GET"]}}],"collection":[{"href":"https:\/\/purama.lt\/fi\/wp-json\/wp\/v2\/product"}],"about":[{"href":"https:\/\/purama.lt\/fi\/wp-json\/wp\/v2\/types\/product"}],"replies":[{"embeddable":true,"href":"https:\/\/purama.lt\/fi\/wp-json\/wp\/v2\/comments?post=40981"}],"wp:featuredmedia":[{"embeddable":true,"href":"https:\/\/purama.lt\/fi\/wp-json\/wp\/v2\/media\/41013"}],"wp:attachment":[{"href":"https:\/\/purama.lt\/fi\/wp-json\/wp\/v2\/media?parent=40981"}],"wp:term":[{"taxonomy":"product_brand","embeddable":true,"href":"https:\/\/purama.lt\/fi\/wp-json\/wp\/v2\/product_brand?post=40981"},{"taxonomy":"product_cat","embeddable":true,"href":"https:\/\/purama.lt\/fi\/wp-json\/wp\/v2\/product_cat?post=40981"},{"taxonomy":"product_tag","embeddable":true,"href":"https:\/\/purama.lt\/fi\/wp-json\/wp\/v2\/product_tag?post=40981"}],"curies":[{"name":"wp","href":"https:\/\/api.w.org\/{rel}","templated":true}]}}