{"id":40976,"date":"2025-10-21T09:21:23","date_gmt":"2025-10-21T07:21:23","guid":{"rendered":"https:\/\/purama.lt\/produktas\/natures-finest-liemens-linijai\/"},"modified":"2026-04-16T13:17:17","modified_gmt":"2026-04-16T11:17:17","slug":"natures-finest-waistline-pro","status":"publish","type":"product","link":"https:\/\/purama.lt\/fi\/produktas\/natures-finest-liemens-linijai\/","title":{"rendered":"Luonnon hienoin vy\u00f6t\u00e4r\u00f6linja"},"content":{"rendered":"<div class=\"purama-ebook-promo\">\r\n  <div class=\"pep-content\">\r\n    <span class=\"pep-eyebrow\">Nature's Finest -tuotteiden ostaminen<\/span>\r\n    <h2 class=\"pep-title\">Ilmainen eBook lahjoitus<\/h2>\r\n    <p class=\"pep-desc\">Asiantuntijoidemme vinkkej\u00e4 ja reseptej\u00e4, jotka auttavat sinua matkallasi terveelliseen ruokavalioon ja p\u00e4ivitt\u00e4iseen harjoitteluun - <strong>lahja jokaisen Nature's Finest -tilauksen yhteydess\u00e4 alkaen 30 \u20ac.<\/strong><\/p>\r\n  <\/div>\r\n  <div class=\"pep-visual\">\r\n    <img decoding=\"async\" src=\"https:\/\/purama.lt\/wp-content\/uploads\/2026\/04\/receptu-knyga.png\" alt=\"Ilmainen e-kirja lahjaksi Nature&#039;s Finest-tilausten yhteydess\u00e4 30 \u20ac:sta alkaen.\" loading=\"lazy\" \/>\r\n  <\/div>\r\n<\/div>\r\n\r\n<style>\r\n.purama-ebook-promo{\r\n  font-family:Inter,-apple-system,BlinkMacSystemFont,sans-serif;\r\n  display:grid;\r\n  grid-template-columns:1.1fr 1fr;\r\n  gap:48px;\r\n  align-items:center;\r\n  padding:48px;\r\n  margin:32px 0;\r\n  background:#f8f8f8;\r\n  border:1px solid #eee;\r\n  border-radius:12px;\r\n  position:relative;\r\n  overflow:hidden;\r\n}\r\n.purama-ebook-promo::before{\r\n  content:\"\";\r\n  position:absolute;\r\n  top:-120px;right:-120px;\r\n  width:340px;height:340px;\r\n  background:radial-gradient(circle,rgba(220,152,20,.08) 0%,transparent 70%);\r\n  border-radius:50%;\r\n  pointer-events:none;\r\n}\r\n.pep-content{position:relative;z-index:2;}\r\n.pep-eyebrow{\r\n  display:inline-block;\r\n  font-family:Inter,sans-serif;\r\n  font-size:13px;\r\n  font-weight:600;\r\n  letter-spacing:.3px;\r\n  text-transform:uppercase;\r\n  color:#dc9814;\r\n  margin-bottom:14px;\r\n  line-height:1.5;\r\n}\r\n.pep-title{\r\n  font-family:Inter,sans-serif;\r\n  font-size:34px;\r\n  line-height:1.2;\r\n  font-weight:600;\r\n  letter-spacing:-.5px;\r\n  color:#111;\r\n  margin:0 0 18px;\r\n}\r\n.pep-desc{\r\n  font-family:Inter,sans-serif;\r\n  font-size:16px;\r\n  line-height:1.6;\r\n  font-weight:400;\r\n  color:#444;\r\n  margin:0;\r\n}\r\n.pep-desc strong{\r\n  font-weight:600;\r\n  color:#111;\r\n}\r\n.pep-visual{\r\n  position:relative;\r\n  z-index:2;\r\n  text-align:center;\r\n}\r\n.pep-visual img{\r\n  max-width:100%;\r\n  height:auto;\r\n  filter:drop-shadow(0 22px 44px rgba(0,0,0,.15));\r\n  transform:rotate(-2deg);\r\n  transition:transform .4s ease;\r\n}\r\n.pep-visual img:hover{transform:rotate(0deg) scale(1.02);}\r\n@media (max-width:860px){\r\n  .purama-ebook-promo{\r\n    grid-template-columns:1fr;\r\n    padding:28px 22px;\r\n    gap:24px;\r\n  }\r\n  .pep-title{font-size:26px;}\r\n  .pep-visual img{max-width:260px;transform:rotate(0deg);}\r\n}\r\n<\/style>\n\n\n\n<p><strong>Kulutus<\/strong>:<br>On suositeltavaa ottaa 1-2 mittalusikallista jauhetta p\u00e4iv\u00e4ss\u00e4, sekoitettuna veteen, smoothieen tai suosikkijuomaasi. Se on parasta ottaa aamulla tai ennen harjoittelua. \u00c4l\u00e4 ylit\u00e4 m\u00e4\u00e4r\u00e4tty\u00e4 annosta.<\/p>\n\n\n\n<p><strong>Ainesosat<\/strong>:<\/p>\n\n\n\n<ol class=\"wp-block-list\">\n<li><strong>Vihre\u00e4 tee<\/strong> - auttaa polttamaan rasvaa ja parantamaan aineenvaihduntaa.<\/li>\n\n\n\n<li><strong>L-karnitiini<\/strong> - auttaa muuttamaan rasvaa energiaksi, mik\u00e4 lis\u00e4\u00e4 treenisuorituskyky\u00e4.<\/li>\n\n\n\n<li><strong>Kitosaani<\/strong> - auttaa est\u00e4m\u00e4\u00e4n rasvan imeytymist\u00e4 ja parantaa painonhallintaa.<\/li>\n\n\n\n<li><strong>Kaneliuute<\/strong> - hillitsee ruokahalua ja auttaa vakauttamaan verensokeritasoja.<\/li>\n\n\n\n<li><strong>Kofeiini<\/strong> - Stimuloi energiaa ja aineenvaihduntaa, mik\u00e4 auttaa saavuttamaan korkeamman fyysisen ja henkisen suorituskyvyn.<\/li>\n<\/ol>\n\n\n\n<p><strong>Elintarvikkeiden k\u00e4sittelytodistus:&nbsp;<\/strong>69MTSPA-667<\/p>","protected":false},"excerpt":{"rendered":"<p data-start=\"244\" data-end=\"659\"><strong>Luonnon hienoin vy\u00f6t\u00e4r\u00f6linja Pro<\/strong> - on erityisesti kehitetty lis\u00e4ravinne, joka on suunniteltu auttamaan vartalon linjojen muokkaamisessa ja kehon painon hallinnassa. Sis\u00e4lt\u00e4\u00e4 luonnollisia ainesosia, jotka auttavat kiihdytt\u00e4m\u00e4\u00e4n rasvanpolttoa, tukahduttamaan ruokahalua ja edist\u00e4m\u00e4\u00e4n tervett\u00e4 aineenvaihduntaa, Waistline Pro auttaa sinua saavuttamaan parempia tuloksia halutun vartalon muotoilussa ja tarjoaa pitk\u00e4aikaista painonhallinnan tukea.<\/p>\n<p data-start=\"661\" data-end=\"1105\"><strong data-start=\"661\" data-end=\"684\">Miksi valita<\/strong>:<br data-start=\"685\" data-end=\"688\" \/>\u2714\ufe0f <strong data-start=\"691\" data-end=\"723\">Auttaa muokkaamaan vartalon linjoja<\/strong>: Edist\u00e4\u00e4 tervett\u00e4 painonpudotusta ja auttaa rakentamaan vahvan ja kiinte\u00e4n kehon.<br data-start=\"796\" data-end=\"799\" \/>\u2714\ufe0f <strong data-start=\"802\" data-end=\"828\">Luonnolliset ainesosat<\/strong>V: Sis\u00e4lt\u00e4\u00e4 vain luonnollisia kasviuutteita, jotka toimivat tehokkaasti ja turvallisesti.<br data-start=\"911\" data-end=\"914\" data-is-only-node=\"\" \/>\u2714\ufe0f <strong data-start=\"917\" data-end=\"936\">Tukahduttaa ruokahalua<\/strong>: Auttaa hallitsemaan n\u00e4lk\u00e4\u00e4 ja v\u00e4hent\u00e4\u00e4 ylensy\u00f6nnin todenn\u00e4k\u00f6isyytt\u00e4.<br data-start=\"1006\" data-end=\"1009\" \/>\u2714\ufe0f <strong data-start=\"1012\" data-end=\"1040\">Parantaa aineenvaihduntaa<\/strong>: Edist\u00e4\u00e4 nopeampaa rasvanpolttoa ja tervett\u00e4 aineenvaihduntaa.<\/p>","protected":false},"featured_media":41011,"comment_status":"open","ping_status":"closed","template":"","meta":{"_acf_changed":true},"product_brand":[441],"product_cat":[123,57,260,266,262,264],"product_tag":[],"class_list":{"0":"post-40976","1":"product","2":"type-product","3":"status-publish","4":"has-post-thumbnail","6":"product_brand-natures-finest","7":"product_cat-papildai-ilgaamziskumui","8":"product_cat-akcijos","9":"product_cat-energijai-ir-apykaitai","10":"product_cat-fermentai-ir-virskinimas","11":"product_cat-medziagu-apykaita","12":"product_cat-virskinimui-ir-detoksui","14":"first","15":"instock","16":"sale","17":"shipping-taxable","18":"purchasable","19":"product-type-simple"},"acf":[],"tiered_pricing_type":"fixed","tiered_pricing_fixed_rules":[],"tiered_pricing_product_settings":{"layout":"default","base_unit_name":{"singular":null,"plural":null},"default_variation":null},"tiered_pricing_minimum_quantity":null,"tiered_pricing_roles_data":[],"tiered_pricing_percentage_rules":[],"_links":{"self":[{"href":"https:\/\/purama.lt\/fi\/wp-json\/wp\/v2\/product\/40976","targetHints":{"allow":["GET"]}}],"collection":[{"href":"https:\/\/purama.lt\/fi\/wp-json\/wp\/v2\/product"}],"about":[{"href":"https:\/\/purama.lt\/fi\/wp-json\/wp\/v2\/types\/product"}],"replies":[{"embeddable":true,"href":"https:\/\/purama.lt\/fi\/wp-json\/wp\/v2\/comments?post=40976"}],"wp:featuredmedia":[{"embeddable":true,"href":"https:\/\/purama.lt\/fi\/wp-json\/wp\/v2\/media\/41011"}],"wp:attachment":[{"href":"https:\/\/purama.lt\/fi\/wp-json\/wp\/v2\/media?parent=40976"}],"wp:term":[{"taxonomy":"product_brand","embeddable":true,"href":"https:\/\/purama.lt\/fi\/wp-json\/wp\/v2\/product_brand?post=40976"},{"taxonomy":"product_cat","embeddable":true,"href":"https:\/\/purama.lt\/fi\/wp-json\/wp\/v2\/product_cat?post=40976"},{"taxonomy":"product_tag","embeddable":true,"href":"https:\/\/purama.lt\/fi\/wp-json\/wp\/v2\/product_tag?post=40976"}],"curies":[{"name":"wp","href":"https:\/\/api.w.org\/{rel}","templated":true}]}}