{"id":40974,"date":"2025-10-21T09:21:20","date_gmt":"2025-10-21T07:21:20","guid":{"rendered":"https:\/\/purama.lt\/produktas\/natures-finest-atminciai\/"},"modified":"2026-04-16T13:17:37","modified_gmt":"2026-04-16T11:17:37","slug":"natures-finest-okmemory","status":"publish","type":"product","link":"https:\/\/purama.lt\/fi\/produktas\/natures-finest-atminciai\/","title":{"rendered":"Luonnon hienoin muisti"},"content":{"rendered":"<div class=\"purama-ebook-promo\">\r\n  <div class=\"pep-content\">\r\n    <span class=\"pep-eyebrow\">Nature's Finest -tuotteiden ostaminen<\/span>\r\n    <h2 class=\"pep-title\">Ilmainen eBook lahjoitus<\/h2>\r\n    <p class=\"pep-desc\">Asiantuntijoidemme vinkkej\u00e4 ja reseptej\u00e4, jotka auttavat sinua matkallasi terveelliseen ruokavalioon ja p\u00e4ivitt\u00e4iseen harjoitteluun - <strong>lahja jokaisen Nature's Finest -tilauksen yhteydess\u00e4 alkaen 30 \u20ac.<\/strong><\/p>\r\n  <\/div>\r\n  <div class=\"pep-visual\">\r\n    <img decoding=\"async\" src=\"https:\/\/purama.lt\/wp-content\/uploads\/2026\/04\/receptu-knyga.png\" alt=\"Ilmainen e-kirja lahjaksi Nature&#039;s Finest-tilausten yhteydess\u00e4 30 \u20ac:sta alkaen.\" loading=\"lazy\" \/>\r\n  <\/div>\r\n<\/div>\r\n\r\n<style>\r\n.purama-ebook-promo{\r\n  font-family:Inter,-apple-system,BlinkMacSystemFont,sans-serif;\r\n  display:grid;\r\n  grid-template-columns:1.1fr 1fr;\r\n  gap:48px;\r\n  align-items:center;\r\n  padding:48px;\r\n  margin:32px 0;\r\n  background:#f8f8f8;\r\n  border:1px solid #eee;\r\n  border-radius:12px;\r\n  position:relative;\r\n  overflow:hidden;\r\n}\r\n.purama-ebook-promo::before{\r\n  content:\"\";\r\n  position:absolute;\r\n  top:-120px;right:-120px;\r\n  width:340px;height:340px;\r\n  background:radial-gradient(circle,rgba(220,152,20,.08) 0%,transparent 70%);\r\n  border-radius:50%;\r\n  pointer-events:none;\r\n}\r\n.pep-content{position:relative;z-index:2;}\r\n.pep-eyebrow{\r\n  display:inline-block;\r\n  font-family:Inter,sans-serif;\r\n  font-size:13px;\r\n  font-weight:600;\r\n  letter-spacing:.3px;\r\n  text-transform:uppercase;\r\n  color:#dc9814;\r\n  margin-bottom:14px;\r\n  line-height:1.5;\r\n}\r\n.pep-title{\r\n  font-family:Inter,sans-serif;\r\n  font-size:34px;\r\n  line-height:1.2;\r\n  font-weight:600;\r\n  letter-spacing:-.5px;\r\n  color:#111;\r\n  margin:0 0 18px;\r\n}\r\n.pep-desc{\r\n  font-family:Inter,sans-serif;\r\n  font-size:16px;\r\n  line-height:1.6;\r\n  font-weight:400;\r\n  color:#444;\r\n  margin:0;\r\n}\r\n.pep-desc strong{\r\n  font-weight:600;\r\n  color:#111;\r\n}\r\n.pep-visual{\r\n  position:relative;\r\n  z-index:2;\r\n  text-align:center;\r\n}\r\n.pep-visual img{\r\n  max-width:100%;\r\n  height:auto;\r\n  filter:drop-shadow(0 22px 44px rgba(0,0,0,.15));\r\n  transform:rotate(-2deg);\r\n  transition:transform .4s ease;\r\n}\r\n.pep-visual img:hover{transform:rotate(0deg) scale(1.02);}\r\n@media (max-width:860px){\r\n  .purama-ebook-promo{\r\n    grid-template-columns:1fr;\r\n    padding:28px 22px;\r\n    gap:24px;\r\n  }\r\n  .pep-title{font-size:26px;}\r\n  .pep-visual img{max-width:260px;transform:rotate(0deg);}\r\n}\r\n<\/style>\n\n\n\n<p><strong>Kulutus<\/strong>:<br>On suositeltavaa ottaa 1-2 mittalusikallista jauhetta p\u00e4iv\u00e4ss\u00e4 sekoitettuna veteen, smoothieen tai suosikkijuomaasi. Ihannetapauksessa se tulisi ottaa aamulla tai ennen henkisi\u00e4 haasteita (esim. ennen ty\u00f6t\u00e4 tai opiskelua). \u00c4l\u00e4 ylit\u00e4 m\u00e4\u00e4r\u00e4tty\u00e4 annosta.<\/p>\n\n\n\n<p><strong>Ainesosat<\/strong>:<\/p>\n\n\n\n<ol class=\"wp-block-list\">\n<li><strong>Ginkgo Biloba<\/strong> - kasvi, joka parantaa aivojen verenkiertoa ja edist\u00e4\u00e4 muistia.<\/li>\n\n\n\n<li><strong>B6-vitamiini<\/strong> - t\u00e4rke\u00e4 tekij\u00e4 hermoston toiminnan ja henkisen suorituskyvyn kannalta.<\/li>\n\n\n\n<li><strong>Omega-3-rasvahapot<\/strong> - auttaa parantamaan aivojen terveytt\u00e4 ja toimintaa.<\/li>\n\n\n\n<li><strong>Ginseng<\/strong> - kasvi, joka parantaa keskittymiskyky\u00e4 ja henkist\u00e4 energiatasoa.<\/li>\n\n\n\n<li><strong>Sinkki<\/strong> - t\u00e4rke\u00e4 tekij\u00e4 aivojen normaalin toiminnan ja henkisen selkeyden yll\u00e4pit\u00e4misess\u00e4.<\/li>\n<\/ol>\n\n\n\n<p><strong>Elintarvikkeiden k\u00e4sittelytodistus:&nbsp;<\/strong>69MTSPA-667<\/p>\n\n\n\n<p>Etsitk\u00f6 lis\u00e4\u00e4? Katso kaikki <a href=\"\/fi\/tuoteselosteet\/natures-finest\/\">Nature's Finest -valikoima<\/a>.<\/p>","protected":false},"excerpt":{"rendered":"<p data-start=\"240\" data-end=\"673\"><strong>Luonnon hienoin OkMemory<\/strong> - on luonnollinen lis\u00e4ravinne, joka on suunniteltu parantamaan muistia, keskittymiskyky\u00e4 ja yleist\u00e4 aivotoimintaa. Sen kasviper\u00e4iset ainesosat ja vitamiinit auttavat tukemaan mielenterveytt\u00e4, torjumaan v\u00e4symyst\u00e4 ja stressi\u00e4 sek\u00e4 parantamaan henkist\u00e4 suorituskyky\u00e4. OkMemory on t\u00e4ydellinen valinta niille, jotka haluavat parantaa aivojen toimintaa ja muistia sek\u00e4 v\u00e4hent\u00e4\u00e4 aivojen v\u00e4symist\u00e4 ja parantaa keskittymiskyky\u00e4.<\/p>\n<p data-start=\"675\" data-end=\"1171\"><strong data-start=\"675\" data-end=\"698\">Miksi valita<\/strong>:<br data-start=\"699\" data-end=\"702\" \/>\u2714\ufe0f <strong data-start=\"705\" data-end=\"744\">Parempi muisti ja keskittymiskyky<\/strong>: Ainesosat, jotka auttavat vahvistamaan muistia ja keskittymist\u00e4.<br data-start=\"802\" data-end=\"805\" \/>\u2714\ufe0f <strong data-start=\"808\" data-end=\"844\">Luonnolliset ja turvalliset ainesosat<\/strong>V: Sis\u00e4lt\u00e4\u00e4 vain luonnollisia kasviuutteita ja vitamiineja tehokkuuden ja turvallisuuden varmistamiseksi.<br data-start=\"945\" data-end=\"948\" \/>\u2714\ufe0f <strong data-start=\"951\" data-end=\"979\">Parempi aivotoiminta<\/strong>A: Parantaa henkist\u00e4 suorituskyky\u00e4, v\u00e4hent\u00e4\u00e4 v\u00e4symyst\u00e4 ja auttaa yll\u00e4pit\u00e4m\u00e4\u00e4n henkist\u00e4 vireystilaa.<br data-start=\"1058\" data-end=\"1061\" \/>\u2714\ufe0f <strong data-start=\"1064\" data-end=\"1086\">Helppok\u00e4ytt\u00f6isyys<\/strong>K\u00e4tev\u00e4 jauhe, joka sekoittuu helposti juomiin ja tuottaa v\u00e4litt\u00f6mi\u00e4 vaikutuksia.<\/p>","protected":false},"featured_media":41025,"comment_status":"open","ping_status":"closed","template":"","meta":{"_acf_changed":false},"product_brand":[441],"product_cat":[123,57,257,259,256,258],"product_tag":[],"class_list":{"0":"post-40974","1":"product","2":"type-product","3":"status-publish","4":"has-post-thumbnail","6":"product_brand-natures-finest","7":"product_cat-papildai-ilgaamziskumui","8":"product_cat-akcijos","9":"product_cat-atmintis-ir-demesys","10":"product_cat-nuotaika-ir-stresas","11":"product_cat-smegenims-ir-atminciai","12":"product_cat-smegenu-apsauga","14":"first","15":"instock","16":"sale","17":"shipping-taxable","18":"purchasable","19":"product-type-simple"},"acf":[],"tiered_pricing_type":"fixed","tiered_pricing_fixed_rules":[],"tiered_pricing_product_settings":{"layout":"default","base_unit_name":{"singular":null,"plural":null},"default_variation":null},"tiered_pricing_minimum_quantity":null,"tiered_pricing_roles_data":[],"tiered_pricing_percentage_rules":[],"_links":{"self":[{"href":"https:\/\/purama.lt\/fi\/wp-json\/wp\/v2\/product\/40974","targetHints":{"allow":["GET"]}}],"collection":[{"href":"https:\/\/purama.lt\/fi\/wp-json\/wp\/v2\/product"}],"about":[{"href":"https:\/\/purama.lt\/fi\/wp-json\/wp\/v2\/types\/product"}],"replies":[{"embeddable":true,"href":"https:\/\/purama.lt\/fi\/wp-json\/wp\/v2\/comments?post=40974"}],"wp:featuredmedia":[{"embeddable":true,"href":"https:\/\/purama.lt\/fi\/wp-json\/wp\/v2\/media\/41025"}],"wp:attachment":[{"href":"https:\/\/purama.lt\/fi\/wp-json\/wp\/v2\/media?parent=40974"}],"wp:term":[{"taxonomy":"product_brand","embeddable":true,"href":"https:\/\/purama.lt\/fi\/wp-json\/wp\/v2\/product_brand?post=40974"},{"taxonomy":"product_cat","embeddable":true,"href":"https:\/\/purama.lt\/fi\/wp-json\/wp\/v2\/product_cat?post=40974"},{"taxonomy":"product_tag","embeddable":true,"href":"https:\/\/purama.lt\/fi\/wp-json\/wp\/v2\/product_tag?post=40974"}],"curies":[{"name":"wp","href":"https:\/\/api.w.org\/{rel}","templated":true}]}}