{"id":40973,"date":"2025-10-21T09:21:17","date_gmt":"2025-10-21T07:21:17","guid":{"rendered":"https:\/\/purama.lt\/produktas\/natures-finest-venu-prieziurai\/"},"modified":"2026-04-16T13:17:46","modified_gmt":"2026-04-16T11:17:46","slug":"natures-finest-elainlaakarin-hoitoon","status":"publish","type":"product","link":"https:\/\/purama.lt\/fi\/produktas\/natures-finest-venu-prieziurai\/","title":{"rendered":"Luonnon hienointa Vein Care"},"content":{"rendered":"<div class=\"purama-ebook-promo\">\r\n  <div class=\"pep-content\">\r\n    <span class=\"pep-eyebrow\">Nature's Finest -tuotteiden ostaminen<\/span>\r\n    <h2 class=\"pep-title\">Ilmainen eBook lahjoitus<\/h2>\r\n    <p class=\"pep-desc\">Asiantuntijoidemme vinkkej\u00e4 ja reseptej\u00e4, jotka auttavat sinua matkallasi terveelliseen ruokavalioon ja p\u00e4ivitt\u00e4iseen harjoitteluun - <strong>lahja jokaisen Nature's Finest -tilauksen yhteydess\u00e4 alkaen 30 \u20ac.<\/strong><\/p>\r\n  <\/div>\r\n  <div class=\"pep-visual\">\r\n    <img decoding=\"async\" src=\"https:\/\/purama.lt\/wp-content\/uploads\/2026\/04\/receptu-knyga.png\" alt=\"Ilmainen e-kirja lahjaksi Nature&#039;s Finest-tilausten yhteydess\u00e4 30 \u20ac:sta alkaen.\" loading=\"lazy\" \/>\r\n  <\/div>\r\n<\/div>\r\n\r\n<style>\r\n.purama-ebook-promo{\r\n  font-family:Inter,-apple-system,BlinkMacSystemFont,sans-serif;\r\n  display:grid;\r\n  grid-template-columns:1.1fr 1fr;\r\n  gap:48px;\r\n  align-items:center;\r\n  padding:48px;\r\n  margin:32px 0;\r\n  background:#f8f8f8;\r\n  border:1px solid #eee;\r\n  border-radius:12px;\r\n  position:relative;\r\n  overflow:hidden;\r\n}\r\n.purama-ebook-promo::before{\r\n  content:\"\";\r\n  position:absolute;\r\n  top:-120px;right:-120px;\r\n  width:340px;height:340px;\r\n  background:radial-gradient(circle,rgba(220,152,20,.08) 0%,transparent 70%);\r\n  border-radius:50%;\r\n  pointer-events:none;\r\n}\r\n.pep-content{position:relative;z-index:2;}\r\n.pep-eyebrow{\r\n  display:inline-block;\r\n  font-family:Inter,sans-serif;\r\n  font-size:13px;\r\n  font-weight:600;\r\n  letter-spacing:.3px;\r\n  text-transform:uppercase;\r\n  color:#dc9814;\r\n  margin-bottom:14px;\r\n  line-height:1.5;\r\n}\r\n.pep-title{\r\n  font-family:Inter,sans-serif;\r\n  font-size:34px;\r\n  line-height:1.2;\r\n  font-weight:600;\r\n  letter-spacing:-.5px;\r\n  color:#111;\r\n  margin:0 0 18px;\r\n}\r\n.pep-desc{\r\n  font-family:Inter,sans-serif;\r\n  font-size:16px;\r\n  line-height:1.6;\r\n  font-weight:400;\r\n  color:#444;\r\n  margin:0;\r\n}\r\n.pep-desc strong{\r\n  font-weight:600;\r\n  color:#111;\r\n}\r\n.pep-visual{\r\n  position:relative;\r\n  z-index:2;\r\n  text-align:center;\r\n}\r\n.pep-visual img{\r\n  max-width:100%;\r\n  height:auto;\r\n  filter:drop-shadow(0 22px 44px rgba(0,0,0,.15));\r\n  transform:rotate(-2deg);\r\n  transition:transform .4s ease;\r\n}\r\n.pep-visual img:hover{transform:rotate(0deg) scale(1.02);}\r\n@media (max-width:860px){\r\n  .purama-ebook-promo{\r\n    grid-template-columns:1fr;\r\n    padding:28px 22px;\r\n    gap:24px;\r\n  }\r\n  .pep-title{font-size:26px;}\r\n  .pep-visual img{max-width:260px;transform:rotate(0deg);}\r\n}\r\n<\/style>\n\n\n\n<p><strong>Kulutus<\/strong>:<br>On suositeltavaa ottaa 1-2 mittalusikallista jauhetta p\u00e4iv\u00e4ss\u00e4, sekoitettuna veteen, smoothieen tai suosikkijuomaasi. Se on parasta ottaa aamulla tai illalla parhaan vaikutuksen aikaansaamiseksi. \u00c4l\u00e4 ylit\u00e4 m\u00e4\u00e4r\u00e4tty\u00e4 annosta.<\/p>\n\n\n\n<p><strong>Ainesosat<\/strong>:<\/p>\n\n\n\n<ol class=\"wp-block-list\">\n<li><strong>Viiniryp\u00e4leen siemenuute<\/strong> - vahvistaa verisuonten sein\u00e4mi\u00e4 ja parantaa verenkiertoa.<\/li>\n\n\n\n<li><strong>Sinkki<\/strong> - auttaa yll\u00e4pit\u00e4m\u00e4\u00e4n verisuonten normaalia toimintaa ja suonten terveytt\u00e4.<\/li>\n\n\n\n<li><strong>Hesperidiini<\/strong> - flavonoidi, joka vahvistaa kapillaareja ja parantaa veren virtausta suonissa.<\/li>\n\n\n\n<li><strong>C-vitamiini<\/strong> - auttaa yll\u00e4pit\u00e4m\u00e4\u00e4n verisuonten terveytt\u00e4 ja on t\u00e4rke\u00e4 antioksidantti.<\/li>\n\n\n\n<li><strong>Ginkgo uute<\/strong> - parantaa verenkiertoa ja auttaa torjumaan raskauden tunnetta jaloissa.<\/li>\n<\/ol>\n\n\n\n<p><strong>Elintarvikkeiden k\u00e4sittelytodistus:&nbsp;<\/strong>69MTSPA-667<\/p>\n\n\n\n<p>Etsitk\u00f6 lis\u00e4\u00e4? Katso kaikki <a href=\"\/fi\/tuoteselosteet\/natures-finest\/\">Nature's Finest -valikoima<\/a>.<\/p>","protected":false},"excerpt":{"rendered":"<p data-start=\"235\" data-end=\"618\"><strong>Luonnon hienoin suoni Up<\/strong> - on luonnollinen lis\u00e4ravinne, joka on suunniteltu tukemaan tervett\u00e4 verenkiertoa ja laskimoiden toimintaa. Vein Up -valmiste on rikastettu kasviper\u00e4isill\u00e4 ainesosilla, jotka auttavat vahvistamaan verisuonia, parantamaan verenkiertoa ja v\u00e4hent\u00e4m\u00e4\u00e4n suonikohjujen oireita. Se on erinomainen valinta niille, jotka haluavat parantaa suoniensa terveytt\u00e4 ja edist\u00e4\u00e4 parempaa verenkiertoa.<\/p>\n<p data-start=\"620\" data-end=\"1070\"><strong data-start=\"620\" data-end=\"643\">Miksi valita<\/strong>:<br data-start=\"644\" data-end=\"647\" \/>\u2714\ufe0f <strong data-start=\"650\" data-end=\"684\">Terveemm\u00e4t suonet ja verenkierto<\/strong>A: Auttaa vahvistamaan verisuonia ja parantamaan verenkiertoa.<br data-start=\"737\" data-end=\"740\" \/>\u2714\ufe0f <strong data-start=\"743\" data-end=\"769\">Luonnolliset ainesosat<\/strong>: Sis\u00e4lt\u00e4\u00e4 vain luonnollisia ainesosia, jotka tukevat suoniston ja verenkiertoelimist\u00f6n terveytt\u00e4.<br data-start=\"859\" data-end=\"862\" data-is-only-node=\"\" \/>\u2714\ufe0f <strong data-start=\"865\" data-end=\"894\">Auttaa torjumaan suonikohjuja<\/strong>: V\u00e4hent\u00e4\u00e4 suonikohjujen oireita, kuten jalkojen turvotusta ja raskautta.<br data-start=\"967\" data-end=\"970\" \/>\u2714\ufe0f <strong data-start=\"973\" data-end=\"995\">Helppok\u00e4ytt\u00f6isyys<\/strong>K\u00e4tev\u00e4 jauhe, joka on helppo sekoittaa juomaan ja ottaa p\u00e4ivitt\u00e4in.<\/p>\n<p><strong data-start=\"1056\" data-end=\"1113\" data-is-only-node=\"\">Etsitk\u00f6 lis\u00e4\u00e4 Nature's Finest? <a href=\"https:\/\/purama.lt\/fi\/tuoteselosteet\/natures-finest\/\">Katso koko Nature's Finest -valikoima<\/a><\/strong><\/p>","protected":false},"featured_media":41007,"comment_status":"open","ping_status":"closed","template":"","meta":{"_acf_changed":false},"product_brand":[441],"product_cat":[123,57,260,263],"product_tag":[],"class_list":{"0":"post-40973","1":"product","2":"type-product","3":"status-publish","4":"has-post-thumbnail","6":"product_brand-natures-finest","7":"product_cat-papildai-ilgaamziskumui","8":"product_cat-akcijos","9":"product_cat-energijai-ir-apykaitai","10":"product_cat-fizine-istverme","12":"first","13":"instock","14":"sale","15":"shipping-taxable","16":"purchasable","17":"product-type-simple"},"acf":[],"tiered_pricing_type":"fixed","tiered_pricing_fixed_rules":[],"tiered_pricing_product_settings":{"layout":"default","base_unit_name":{"singular":null,"plural":null},"default_variation":null},"tiered_pricing_minimum_quantity":null,"tiered_pricing_roles_data":[],"tiered_pricing_percentage_rules":[],"_links":{"self":[{"href":"https:\/\/purama.lt\/fi\/wp-json\/wp\/v2\/product\/40973","targetHints":{"allow":["GET"]}}],"collection":[{"href":"https:\/\/purama.lt\/fi\/wp-json\/wp\/v2\/product"}],"about":[{"href":"https:\/\/purama.lt\/fi\/wp-json\/wp\/v2\/types\/product"}],"replies":[{"embeddable":true,"href":"https:\/\/purama.lt\/fi\/wp-json\/wp\/v2\/comments?post=40973"}],"wp:featuredmedia":[{"embeddable":true,"href":"https:\/\/purama.lt\/fi\/wp-json\/wp\/v2\/media\/41007"}],"wp:attachment":[{"href":"https:\/\/purama.lt\/fi\/wp-json\/wp\/v2\/media?parent=40973"}],"wp:term":[{"taxonomy":"product_brand","embeddable":true,"href":"https:\/\/purama.lt\/fi\/wp-json\/wp\/v2\/product_brand?post=40973"},{"taxonomy":"product_cat","embeddable":true,"href":"https:\/\/purama.lt\/fi\/wp-json\/wp\/v2\/product_cat?post=40973"},{"taxonomy":"product_tag","embeddable":true,"href":"https:\/\/purama.lt\/fi\/wp-json\/wp\/v2\/product_tag?post=40973"}],"curies":[{"name":"wp","href":"https:\/\/api.w.org\/{rel}","templated":true}]}}