{"id":40971,"date":"2025-10-21T09:21:15","date_gmt":"2025-10-21T07:21:15","guid":{"rendered":"https:\/\/purama.lt\/produktas\/natures-finest-testosterono-palaikymui\/"},"modified":"2026-04-17T12:16:08","modified_gmt":"2026-04-17T10:16:08","slug":"natures-finest-testopro-extreme","status":"publish","type":"product","link":"https:\/\/purama.lt\/fi\/produktas\/natures-finest-testosterono-palaikymui\/","title":{"rendered":"Luonnon hienointa testosteronin tukea varten"},"content":{"rendered":"<div class=\"purama-ebook-promo\">\r\n  <div class=\"pep-content\">\r\n    <span class=\"pep-eyebrow\">Nature's Finest -tuotteiden ostaminen<\/span>\r\n    <h2 class=\"pep-title\">Ilmainen eBook lahjoitus<\/h2>\r\n    <p class=\"pep-desc\">Asiantuntijoidemme vinkkej\u00e4 ja reseptej\u00e4, jotka auttavat sinua matkallasi terveelliseen ruokavalioon ja p\u00e4ivitt\u00e4iseen harjoitteluun - <strong>lahja jokaisen Nature's Finest -tilauksen yhteydess\u00e4 alkaen 30 \u20ac.<\/strong><\/p>\r\n  <\/div>\r\n  <div class=\"pep-visual\">\r\n    <img decoding=\"async\" src=\"https:\/\/purama.lt\/wp-content\/uploads\/2026\/04\/receptu-knyga.png\" alt=\"Ilmainen e-kirja lahjaksi Nature&#039;s Finest-tilausten yhteydess\u00e4 30 \u20ac:sta alkaen.\" loading=\"lazy\" \/>\r\n  <\/div>\r\n<\/div>\r\n\r\n<style>\r\n.purama-ebook-promo{\r\n  font-family:Inter,-apple-system,BlinkMacSystemFont,sans-serif;\r\n  display:grid;\r\n  grid-template-columns:1.1fr 1fr;\r\n  gap:48px;\r\n  align-items:center;\r\n  padding:48px;\r\n  margin:32px 0;\r\n  background:#f8f8f8;\r\n  border:1px solid #eee;\r\n  border-radius:12px;\r\n  position:relative;\r\n  overflow:hidden;\r\n}\r\n.purama-ebook-promo::before{\r\n  content:\"\";\r\n  position:absolute;\r\n  top:-120px;right:-120px;\r\n  width:340px;height:340px;\r\n  background:radial-gradient(circle,rgba(220,152,20,.08) 0%,transparent 70%);\r\n  border-radius:50%;\r\n  pointer-events:none;\r\n}\r\n.pep-content{position:relative;z-index:2;}\r\n.pep-eyebrow{\r\n  display:inline-block;\r\n  font-family:Inter,sans-serif;\r\n  font-size:13px;\r\n  font-weight:600;\r\n  letter-spacing:.3px;\r\n  text-transform:uppercase;\r\n  color:#dc9814;\r\n  margin-bottom:14px;\r\n  line-height:1.5;\r\n}\r\n.pep-title{\r\n  font-family:Inter,sans-serif;\r\n  font-size:34px;\r\n  line-height:1.2;\r\n  font-weight:600;\r\n  letter-spacing:-.5px;\r\n  color:#111;\r\n  margin:0 0 18px;\r\n}\r\n.pep-desc{\r\n  font-family:Inter,sans-serif;\r\n  font-size:16px;\r\n  line-height:1.6;\r\n  font-weight:400;\r\n  color:#444;\r\n  margin:0;\r\n}\r\n.pep-desc strong{\r\n  font-weight:600;\r\n  color:#111;\r\n}\r\n.pep-visual{\r\n  position:relative;\r\n  z-index:2;\r\n  text-align:center;\r\n}\r\n.pep-visual img{\r\n  max-width:100%;\r\n  height:auto;\r\n  filter:drop-shadow(0 22px 44px rgba(0,0,0,.15));\r\n  transform:rotate(-2deg);\r\n  transition:transform .4s ease;\r\n}\r\n.pep-visual img:hover{transform:rotate(0deg) scale(1.02);}\r\n@media (max-width:860px){\r\n  .purama-ebook-promo{\r\n    grid-template-columns:1fr;\r\n    padding:28px 22px;\r\n    gap:24px;\r\n  }\r\n  .pep-title{font-size:26px;}\r\n  .pep-visual img{max-width:260px;transform:rotate(0deg);}\r\n}\r\n<\/style>\n\n\n\n<p><strong>Kulutus<\/strong>:<br>On suositeltavaa ottaa 1-2 mittalusikallista jauhetta p\u00e4iv\u00e4ss\u00e4 sekoitettuna veteen, smoothieen tai suosikkijuomaasi. Ihannetapauksessa otetaan aamulla tai ennen treeni\u00e4 maksimaalisen vaikutuksen saavuttamiseksi. \u00c4l\u00e4 ylit\u00e4 m\u00e4\u00e4r\u00e4tty\u00e4 annosta.<\/p>\n\n\n\n<p><strong>Ainesosat<\/strong>:<\/p>\n\n\n\n<ol class=\"wp-block-list\">\n<li><strong>ZMA (sinkki, magnesium, B6-vitamiini)<\/strong> - t\u00e4rke\u00e4 tekij\u00e4 lihasten toiminnan ja testosteronin tuotannon parantamiseksi.<\/li>\n\n\n\n<li><strong>Maca-juuri<\/strong> - kasvi, joka auttaa parantamaan energiatasoja ja kest\u00e4vyytt\u00e4.<\/li>\n\n\n\n<li><strong>Tribulus terrestris<\/strong> - auttaa stimuloimaan testosteronin tuotantoa ja lihasten kasvua.<\/li>\n\n\n\n<li><strong>Sarviapila (baltteri)<\/strong> - parantaa testosteronitasoja ja lihasten palautumista harjoittelun j\u00e4lkeen.<\/li>\n\n\n\n<li><strong>Ashwaganda<\/strong> - Adaptogeeni, joka torjuu stressin vaikutuksia ja auttaa sinua palautumaan nopeammin harjoituksen j\u00e4lkeen.<\/li>\n\n\n\n<li><strong>L-karnitiini<\/strong> - Auttaa polttamaan rasvaa ja lis\u00e4\u00e4m\u00e4\u00e4n kest\u00e4vyytt\u00e4 parantamalla fyysist\u00e4 kuntoa.<\/li>\n<\/ol>\n\n\n\n<p><strong>Elintarvikkeiden k\u00e4sittelytodistus:&nbsp;<\/strong>69MTSPA-667<\/p>\n\n\n\n<p>Etsitk\u00f6 lis\u00e4\u00e4? Katso kaikki <a href=\"\/fi\/tuoteselosteet\/natures-finest\/\">Nature's Finest -valikoima<\/a>.<\/p>","protected":false},"excerpt":{"rendered":"<p data-start=\"300\" data-end=\"606\"><strong>Luonnon hienoin Testopro Extreme 6-in-1 -valmiste<\/strong> - on korkealaatuinen lis\u00e4osa, joka on suunniteltu lis\u00e4\u00e4m\u00e4\u00e4n testosteronitasoja kehossa ja parantamaan fyysist\u00e4 kuntoa. Se sis\u00e4lt\u00e4\u00e4 kuusi aktiivista ainesosaa, jotka auttavat luonnollisesti nostamaan testosteronitasoja, parantamaan lihasten kasvua ja palautumista harjoitusten j\u00e4lkeen.<\/p>\n<p data-start=\"608\" data-end=\"1141\"><strong data-start=\"608\" data-end=\"631\">Miksi valita<\/strong>:<br data-start=\"632\" data-end=\"635\" \/>\u2714\ufe0f <strong data-start=\"638\" data-end=\"663\">Kattava vaikutus<\/strong>V: Testopro Extreme 6-in-1 ei ainoastaan auta nostamaan testosteronitasoja, vaan my\u00f6s parantamaan fyysist\u00e4 kuntoa ja lihasten kasvua.<br data-start=\"783\" data-end=\"786\" \/>\u2714\ufe0f <strong data-start=\"789\" data-end=\"815\">Luonnolliset ainesosat<\/strong>V: Jokainen ainesosa on luonnollinen ja turvallinen, ja sen tehokkuudesta on tieteellist\u00e4 n\u00e4ytt\u00f6\u00e4.<br data-start=\"908\" data-end=\"911\" \/>\u2714\ufe0f <strong data-start=\"914\" data-end=\"943\">Nopeutettu elpyminen<\/strong>: Nopeampi palautuminen ja enemm\u00e4n energiaa intensiivisen harjoittelun j\u00e4lkeen.<br data-start=\"1016\" data-end=\"1019\" \/>\u2714\ufe0f <strong data-start=\"1022\" data-end=\"1040\">Riitt\u00e4v\u00e4 laatu<\/strong>: Nature's Finest -tuotteet testataan tarkasti, jotta varmistetaan korkein laatu ja suorituskyky.<\/p>","protected":false},"featured_media":41016,"comment_status":"open","ping_status":"closed","template":"","meta":{"_acf_changed":false},"product_brand":[441],"product_cat":[277,57,123,276],"product_tag":[],"class_list":{"0":"post-40971","1":"product","2":"type-product","3":"status-publish","4":"has-post-thumbnail","6":"product_brand-natures-finest","7":"product_cat-vyrams","8":"product_cat-akcijos","9":"product_cat-papildai-ilgaamziskumui","10":"product_cat-seksualinei-sveikatai","12":"first","13":"instock","14":"sale","15":"shipping-taxable","16":"purchasable","17":"product-type-simple"},"acf":[],"tiered_pricing_type":"fixed","tiered_pricing_fixed_rules":[],"tiered_pricing_product_settings":{"layout":"default","base_unit_name":{"singular":null,"plural":null},"default_variation":null},"tiered_pricing_minimum_quantity":null,"tiered_pricing_roles_data":[],"tiered_pricing_percentage_rules":[],"_links":{"self":[{"href":"https:\/\/purama.lt\/fi\/wp-json\/wp\/v2\/product\/40971","targetHints":{"allow":["GET"]}}],"collection":[{"href":"https:\/\/purama.lt\/fi\/wp-json\/wp\/v2\/product"}],"about":[{"href":"https:\/\/purama.lt\/fi\/wp-json\/wp\/v2\/types\/product"}],"replies":[{"embeddable":true,"href":"https:\/\/purama.lt\/fi\/wp-json\/wp\/v2\/comments?post=40971"}],"wp:featuredmedia":[{"embeddable":true,"href":"https:\/\/purama.lt\/fi\/wp-json\/wp\/v2\/media\/41016"}],"wp:attachment":[{"href":"https:\/\/purama.lt\/fi\/wp-json\/wp\/v2\/media?parent=40971"}],"wp:term":[{"taxonomy":"product_brand","embeddable":true,"href":"https:\/\/purama.lt\/fi\/wp-json\/wp\/v2\/product_brand?post=40971"},{"taxonomy":"product_cat","embeddable":true,"href":"https:\/\/purama.lt\/fi\/wp-json\/wp\/v2\/product_cat?post=40971"},{"taxonomy":"product_tag","embeddable":true,"href":"https:\/\/purama.lt\/fi\/wp-json\/wp\/v2\/product_tag?post=40971"}],"curies":[{"name":"wp","href":"https:\/\/api.w.org\/{rel}","templated":true}]}}