{"id":40897,"date":"2025-10-20T08:12:10","date_gmt":"2025-10-20T06:12:10","guid":{"rendered":"https:\/\/purama.lt\/produktas\/puremetics-3-in-1-kuno-sveitiklis-silkas\/"},"modified":"2026-04-14T09:24:02","modified_gmt":"2026-04-14T07:24:02","slug":"puremetics-3-in-1-puuvillainen-vartalonpuhdistusaine","status":"publish","type":"product","link":"https:\/\/purama.lt\/fi\/produktas\/puremetics-3-in-1-cotton-kuno-sveitiklis\/","title":{"rendered":"Puremetics 3-in-1 puuvillainen vartalokuorinta"},"content":{"rendered":"<p><strong>K\u00e4ytt\u00f6<\/strong><br>Levit\u00e4 pieni m\u00e4\u00e4r\u00e4 kostealle iholle, vaahdota vedell\u00e4 ja hiero kevyesti; huuhtele pois.<br>Sopii jokap\u00e4iv\u00e4iseen k\u00e4ytt\u00f6\u00f6n<br>\u00c4l\u00e4 kostuta pakkausta: poista annos ennen suihkussa k\u00e4ynti\u00e4 tai siirr\u00e4 se vedenpit\u00e4v\u00e4\u00e4n astiaan; s\u00e4ilyt\u00e4 kuivana.<\/p>\n\n\n\n<p><strong>Ainesosat<\/strong><br>sakkaroosi, glyseriini, vesi, natriumlauroyyli-isetionaatti, sorbitoli, cocos nucifera -\u00f6ljy, dinatriumlauryylisulfosukkinaatti, natriumkloridi, hajuste, levuliinihappo, kaliumsorbaatti.<\/p>","protected":false},"excerpt":{"rendered":"<p data-start=\"0\" data-end=\"517\"><strong>3-in-1 Suihku Fluff \u2018cotton<\/strong>: kermainen 3-in-1-puhdistusaine, jossa on <strong data-start=\"98\" data-end=\"120\">sokerikuorinta<\/strong> ja kookos\u00f6ljy\u00e4 samaan aikaan <strong data-start=\"151\" data-end=\"194\">puhdistaa, kuorii hell\u00e4varaisesti ja hoitaa ihoa.<\/strong> oodi. Vaahto peseytyy helposti pois j\u00e4tt\u00e4en ihon sile\u00e4ksi ja pehme\u00e4ksi ilman rasvaisuutta. Virkist\u00e4v\u00e4, <strong data-start=\"275\" data-end=\"311\">puhdasta pyykki\u00e4 varten<\/strong> l\u00e4heinen tuoksu luo kodikkaan rituaalin p\u00e4ivitt\u00e4iseen suihkuun. Kaava perustuu mietoon pinta-aktiiviseen aineeseen. <em data-start=\"399\" data-end=\"427\">natriumlauroyyli-isetionaatti<\/em> ja kosteuttavaa glyseriini\u00e4 - hyvin tutkittu yhdistelm\u00e4, joka puhdistaa hell\u00e4varaisesti ja s\u00e4ilytt\u00e4\u00e4 kosteuden.<\/p>\n<p data-start=\"519\" data-end=\"824\"><strong data-start=\"519\" data-end=\"542\">Miksi valita<\/strong><br data-start=\"542\" data-end=\"545\" \/>\u2714\ufe0f 3 in 1: puhdistusaine, kuorinta ja vartalonhoito samassa tuotteessa.<br data-start=\"604\" data-end=\"607\" \/>\u2714\ufe0f Hienot sokerihiukkaset auttavat tasoittamaan ihon rakennetta.<br data-start=\"665\" data-end=\"668\" \/>\u2714\ufe0f Kookos\u00f6ljy ja glyseriini pehment\u00e4v\u00e4t ja auttavat s\u00e4ilytt\u00e4m\u00e4\u00e4n kosteutta.<br data-start=\"737\" data-end=\"740\" \/>\u2714\ufe0f Raikas, \u201epuhdas\u201c tuoksu.<br data-start=\"773\" data-end=\"776\" \/>\u2714\ufe0f Vegaaninen, muoviton, valmistettu Saksassa.<\/p>","protected":false},"featured_media":40880,"comment_status":"open","ping_status":"closed","template":"","meta":{"_acf_changed":false},"product_brand":[449],"product_cat":[382,92,300,500],"product_tag":[],"class_list":{"0":"post-40897","1":"product","2":"type-product","3":"status-publish","4":"has-post-thumbnail","6":"product_brand-puremetics","7":"product_cat-kuno-sveitikliai","8":"product_cat-groziui","9":"product_cat-kunui","10":"product_cat-outlet","12":"first","13":"instock","14":"sale","15":"shipping-taxable","16":"purchasable","17":"product-type-simple"},"acf":[],"tiered_pricing_type":"fixed","tiered_pricing_fixed_rules":[],"tiered_pricing_product_settings":{"layout":"default","base_unit_name":{"singular":null,"plural":null},"default_variation":null},"tiered_pricing_minimum_quantity":null,"tiered_pricing_roles_data":[],"tiered_pricing_percentage_rules":[],"_links":{"self":[{"href":"https:\/\/purama.lt\/fi\/wp-json\/wp\/v2\/product\/40897","targetHints":{"allow":["GET"]}}],"collection":[{"href":"https:\/\/purama.lt\/fi\/wp-json\/wp\/v2\/product"}],"about":[{"href":"https:\/\/purama.lt\/fi\/wp-json\/wp\/v2\/types\/product"}],"replies":[{"embeddable":true,"href":"https:\/\/purama.lt\/fi\/wp-json\/wp\/v2\/comments?post=40897"}],"wp:featuredmedia":[{"embeddable":true,"href":"https:\/\/purama.lt\/fi\/wp-json\/wp\/v2\/media\/40880"}],"wp:attachment":[{"href":"https:\/\/purama.lt\/fi\/wp-json\/wp\/v2\/media?parent=40897"}],"wp:term":[{"taxonomy":"product_brand","embeddable":true,"href":"https:\/\/purama.lt\/fi\/wp-json\/wp\/v2\/product_brand?post=40897"},{"taxonomy":"product_cat","embeddable":true,"href":"https:\/\/purama.lt\/fi\/wp-json\/wp\/v2\/product_cat?post=40897"},{"taxonomy":"product_tag","embeddable":true,"href":"https:\/\/purama.lt\/fi\/wp-json\/wp\/v2\/product_tag?post=40897"}],"curies":[{"name":"wp","href":"https:\/\/api.w.org\/{rel}","templated":true}]}}