{"id":40896,"date":"2025-10-20T08:12:10","date_gmt":"2025-10-20T06:12:10","guid":{"rendered":"https:\/\/purama.lt\/produktas\/puremetics-3-in-1-kuno-sveitiklis-vanile\/"},"modified":"2026-04-14T09:24:02","modified_gmt":"2026-04-14T07:24:02","slug":"puremetics-3-in-1-kuno-sveitiklis-vanilja","status":"publish","type":"product","link":"https:\/\/purama.lt\/fi\/produktas\/puremetics-3-in-1-kuno-sveitiklis-vanile\/","title":{"rendered":"Puremetics 3-in-1 vartalokuorinta Vanilja"},"content":{"rendered":"<p><strong>K\u00e4ytt\u00f6<\/strong><br>Levit\u00e4 pieni m\u00e4\u00e4r\u00e4 kostealle iholle, vaahdota vedell\u00e4 ja hiero kevyesti; huuhtele pois.<br>Sopii jokap\u00e4iv\u00e4iseen k\u00e4ytt\u00f6\u00f6n<br>\u00c4l\u00e4 kostuta pakkausta: poista annos ennen suihkussa k\u00e4ynti\u00e4 tai siirr\u00e4 se vedenpit\u00e4v\u00e4\u00e4n astiaan; s\u00e4ilyt\u00e4 kuivassa paikassa.<\/p>\n\n\n\n<p><strong>Ainesosat<\/strong><br>sakkaroosi, glyseriini, vesi, natriumlauroyyli-isetionaatti, sorbitoli, cocos nucifera -\u00f6ljy, dinatriumlauryylisulfosukkinaatti, natriumkloridi, hajuste, levuliinihappo, kaliumsorbaatti.<\/p>","protected":false},"excerpt":{"rendered":"<p data-start=\"0\" data-end=\"484\"><strong>Puremetics 3-in-1 vartalokuorinta Vanilla:<\/strong>\u00a0kermainen 3-in-1-puhdistusaine, jossa on <strong data-start=\"99\" data-end=\"121\">sokerikuorinta<\/strong> ja kookos\u00f6ljy\u00e4 samaan aikaan <strong data-start=\"152\" data-end=\"195\">puhdistaa, kuorii hell\u00e4varaisesti ja hoitaa ihoa.<\/strong> oodi. Vaahto peseytyy helposti pois j\u00e4tt\u00e4en ihon sile\u00e4ksi ja pehme\u00e4ksi ilman rasvaisuutta. L\u00e4mmin, kodikas <strong data-start=\"283\" data-end=\"294\">vanilja<\/strong> tuoksu tekee p\u00e4ivitt\u00e4isest\u00e4 suihkussa k\u00e4ymisest\u00e4 miellytt\u00e4v\u00e4n rituaalin. Kaava perustuu mietoon pinta-aktiiviseen aineeseen. <em data-start=\"380\" data-end=\"408\">natriumlauroyyli-isetionaatti<\/em> ja kosteuttavaa glyseriini\u00e4, jota k\u00e4ytet\u00e4\u00e4n laajalti hell\u00e4varaiseen p\u00e4ivitt\u00e4iseen pesuun.<\/p>\n<p data-start=\"486\" data-end=\"799\"><strong data-start=\"486\" data-end=\"509\">Miksi valita<\/strong><br data-start=\"509\" data-end=\"512\" \/>\u2714\ufe0f 3 in 1: puhdistusaine, kuorinta ja vartalonhoito samassa tuotteessa.<br data-start=\"571\" data-end=\"574\" \/>\u2714\ufe0f Hienot sokerihiukkaset auttavat tasoittamaan ihon rakennetta.<br data-start=\"632\" data-end=\"635\" \/>\u2714\ufe0f Kookos\u00f6ljy ja glyseriini pehment\u00e4v\u00e4t ja auttavat s\u00e4ilytt\u00e4m\u00e4\u00e4n kosteutta.<br data-start=\"703\" data-end=\"706\" \/>\u2714\ufe0f L\u00e4mmin, kodikas vaniljan tuoksu<br data-start=\"740\" data-end=\"743\" \/>\u2714\ufe0f 100 % vegaaninen ja muoviton, valmistettu Saksassa.<\/p>","protected":false},"featured_media":40882,"comment_status":"open","ping_status":"closed","template":"","meta":{"_acf_changed":true},"product_brand":[449],"product_cat":[382,92,300],"product_tag":[],"class_list":{"0":"post-40896","1":"product","2":"type-product","3":"status-publish","4":"has-post-thumbnail","6":"product_brand-puremetics","7":"product_cat-kuno-sveitikliai","8":"product_cat-groziui","9":"product_cat-kunui","11":"first","12":"instock","13":"shipping-taxable","14":"purchasable","15":"product-type-simple"},"acf":[],"tiered_pricing_type":"fixed","tiered_pricing_fixed_rules":[],"tiered_pricing_product_settings":{"layout":"default","base_unit_name":{"singular":null,"plural":null},"default_variation":null},"tiered_pricing_minimum_quantity":null,"tiered_pricing_roles_data":[],"tiered_pricing_percentage_rules":[],"_links":{"self":[{"href":"https:\/\/purama.lt\/fi\/wp-json\/wp\/v2\/product\/40896","targetHints":{"allow":["GET"]}}],"collection":[{"href":"https:\/\/purama.lt\/fi\/wp-json\/wp\/v2\/product"}],"about":[{"href":"https:\/\/purama.lt\/fi\/wp-json\/wp\/v2\/types\/product"}],"replies":[{"embeddable":true,"href":"https:\/\/purama.lt\/fi\/wp-json\/wp\/v2\/comments?post=40896"}],"wp:featuredmedia":[{"embeddable":true,"href":"https:\/\/purama.lt\/fi\/wp-json\/wp\/v2\/media\/40882"}],"wp:attachment":[{"href":"https:\/\/purama.lt\/fi\/wp-json\/wp\/v2\/media?parent=40896"}],"wp:term":[{"taxonomy":"product_brand","embeddable":true,"href":"https:\/\/purama.lt\/fi\/wp-json\/wp\/v2\/product_brand?post=40896"},{"taxonomy":"product_cat","embeddable":true,"href":"https:\/\/purama.lt\/fi\/wp-json\/wp\/v2\/product_cat?post=40896"},{"taxonomy":"product_tag","embeddable":true,"href":"https:\/\/purama.lt\/fi\/wp-json\/wp\/v2\/product_tag?post=40896"}],"curies":[{"name":"wp","href":"https:\/\/api.w.org\/{rel}","templated":true}]}}