{"id":40890,"date":"2025-10-20T08:12:05","date_gmt":"2025-10-20T06:12:05","guid":{"rendered":"https:\/\/purama.lt\/produktas\/badefee-duso-putos-vaisiu-rojus\/"},"modified":"2026-04-23T09:42:26","modified_gmt":"2026-04-23T07:42:26","slug":"badefee-suihkuvaahto-hedelmaparatiisi","status":"publish","type":"product","link":"https:\/\/purama.lt\/fi\/produktas\/badefee-duso-putos-vaisiu-rojus\/","title":{"rendered":"BadeFee Suihkuvaahto Hedelm\u00e4paratiisi"},"content":{"rendered":"<p><strong>K\u00e4ytt\u00f6<\/strong><br>Levit\u00e4 kostealle iholle, hiero kevyesti ja huuhtele hyvin. Vain ulkoiseen k\u00e4ytt\u00f6\u00f6n. V\u00e4lt\u00e4 kosketusta silmiin.<\/p>\n\n\n\n<p><strong>Ainesosat<\/strong><br>glyseriini, vesi, sorbitoli, natriumkokoisyyli-isetylaatti, dinatriumlauryylisulfosukkinaatti, natriumkloridi, aloe barbadensis -lehtimehu, parfum, prunus amygdalus dulcis -\u00f6ljy, fenoksietanoli, natriumbentsoaatti, kaliumsorbaatti, tetrasodiumedta, limoneeni, linalool, geranioli, sitronelloli, sitraali, ci 15985, ci 16255.<\/p>","protected":false},"excerpt":{"rendered":"<p data-start=\"0\" data-end=\"546\"><strong>BadeFee Suihkuvaahto Hedelm\u00e4paratiisi:<\/strong>\u00a0 P\u00f6rr\u00f6inen, hell\u00e4varaisesti liukeneva suihkuvaahto puhdistaa puhtaasti ja j\u00e4tt\u00e4\u00e4 ihosi pehme\u00e4ksi ja miellytt\u00e4v\u00e4ksi. Kaava - <strong data-start=\"194\" data-end=\"237\">Glyseriini, aloe vera ja manteli\u00f6ljy.<\/strong>, jotka auttavat yll\u00e4pit\u00e4m\u00e4\u00e4n kosteustasapainoa ja sileytt\u00e4. <strong data-start=\"291\" data-end=\"370\">Mikromuoviton, parabeeniton, silikoniton, sulfaatiton, vegaaninen ja k\u00e4sintehty.<\/strong> Haju - <strong data-start=\"380\" data-end=\"416\">virkist\u00e4v\u00e4 granaattiomena, jossa on sitrushedelm\u00e4n vivahteita<\/strong>. Kosteuttavat aineet (esim. glyseriini) ja miedot pinta-aktiiviset aineet (SCI, DLS) perustuvat hyvin tutkittuun puhtauden ja ihoesteen mukavuuden yhdistelm\u00e4\u00e4n.<\/p>\n<p data-start=\"548\" data-end=\"883\"><strong data-start=\"548\" data-end=\"571\">Miksi valita<\/strong><br data-start=\"571\" data-end=\"574\" \/>\u2714\ufe0f Puri, kermainen vaahto puhdistaa hell\u00e4varaisesti eik\u00e4 j\u00e4t\u00e4 venytyst\u00e4.<br data-start=\"631\" data-end=\"634\" \/>\u2714\ufe0f Glyseriini ja aloe vera auttavat s\u00e4ilytt\u00e4m\u00e4\u00e4n kosteutta.<br data-start=\"683\" data-end=\"686\" \/>\u2714\ufe0f Manteli\u00f6ljy antaa pehme\u00e4n ja sile\u00e4n tunteen.<br data-start=\"741\" data-end=\"744\" \/>\u2714\ufe0f Ei sis\u00e4ll\u00e4 mikromuoveja, parabeeneja, silikoneja eik\u00e4 sulfaatteja.<br data-start=\"794\" data-end=\"797\" \/>\u2714\ufe0f Vegaaninen, k\u00e4sintehty; valmistettu Saksassa.<br data-start=\"845\" data-end=\"848\" \/>\u2714\ufe0f Raikas, hedelm\u00e4inen granaattiomenan tuoksu.<\/p>","protected":false},"featured_media":40877,"comment_status":"open","ping_status":"closed","template":"","meta":{"_acf_changed":true},"product_brand":[409],"product_cat":[384,57,393,92,300],"product_tag":[],"class_list":{"0":"post-40890","1":"product","2":"type-product","3":"status-publish","4":"has-post-thumbnail","6":"product_brand-badefee","7":"product_cat-duso-putos","8":"product_cat-akcijos","9":"product_cat-dovanu-idejos","10":"product_cat-groziui","11":"product_cat-kunui","13":"first","14":"instock","15":"sale","16":"shipping-taxable","17":"purchasable","18":"product-type-simple"},"acf":[],"tiered_pricing_type":"fixed","tiered_pricing_fixed_rules":[],"tiered_pricing_product_settings":{"layout":"default","base_unit_name":{"singular":null,"plural":null},"default_variation":null},"tiered_pricing_minimum_quantity":null,"tiered_pricing_roles_data":[],"tiered_pricing_percentage_rules":[],"_links":{"self":[{"href":"https:\/\/purama.lt\/fi\/wp-json\/wp\/v2\/product\/40890","targetHints":{"allow":["GET"]}}],"collection":[{"href":"https:\/\/purama.lt\/fi\/wp-json\/wp\/v2\/product"}],"about":[{"href":"https:\/\/purama.lt\/fi\/wp-json\/wp\/v2\/types\/product"}],"replies":[{"embeddable":true,"href":"https:\/\/purama.lt\/fi\/wp-json\/wp\/v2\/comments?post=40890"}],"wp:featuredmedia":[{"embeddable":true,"href":"https:\/\/purama.lt\/fi\/wp-json\/wp\/v2\/media\/40877"}],"wp:attachment":[{"href":"https:\/\/purama.lt\/fi\/wp-json\/wp\/v2\/media?parent=40890"}],"wp:term":[{"taxonomy":"product_brand","embeddable":true,"href":"https:\/\/purama.lt\/fi\/wp-json\/wp\/v2\/product_brand?post=40890"},{"taxonomy":"product_cat","embeddable":true,"href":"https:\/\/purama.lt\/fi\/wp-json\/wp\/v2\/product_cat?post=40890"},{"taxonomy":"product_tag","embeddable":true,"href":"https:\/\/purama.lt\/fi\/wp-json\/wp\/v2\/product_tag?post=40890"}],"curies":[{"name":"wp","href":"https:\/\/api.w.org\/{rel}","templated":true}]}}