{"id":40889,"date":"2025-10-20T08:12:04","date_gmt":"2025-10-20T06:12:04","guid":{"rendered":"https:\/\/purama.lt\/produktas\/badefee-duso-kreminis-ir-maitinamasis-duso-gelis\/"},"modified":"2026-04-14T09:24:02","modified_gmt":"2026-04-14T07:24:02","slug":"badefee-suihkuvoide-ja-ravitseva-suihkugeeli","status":"publish","type":"product","link":"https:\/\/purama.lt\/fi\/produktas\/badefee-duso-kreminis-ir-maitinamasis-duso-gelis\/","title":{"rendered":"BadeFee Suihkuvoide &amp; ravitseva suihkugeeli"},"content":{"rendered":"<p><strong>K\u00e4ytt\u00f6<\/strong><br>Levit\u00e4 kostealle iholle, hiero kevyesti ja huuhtele hyvin. V\u00e4lt\u00e4 kosketusta silmiin. Vain ulkoiseen k\u00e4ytt\u00f6\u00f6n.<\/p>\n\n\n\n<p><strong>Ainesosat<\/strong><br>glyseriini, vesi, sorbitoli, natriumkokoisyyli-isetylaatti, dinatriumlauryylisulfosukkinaatti, natriumkloridi, aloe barbadensis -lehtimehu, parfum, prunus amygdalus dulcis -\u00f6ljy, fenoksietanoli, etyyliheksyyliglyseriini, natriumbentsoaatti, kaliumsorbaatti, tetrasodiumedta, linalool, kumariini, alfa-isometyyli-iononi, bentsyylialkoholi, limoneeni.<\/p>","protected":false},"excerpt":{"rendered":"<p data-start=\"0\" data-end=\"507\"><strong>BadeFee Suihkuvoide ja ravitseva suihkugeeli:<\/strong>\u00a0 Suihkuvaahdon p\u00f6rr\u00f6inen koostumus puhdistaa hell\u00e4varaisesti ja j\u00e4tt\u00e4\u00e4 ihosi pehme\u00e4ksi ja miellytt\u00e4v\u00e4ksi. Kaava - <strong data-start=\"173\" data-end=\"216\">Glyseriini, aloe vera ja manteli\u00f6ljy.<\/strong>, auttaa yll\u00e4pit\u00e4m\u00e4\u00e4n kosteustasapainoa ja sileytt\u00e4. <strong data-start=\"268\" data-end=\"347\">Mikromuoviton, parabeeniton, silikoniton, sulfaatiton, vegaaninen ja k\u00e4sintehty.<\/strong> Haju - <strong data-start=\"357\" data-end=\"379\">kookos ja suklaa<\/strong> yhdistelm\u00e4. Perustuu hyvin tutkittujen mietojen pinta-aktiivisten aineiden (esim. SCI, DLS) ja pehment\u00e4vien aineiden synergiaan, joka takaa p\u00e4ivitt\u00e4isen puhdistuksen ilman venytt\u00e4v\u00e4\u00e4 tunnetta.<\/p>\n<p data-start=\"509\" data-end=\"820\"><strong data-start=\"509\" data-end=\"532\">Miksi valita<\/strong><br data-start=\"532\" data-end=\"535\" \/>\u2714\ufe0f P\u00f6rr\u00f6inen, pehme\u00e4 vaahto puhdistaa ihon hell\u00e4varaisesti.<br data-start=\"573\" data-end=\"576\" \/>\u2714\ufe0f Glyseriini ja aloe vera auttavat s\u00e4ilytt\u00e4m\u00e4\u00e4n kosteutta.<br data-start=\"625\" data-end=\"628\" \/>\u2714\ufe0f Manteli\u00f6ljy antaa pehmeytt\u00e4 ja mukavuutta.<br data-start=\"676\" data-end=\"679\" \/>\u2714\ufe0f Ei sis\u00e4ll\u00e4 mikromuoveja, parabeeneja, silikoneja eik\u00e4 sulfaatteja.<br data-start=\"729\" data-end=\"732\" \/>\u2714\ufe0f Vegaaninen, k\u00e4sintehty; valmistettu Saksassa.<br data-start=\"780\" data-end=\"783\" \/>\u2714\ufe0f Herkullinen kookoksen ja suklaan aromi<\/p>","protected":false},"featured_media":40879,"comment_status":"open","ping_status":"closed","template":"","meta":{"_acf_changed":true},"product_brand":[409],"product_cat":[92,386,300],"product_tag":[],"class_list":{"0":"post-40889","1":"product","2":"type-product","3":"status-publish","4":"has-post-thumbnail","6":"product_brand-badefee","7":"product_cat-groziui","8":"product_cat-duso-zeles","9":"product_cat-kunui","11":"first","12":"outofstock","13":"shipping-taxable","14":"purchasable","15":"product-type-simple"},"acf":[],"tiered_pricing_type":"fixed","tiered_pricing_fixed_rules":[],"tiered_pricing_product_settings":{"layout":"default","base_unit_name":{"singular":null,"plural":null},"default_variation":null},"tiered_pricing_minimum_quantity":null,"tiered_pricing_roles_data":[],"tiered_pricing_percentage_rules":[],"_links":{"self":[{"href":"https:\/\/purama.lt\/fi\/wp-json\/wp\/v2\/product\/40889","targetHints":{"allow":["GET"]}}],"collection":[{"href":"https:\/\/purama.lt\/fi\/wp-json\/wp\/v2\/product"}],"about":[{"href":"https:\/\/purama.lt\/fi\/wp-json\/wp\/v2\/types\/product"}],"replies":[{"embeddable":true,"href":"https:\/\/purama.lt\/fi\/wp-json\/wp\/v2\/comments?post=40889"}],"wp:featuredmedia":[{"embeddable":true,"href":"https:\/\/purama.lt\/fi\/wp-json\/wp\/v2\/media\/40879"}],"wp:attachment":[{"href":"https:\/\/purama.lt\/fi\/wp-json\/wp\/v2\/media?parent=40889"}],"wp:term":[{"taxonomy":"product_brand","embeddable":true,"href":"https:\/\/purama.lt\/fi\/wp-json\/wp\/v2\/product_brand?post=40889"},{"taxonomy":"product_cat","embeddable":true,"href":"https:\/\/purama.lt\/fi\/wp-json\/wp\/v2\/product_cat?post=40889"},{"taxonomy":"product_tag","embeddable":true,"href":"https:\/\/purama.lt\/fi\/wp-json\/wp\/v2\/product_tag?post=40889"}],"curies":[{"name":"wp","href":"https:\/\/api.w.org\/{rel}","templated":true}]}}