{"id":40888,"date":"2025-10-20T08:12:03","date_gmt":"2025-10-20T06:12:03","guid":{"rendered":"https:\/\/purama.lt\/produktas\/badefee-duso-maitinamasis-sviestinis-kremas\/"},"modified":"2026-04-23T09:42:51","modified_gmt":"2026-04-23T07:42:51","slug":"badefee-duso-ravitseva-voivo-kerma","status":"publish","type":"product","link":"https:\/\/purama.lt\/fi\/produktas\/badefee-duso-maitinamasis-sviestinis-kremas\/","title":{"rendered":"BadeFee Shower Nourishing Butter Cream - ravitseva voivoide suihkussa"},"content":{"rendered":"<p><strong>K\u00e4ytt\u00f6<\/strong><br>Levit\u00e4 kostealle iholle, hiero kevyesti ja huuhtele hyvin. Vain ulkoiseen k\u00e4ytt\u00f6\u00f6n.<\/p>\n\n\n\n<p><strong>Ainesosat<\/strong><br>glyseriini, vesi, sorbitoli, natriumkokoisyyli-isetylaatti, dinatriumlauryylisulfosukkinaatti, natriumkloridi, aloe barbadensis -lehtimehu, parfum, prunus amygdalus dulcis -\u00f6ljy, fenoksietanoli, natriumbentsoaatti, kaliumsorbaatti, tetrasodiumedta, linalool, heksyylikinnamali, limoneeni, geranioli, sitronelloli, ci 47005, ci 42090.<\/p>","protected":false},"excerpt":{"rendered":"<p data-start=\"0\" data-end=\"534\"><span data-sheets-root=\"1\"><strong>BadeFee Shower Nourishing Butter Cream:<\/strong> <\/span>\u00a0Suihkuvaahdon p\u00f6rr\u00f6inen, hell\u00e4varainen koostumus puhdistaa puhtaasti ja j\u00e4tt\u00e4\u00e4 ihon pehme\u00e4ksi ja miellytt\u00e4v\u00e4ksi. Kaava - <strong data-start=\"187\" data-end=\"230\">Glyseriini, aloe vera ja manteli\u00f6ljy.<\/strong>, auttaa s\u00e4ilytt\u00e4m\u00e4\u00e4n kosteuden ja sileyden. <strong data-start=\"273\" data-end=\"352\">Mikromuoviton, parabeeniton, silikoniton, sulfaatiton, vegaaninen ja k\u00e4sintehty.<\/strong> Haju - <strong data-start=\"362\" data-end=\"422\">hieman makea voitaikinan vivahde<\/strong>. Perustuu hyvin tutkittujen mietojen pinta-aktiivisten aineiden (SCI, DLS) ja pehment\u00e4vien aineiden yhdistelm\u00e4\u00e4n, joka takaa venym\u00e4tt\u00f6m\u00e4n p\u00e4ivitt\u00e4isen puhdistuksen.<\/p>\n<p data-start=\"536\" data-end=\"885\"><strong data-start=\"536\" data-end=\"559\">Miksi valita<\/strong><br data-start=\"559\" data-end=\"562\" \/>\u2714\ufe0f L\u00f6ys\u00e4 suihkuvaahto pesee puhtaaksi ja j\u00e4tt\u00e4\u00e4 ihon pehme\u00e4ksi.<br data-start=\"622\" data-end=\"625\" \/>\u2714\ufe0f Glyseriini ja aloe vera auttavat yll\u00e4pit\u00e4m\u00e4\u00e4n kosteustasapainoa.<br data-start=\"683\" data-end=\"686\" \/>\u2714\ufe0f Manteli\u00f6ljy antaa pehme\u00e4n ja sile\u00e4n tunteen.<br data-start=\"741\" data-end=\"744\" \/>\u2714\ufe0f Ei sis\u00e4ll\u00e4 mikromuoveja, parabeeneja, silikoneja eik\u00e4 sulfaatteja.<br data-start=\"794\" data-end=\"797\" \/>\u2714\ufe0f Vegaaninen, k\u00e4sintehty; valmistettu Saksassa.<br data-start=\"845\" data-end=\"848\" \/>\u2714\ufe0f Makea ja kermainen, viihtyis\u00e4 tuoksu.<\/p>","protected":false},"featured_media":40869,"comment_status":"open","ping_status":"closed","template":"","meta":{"_acf_changed":true},"product_brand":[409],"product_cat":[301,57,393,92,300],"product_tag":[],"class_list":{"0":"post-40888","1":"product","2":"type-product","3":"status-publish","4":"has-post-thumbnail","6":"product_brand-badefee","7":"product_cat-kuno-kremai","8":"product_cat-akcijos","9":"product_cat-dovanu-idejos","10":"product_cat-groziui","11":"product_cat-kunui","13":"first","14":"instock","15":"sale","16":"shipping-taxable","17":"purchasable","18":"product-type-simple"},"acf":[],"tiered_pricing_type":"fixed","tiered_pricing_fixed_rules":[],"tiered_pricing_product_settings":{"layout":"default","base_unit_name":{"singular":null,"plural":null},"default_variation":null},"tiered_pricing_minimum_quantity":null,"tiered_pricing_roles_data":[],"tiered_pricing_percentage_rules":[],"_links":{"self":[{"href":"https:\/\/purama.lt\/fi\/wp-json\/wp\/v2\/product\/40888","targetHints":{"allow":["GET"]}}],"collection":[{"href":"https:\/\/purama.lt\/fi\/wp-json\/wp\/v2\/product"}],"about":[{"href":"https:\/\/purama.lt\/fi\/wp-json\/wp\/v2\/types\/product"}],"replies":[{"embeddable":true,"href":"https:\/\/purama.lt\/fi\/wp-json\/wp\/v2\/comments?post=40888"}],"wp:featuredmedia":[{"embeddable":true,"href":"https:\/\/purama.lt\/fi\/wp-json\/wp\/v2\/media\/40869"}],"wp:attachment":[{"href":"https:\/\/purama.lt\/fi\/wp-json\/wp\/v2\/media?parent=40888"}],"wp:term":[{"taxonomy":"product_brand","embeddable":true,"href":"https:\/\/purama.lt\/fi\/wp-json\/wp\/v2\/product_brand?post=40888"},{"taxonomy":"product_cat","embeddable":true,"href":"https:\/\/purama.lt\/fi\/wp-json\/wp\/v2\/product_cat?post=40888"},{"taxonomy":"product_tag","embeddable":true,"href":"https:\/\/purama.lt\/fi\/wp-json\/wp\/v2\/product_tag?post=40888"}],"curies":[{"name":"wp","href":"https:\/\/api.w.org\/{rel}","templated":true}]}}