{"id":40886,"date":"2025-10-20T08:12:01","date_gmt":"2025-10-20T06:12:01","guid":{"rendered":"https:\/\/purama.lt\/produktas\/badefee-kuno-sveitiklis-greipfrutas\/"},"modified":"2026-04-14T09:24:01","modified_gmt":"2026-04-14T07:24:01","slug":"badefee-body-parantaja-greippi","status":"publish","type":"product","link":"https:\/\/purama.lt\/fi\/produktas\/badefee-kuno-sveitiklis-greipfrutas\/","title":{"rendered":"BadeFee vartalokuorinta greippi"},"content":{"rendered":"<p><strong>K\u00e4ytt\u00f6<\/strong><br>Kostuta iho suihkussa, levit\u00e4 kuorinta ja hiero 1-2 minuutin ajan py\u00f6rivin liikkein keskittyen karheampiin kohtiin. K\u00e4yt\u00e4 1-2 kertaa viikossa. Huuhtele l\u00e4mpim\u00e4ll\u00e4 vedell\u00e4. Vain ulkoiseen k\u00e4ytt\u00f6\u00f6n.<\/p>\n\n\n\n<p><strong>Ainesosat<\/strong><br>maris sal, glyseriini, prunus amygdalus dulcis -\u00f6ljy, butyrospermum parkii -voi, kookosglukosidi, ketearyylialkoholi, parfum, fenoksietanoli, etyyliheksyyliglyseriini, tokoferyyliasetaatti, prunus amygdalus dulcis -kuorijauhe, limoneeni, linalool, geranioli, sitronelloli, sitraali, ci 16255.<\/p>\n\n\n\n<p><\/p>","protected":false},"excerpt":{"rendered":"<p data-start=\"0\" data-end=\"605\"><strong>BadeFee vartalokuorinta greippi<\/strong>: greippituoksuinen vartalokuorinta, jossa on merisuolaa ja aprikoosin (mantelin) kuorijauhetta, poistaa hell\u00e4varaisesti levyepiteelisoluja ja silottaa ihoa. Kasviper\u00e4inen glyseriini, manteli\u00f6ljy ja karitevoi auttavat yll\u00e4pit\u00e4m\u00e4\u00e4n kosteustasapainoa ja pehmeytt\u00e4, jolloin iho tuntuu miellytt\u00e4v\u00e4lt\u00e4 huuhtelun j\u00e4lkeen. <strong data-start=\"408\" data-end=\"473\">Mikromuoviton, silikoni- ja parabeeniton, vegaaninen koostumus.<\/strong> Perustuu hyvin tutkittujen pehment\u00e4vien aineiden (manteli\u00f6ljy, karitevoi) ominaisuuksiin, jotka auttavat pehment\u00e4m\u00e4\u00e4n ja suojaamaan ihoestett\u00e4.<\/p>\n<p data-start=\"607\" data-end=\"947\"><strong data-start=\"607\" data-end=\"630\">Miksi valita<\/strong><br data-start=\"630\" data-end=\"633\" \/>\u2714\ufe0f Kuorii hell\u00e4varaisesti mutta tehokkaasti ja tasoittaa ihoa.<br data-start=\"687\" data-end=\"690\" \/>\u2714\ufe0f Merisuola + kuorijauhe kohdennettuun karheuden poistoon<br data-start=\"749\" data-end=\"752\" \/>\u2714\ufe0f Manteli\u00f6ljy ja karitevoi ravitsevat ja pehment\u00e4v\u00e4t.<br data-start=\"815\" data-end=\"818\" \/>\u2714\ufe0f Mikromuoviton; silikoni- ja parabeenivapaa.<br data-start=\"862\" data-end=\"865\" \/>\u2714\ufe0f Vegaaninen; valmistettu Saksassa<br data-start=\"900\" data-end=\"903\" \/>\u2714\ufe0f Virkist\u00e4v\u00e4 ja energisoiva greippituoksu.<\/p>","protected":false},"featured_media":40871,"comment_status":"open","ping_status":"closed","template":"","meta":{"_acf_changed":false},"product_brand":[409],"product_cat":[382,92,300,500],"product_tag":[],"class_list":{"0":"post-40886","1":"product","2":"type-product","3":"status-publish","4":"has-post-thumbnail","6":"product_brand-badefee","7":"product_cat-kuno-sveitikliai","8":"product_cat-groziui","9":"product_cat-kunui","10":"product_cat-outlet","12":"first","13":"instock","14":"sale","15":"shipping-taxable","16":"purchasable","17":"product-type-simple"},"acf":[],"tiered_pricing_type":"fixed","tiered_pricing_fixed_rules":[],"tiered_pricing_product_settings":{"layout":"default","base_unit_name":{"singular":null,"plural":null},"default_variation":null},"tiered_pricing_minimum_quantity":null,"tiered_pricing_roles_data":[],"tiered_pricing_percentage_rules":[],"_links":{"self":[{"href":"https:\/\/purama.lt\/fi\/wp-json\/wp\/v2\/product\/40886","targetHints":{"allow":["GET"]}}],"collection":[{"href":"https:\/\/purama.lt\/fi\/wp-json\/wp\/v2\/product"}],"about":[{"href":"https:\/\/purama.lt\/fi\/wp-json\/wp\/v2\/types\/product"}],"replies":[{"embeddable":true,"href":"https:\/\/purama.lt\/fi\/wp-json\/wp\/v2\/comments?post=40886"}],"wp:featuredmedia":[{"embeddable":true,"href":"https:\/\/purama.lt\/fi\/wp-json\/wp\/v2\/media\/40871"}],"wp:attachment":[{"href":"https:\/\/purama.lt\/fi\/wp-json\/wp\/v2\/media?parent=40886"}],"wp:term":[{"taxonomy":"product_brand","embeddable":true,"href":"https:\/\/purama.lt\/fi\/wp-json\/wp\/v2\/product_brand?post=40886"},{"taxonomy":"product_cat","embeddable":true,"href":"https:\/\/purama.lt\/fi\/wp-json\/wp\/v2\/product_cat?post=40886"},{"taxonomy":"product_tag","embeddable":true,"href":"https:\/\/purama.lt\/fi\/wp-json\/wp\/v2\/product_tag?post=40886"}],"curies":[{"name":"wp","href":"https:\/\/api.w.org\/{rel}","templated":true}]}}