{"id":40885,"date":"2025-10-20T08:12:00","date_gmt":"2025-10-20T06:12:00","guid":{"rendered":"https:\/\/purama.lt\/produktas\/badefee-kuno-losjonas-greipfrutas\/"},"modified":"2026-04-14T09:24:01","modified_gmt":"2026-04-14T07:24:01","slug":"badefee-vartalovoide-greippi","status":"publish","type":"product","link":"https:\/\/purama.lt\/fi\/produktas\/badefee-kuno-losjonas-greipfrutas\/","title":{"rendered":"BadeFee Vartalovoide Greippi"},"content":{"rendered":"<p><strong>K\u00e4ytt\u00f6<\/strong><br>Noudata pakkauksen ohjeita.<\/p>\n\n\n\n<p><strong>Ainesosat<\/strong><br>aqua, prunus amygdalus dulcis -\u00f6ljy, kapryyli\/kapriinitriglyseridi, glyseriini, betaiini, polyglyseryyli-3-metyyliglukoosidiestearaatti, glyseryylistearaatti, stearyylialkoholi, aloe barbadensis -lehtimehu, parfum, fenoksietanoli, etyyliheksyyliglyseriini, tokoferyyliasetaatti, maitohappo, natriumbentsoaatti, kaliumsorbaatti, limoneeni, linalooli, geranioli, sitronelloli, sitraali.<\/p>","protected":false},"excerpt":{"rendered":"<p data-start=\"0\" data-end=\"470\">BadeFee Body Lotion Grapefruit: kevyt vartalojogurtti, joka imeytyy nopeasti ja j\u00e4tt\u00e4\u00e4 ihon pehme\u00e4ksi ja joustavaksi. Koostumus sis\u00e4lt\u00e4\u00e4 aloe veraa, manteli\u00f6ljy\u00e4, kasviglyseriini\u00e4 ja betaiinia, joka auttaa s\u00e4ilytt\u00e4m\u00e4\u00e4n kosteuden. <strong data-start=\"275\" data-end=\"317\">Virkist\u00e4v\u00e4 kyps\u00e4n greipin tuoksu<\/strong> parantaa jokap\u00e4iv\u00e4ist\u00e4 hoitoa. Kosteuttavat aineet, kuten glyseriini ja betaiini, ovat tieteellisesti tunnettuja niiden kyvyst\u00e4 houkutella ja sitoa vett\u00e4 ihoon.<\/p>\n<p data-start=\"472\" data-end=\"820\"><strong data-start=\"472\" data-end=\"495\">Miksi valita<\/strong><br data-start=\"495\" data-end=\"498\" \/>\u2714\ufe0f Kevyt, nopeasti imeytyv\u00e4 koostumus ilman tahmeutta.<br data-start=\"548\" data-end=\"551\" \/>\u2714\ufe0f Aloe vera, betaiini ja glyseriini auttavat yll\u00e4pit\u00e4m\u00e4\u00e4n ihon kosteutta.<br data-start=\"615\" data-end=\"618\" \/>\u2714\ufe0f Manteli\u00f6ljy silottaa ja pehment\u00e4\u00e4 ihoa.<br data-start=\"662\" data-end=\"665\" \/>\u2714\ufe0f Vegaaninen koostumus, silikoniton ja parabeeniton.<br data-start=\"713\" data-end=\"716\" \/>\u2714\ufe0f Ilman muovipakkausta; valmistettu Saksassa<br data-start=\"763\" data-end=\"766\" \/>\u2714\ufe0f Hedelm\u00e4inen, raikas greippis\u00e4vy jokap\u00e4iv\u00e4iseen k\u00e4ytt\u00f6\u00f6n.<\/p>","protected":false},"featured_media":40874,"comment_status":"open","ping_status":"closed","template":"","meta":{"_acf_changed":false},"product_brand":[409],"product_cat":[387,92,300],"product_tag":[],"class_list":{"0":"post-40885","1":"product","2":"type-product","3":"status-publish","4":"has-post-thumbnail","6":"product_brand-badefee","7":"product_cat-kuno-losjonai","8":"product_cat-groziui","9":"product_cat-kunui","11":"first","12":"instock","13":"shipping-taxable","14":"purchasable","15":"product-type-simple"},"acf":[],"tiered_pricing_type":"fixed","tiered_pricing_fixed_rules":[],"tiered_pricing_product_settings":{"layout":"default","base_unit_name":{"singular":null,"plural":null},"default_variation":null},"tiered_pricing_minimum_quantity":null,"tiered_pricing_roles_data":[],"tiered_pricing_percentage_rules":[],"_links":{"self":[{"href":"https:\/\/purama.lt\/fi\/wp-json\/wp\/v2\/product\/40885","targetHints":{"allow":["GET"]}}],"collection":[{"href":"https:\/\/purama.lt\/fi\/wp-json\/wp\/v2\/product"}],"about":[{"href":"https:\/\/purama.lt\/fi\/wp-json\/wp\/v2\/types\/product"}],"replies":[{"embeddable":true,"href":"https:\/\/purama.lt\/fi\/wp-json\/wp\/v2\/comments?post=40885"}],"wp:featuredmedia":[{"embeddable":true,"href":"https:\/\/purama.lt\/fi\/wp-json\/wp\/v2\/media\/40874"}],"wp:attachment":[{"href":"https:\/\/purama.lt\/fi\/wp-json\/wp\/v2\/media?parent=40885"}],"wp:term":[{"taxonomy":"product_brand","embeddable":true,"href":"https:\/\/purama.lt\/fi\/wp-json\/wp\/v2\/product_brand?post=40885"},{"taxonomy":"product_cat","embeddable":true,"href":"https:\/\/purama.lt\/fi\/wp-json\/wp\/v2\/product_cat?post=40885"},{"taxonomy":"product_tag","embeddable":true,"href":"https:\/\/purama.lt\/fi\/wp-json\/wp\/v2\/product_tag?post=40885"}],"curies":[{"name":"wp","href":"https:\/\/api.w.org\/{rel}","templated":true}]}}