{"id":40661,"date":"2025-10-13T12:50:27","date_gmt":"2025-10-13T10:50:27","guid":{"rendered":"https:\/\/purama.lt\/?post_type=product&#038;p=40661"},"modified":"2026-04-13T16:37:44","modified_gmt":"2026-04-13T14:37:44","slug":"purama-kasvohierontasetti","status":"publish","type":"product","link":"https:\/\/purama.lt\/fi\/produktas\/purama-veido-masazo-rinkinys\/","title":{"rendered":"PURAMA Kasvohierontasetti"},"content":{"rendered":"<p>K\u00e4ytt\u00f6ohje (lyhyesti): levit\u00e4 muutama tippa seerumia tai \u00f6ljy\u00e4 puhtaalle iholle. Levit\u00e4 muutama tippa seerumia tai \u00f6ljy\u00e4 kasvojen sivuille ja silit\u00e4 rullalla kevyesti kasvojen keskelt\u00e4 kohti kasvojen sivuja ja kaulaa pitkin imusuonten suuntaan 5-10 minuutin ajan. Pid\u00e4 Gua Sha -rullaa 15-45 asteen kulmassa ja pyyhk\u00e4ise samoihin suuntiin 3-5 minuutin ajan v\u00e4ltt\u00e4en voimakasta painetta. Paremman vaikutuksen aikaansaamiseksi j\u00e4\u00e4hdyt\u00e4 rulla ennen hierontaa.<\/p>","protected":false},"excerpt":{"rendered":"<p>T\u00e4m\u00e4 luonnon ruusukvartsista valmistettu tyylik\u00e4s setti on p\u00e4iv\u00e4- ja iltarituaali, joka auttaa v\u00e4hent\u00e4m\u00e4\u00e4n turvotusta, aktivoimaan mikroverenkiertoa ja antamaan kasvoille terveen hehkun. Kaksipuolinen rulla (suurempi otsalle, poskille ja kaulalle, pienempi kulmille ja nen\u00e4n alueelle) purkaa hell\u00e4varaisesti j\u00e4nnityst\u00e4, kun taas syd\u00e4menmuotoinen Gua Sha -levy on suunniteltu kasvojen \u00e4\u00e4riviivojen ja lihasten kohdennetumpaan hierontaan. Sopii kaikille ihotyypeille, erityisesti v\u00e4syneille tai turvotukseen taipuvaisille ihotyypeille.<\/p>\n<p>Sarjan sis\u00e4lt\u00f6: ruusukvartsi kaksipuolinen kasvorulla, ruusukvartsi Gua Sha -levy, k\u00e4ytt\u00f6ohjeet.<br \/>Huomautus: Koska kivi on luonnonkive\u00e4, v\u00e4rit ja kuviot voivat vaihdella hieman.<\/p>\n<p><strong style=\"font-size: 16px;\" data-start=\"0\" data-end=\"24\" data-is-only-node=\"\">Miksi valita:<br \/><\/strong><span style=\"font-size: 16px;\">\u2714\ufe0f N\u00e4kyv\u00e4 raikkaus ja turvotuksen v\u00e4heneminen - edist\u00e4\u00e4 imunesteen poistumista, erityisesti silm\u00e4nymp\u00e4rysihon alueella.<br \/><\/span><span style=\"font-size: 16px;\">\u2714\ufe0f Parantaa ihon s\u00e4vy\u00e4 ja mikroverenkiertoa tasaisemman ja kirkkaamman n\u00e4k\u00f6isen ihon saavuttamiseksi.<br \/><\/span><span style=\"font-size: 16px;\">\u2714\ufe0f Auttaa imeytymisess\u00e4 hieromalla seerumin tai voiteen syvemm\u00e4lle.<br \/><\/span><span style=\"font-size: 16px;\">\u2714\ufe0f Rentoutus p\u00e4ivitt\u00e4in - lievitt\u00e4\u00e4 kasvojen lihasj\u00e4nnityst\u00e4, miellytt\u00e4v\u00e4 itsehierontarituaali.<br \/><\/span><span style=\"font-size: 16px;\">\u2714\ufe0f Luonnollinen ja kest\u00e4v\u00e4 - aitoa ruusukvartsia, vahvat metalliliitokset, helppo huoltaa. Pakkauksessa on my\u00f6s painetut k\u00e4ytt\u00f6ohjeet.<\/span><\/p>","protected":false},"featured_media":40662,"comment_status":"open","ping_status":"closed","template":"","meta":{"_acf_changed":false},"product_brand":[405],"product_cat":[282,57,288,283],"product_tag":[],"class_list":{"0":"post-40661","1":"product","2":"type-product","3":"status-publish","4":"has-post-thumbnail","6":"product_brand-purama","7":"product_cat-longevity-prietaisai","8":"product_cat-akcijos","9":"product_cat-grozio-ir-odos-prieziura","10":"product_cat-sveikatingumo-prietaisai","12":"first","13":"instock","14":"sale","15":"shipping-taxable","16":"purchasable","17":"product-type-simple"},"acf":[],"tiered_pricing_type":"fixed","tiered_pricing_fixed_rules":[],"tiered_pricing_product_settings":{"layout":"default","base_unit_name":{"singular":null,"plural":null},"default_variation":null},"tiered_pricing_minimum_quantity":null,"tiered_pricing_roles_data":[],"tiered_pricing_percentage_rules":[],"_links":{"self":[{"href":"https:\/\/purama.lt\/fi\/wp-json\/wp\/v2\/product\/40661","targetHints":{"allow":["GET"]}}],"collection":[{"href":"https:\/\/purama.lt\/fi\/wp-json\/wp\/v2\/product"}],"about":[{"href":"https:\/\/purama.lt\/fi\/wp-json\/wp\/v2\/types\/product"}],"replies":[{"embeddable":true,"href":"https:\/\/purama.lt\/fi\/wp-json\/wp\/v2\/comments?post=40661"}],"wp:featuredmedia":[{"embeddable":true,"href":"https:\/\/purama.lt\/fi\/wp-json\/wp\/v2\/media\/40662"}],"wp:attachment":[{"href":"https:\/\/purama.lt\/fi\/wp-json\/wp\/v2\/media?parent=40661"}],"wp:term":[{"taxonomy":"product_brand","embeddable":true,"href":"https:\/\/purama.lt\/fi\/wp-json\/wp\/v2\/product_brand?post=40661"},{"taxonomy":"product_cat","embeddable":true,"href":"https:\/\/purama.lt\/fi\/wp-json\/wp\/v2\/product_cat?post=40661"},{"taxonomy":"product_tag","embeddable":true,"href":"https:\/\/purama.lt\/fi\/wp-json\/wp\/v2\/product_tag?post=40661"}],"curies":[{"name":"wp","href":"https:\/\/api.w.org\/{rel}","templated":true}]}}