{"id":40547,"date":"2025-10-10T12:16:02","date_gmt":"2025-10-10T10:16:02","guid":{"rendered":"https:\/\/purama.lt\/?post_type=product&#038;p=40547"},"modified":"2026-04-04T09:04:43","modified_gmt":"2026-04-04T07:04:43","slug":"slavic-labs-metyloitu-b-vitamiinikompleksi","status":"publish","type":"product","link":"https:\/\/purama.lt\/fi\/produktas\/slavic-labs-metilintas-b-grupes-vitaminu-kompleksas\/","title":{"rendered":"Slavic labs Metyloitu B-vitamiinikompleksi"},"content":{"rendered":"<p><strong>Kulutus<\/strong><br>Ota 1 kapseli 1 kerran p\u00e4iv\u00e4ss\u00e4, mieluiten aamulla veden kanssa.<br>\u00c4l\u00e4 ylit\u00e4 suositeltua p\u00e4ivitt\u00e4ist\u00e4 saantia; ravintolis\u00e4 ei korvaa tasapainoista ruokavaliota.<br>Ei suositella raskauden ja imetyksen aikana, alle 18-vuotiaille lapsille; ei saa k\u00e4ytt\u00e4\u00e4, jos on herkk\u00e4 ainesosille.<\/p>\n\n\n\n<p><strong>Ainesosat<\/strong><br>pantoteenihappo (kalsium-d-pantotenaatti), tiamiini (tiamiinihydrokloridi), koliinidivinaatti, myoinositoli, riboflaviini - b2-vitamiini, p-aminobentsoehappo (paba), b6-vitamiini (pyridoksalo-5-fosfaatti), nikotiinihappoamidi (niasiini), b2-vitamiini (riboflaviini), b2-vitamiini (riboflaviini-5\u2019-fosfaatti), foolihappo ((6s)-5-metyylietietetrahydrofolin glukosamiinisuola), betaiinihydrokloridi, biotiini (d-biotiini), b12-vitamiini (metyylikobalamiini), hydroksipropyylimetyyliselluloosa.<\/p>","protected":false},"excerpt":{"rendered":"<p data-start=\"0\" data-end=\"571\"><strong data-start=\"16\" data-end=\"54\">Slavic Labs - B-kompleksi metyloitu<\/strong> - Bioaktiivinen (metyloitu) B-vitamiinikompleksi p\u00e4ivitt\u00e4iseen energia-aineenvaihdunnan, hermoston ja psykologisten toimintojen tukemiseen. Kaavassa k\u00e4ytet\u00e4\u00e4n aktiivisia muotoja, kuten <strong data-start=\"245\" data-end=\"271\">Metyylikobalamiini (B12)<\/strong>, <strong data-start=\"273\" data-end=\"305\">5-MTHF (aktiivinen folaattimuoto)<\/strong> ja <strong data-start=\"309\" data-end=\"323\">P-5-P (B6)<\/strong>, T\u00e4m\u00e4 tekee siit\u00e4 k\u00e4tev\u00e4n valinnan niille, jotka etsiv\u00e4t mahdollisimman \u201evalmiita\u201c B-vitamiinimuotoja. T\u00e4ydennetty betaiinilla, koliinilla ja myoinositolilla, ja se on suunniteltu herkk\u00e4ihoisille - ei sis\u00e4ll\u00e4 gluteenia, laktoosia, soijaa, GMO:ta eik\u00e4 sokeria.<\/p>\n<p data-start=\"573\" data-end=\"854\"><strong data-start=\"573\" data-end=\"596\">Miksi valita<\/strong><br data-start=\"596\" data-end=\"599\" \/><strong data-start=\"599\" data-end=\"605\">\u2714\ufe0f<\/strong> B-vitamiinien bioaktiiviset, metyloituneet muodot.<br data-start=\"647\" data-end=\"650\" \/><strong data-start=\"650\" data-end=\"656\">\u2714\ufe0f<\/strong> 5-MTHF:n, metyylikobalamiinin ja P-5-P:n kanssa.<br data-start=\"692\" data-end=\"695\" \/><strong data-start=\"695\" data-end=\"701\">\u2714\ufe0f<\/strong> t\u00e4ydennettyn\u00e4 betaiinilla, koliinilla, myo-inositolilla ja PABA:lla.<br data-start=\"752\" data-end=\"755\" \/><strong data-start=\"755\" data-end=\"761\">\u2714\ufe0f<\/strong> Gluteeniton, laktoositon, soijaton, GMO-vapaa ja sokeriton.<br data-start=\"804\" data-end=\"807\" \/><strong data-start=\"807\" data-end=\"813\">\u2714\ufe0f<\/strong> K\u00e4tev\u00e4 p\u00e4ivitt\u00e4iseen k\u00e4ytt\u00f6\u00f6n - 1 kapseli p\u00e4iv\u00e4ss\u00e4.<\/p>","protected":false},"featured_media":40548,"comment_status":"open","ping_status":"closed","template":"","meta":{"_acf_changed":true},"product_brand":[455],"product_cat":[123,260,253,252],"product_tag":[],"class_list":{"0":"post-40547","1":"product","2":"type-product","3":"status-publish","4":"has-post-thumbnail","6":"product_brand-slavic-labs","7":"product_cat-papildai-ilgaamziskumui","8":"product_cat-energijai-ir-apykaitai","9":"product_cat-imuniteto-palaikymas","10":"product_cat-imunitetui","12":"first","13":"outofstock","14":"shipping-taxable","15":"purchasable","16":"product-type-simple"},"acf":[],"tiered_pricing_type":"fixed","tiered_pricing_fixed_rules":[],"tiered_pricing_product_settings":{"layout":"default","base_unit_name":{"singular":null,"plural":null},"default_variation":null},"tiered_pricing_minimum_quantity":null,"tiered_pricing_roles_data":[],"tiered_pricing_percentage_rules":[],"_links":{"self":[{"href":"https:\/\/purama.lt\/fi\/wp-json\/wp\/v2\/product\/40547","targetHints":{"allow":["GET"]}}],"collection":[{"href":"https:\/\/purama.lt\/fi\/wp-json\/wp\/v2\/product"}],"about":[{"href":"https:\/\/purama.lt\/fi\/wp-json\/wp\/v2\/types\/product"}],"replies":[{"embeddable":true,"href":"https:\/\/purama.lt\/fi\/wp-json\/wp\/v2\/comments?post=40547"}],"wp:featuredmedia":[{"embeddable":true,"href":"https:\/\/purama.lt\/fi\/wp-json\/wp\/v2\/media\/40548"}],"wp:attachment":[{"href":"https:\/\/purama.lt\/fi\/wp-json\/wp\/v2\/media?parent=40547"}],"wp:term":[{"taxonomy":"product_brand","embeddable":true,"href":"https:\/\/purama.lt\/fi\/wp-json\/wp\/v2\/product_brand?post=40547"},{"taxonomy":"product_cat","embeddable":true,"href":"https:\/\/purama.lt\/fi\/wp-json\/wp\/v2\/product_cat?post=40547"},{"taxonomy":"product_tag","embeddable":true,"href":"https:\/\/purama.lt\/fi\/wp-json\/wp\/v2\/product_tag?post=40547"}],"curies":[{"name":"wp","href":"https:\/\/api.w.org\/{rel}","templated":true}]}}