{"id":40313,"date":"2025-10-08T08:10:53","date_gmt":"2025-10-08T06:10:53","guid":{"rendered":"https:\/\/purama.lt\/produktas\/bloodo-vitamino-d-testas\/"},"modified":"2025-11-11T14:00:05","modified_gmt":"2025-11-11T12:00:05","slug":"veren-d-vitamiinitesti","status":"publish","type":"product","link":"https:\/\/purama.lt\/fi\/produktas\/bloodo-vitamino-d-testas\/","title":{"rendered":"BLOODO D-vitamiinitesti"},"content":{"rendered":"","protected":false},"excerpt":{"rendered":"<p>D-vitamiinitesti - terveytesi ja vastustuskykysi perusta<\/p>\n<p>D-vitamiinitesti auttaa m\u00e4\u00e4ritt\u00e4m\u00e4\u00e4n veren D-vitamiinipitoisuuden (D2 + D3). T\u00e4m\u00e4 vitamiini on elint\u00e4rke\u00e4 luun lujuudelle, immuunij\u00e4rjestelm\u00e4n toiminnalle, mielenterveydelle ja yleiselle hyvinvoinnille. Testi antaa selke\u00e4n kuvan elimist\u00f6si D-vitamiinitilanteesta, mink\u00e4 ansiosta voit ryhty\u00e4 oikeisiin toimiin puutteen tai liiallisen m\u00e4\u00e4r\u00e4n ehk\u00e4isemiseksi.<\/p>\n<p>T\u00e4rkeimm\u00e4t edut<\/p>\n<p>Suoritetaan lisensoidussa kliinisess\u00e4 laboratoriossa.<\/p>\n<p>K\u00e4ytet\u00e4\u00e4n LC-MS\/MS-menetelm\u00e4\u00e4, joka antaa eritt\u00e4in tarkan tuloksen.<\/p>\n<p>Ilmainen toimitus koko EU:n alueelle.<\/p>\n<p>Mit\u00e4 saat selville D-vitamiinitestist\u00e4?<\/p>\n<p>T\u00e4m\u00e4 testi auttaa sinua arvioimaan, onko elimist\u00f6ss\u00e4si riitt\u00e4v\u00e4sti aurinkovitamiinia, ja antaa sinulle mahdollisuuden:<\/p>\n<p>D-vitamiinin (D2+D3) tilan seuranta.<\/p>\n<p>Vahvistaa luita ja immuunij\u00e4rjestelm\u00e4\u00e4.<\/p>\n<p>S\u00e4ilyt\u00e4 mielenterveys ja henkinen terveys.<\/p>\n<p>Parantaa yleist\u00e4 hyvinvointia ja energiatasapainoa.<\/p>\n<p>Miksi D-vitamiinitasojen seuranta on t\u00e4rke\u00e4\u00e4?<\/p>\n<p>D-vitamiini s\u00e4\u00e4telee kalsiumin ja fosforin imeytymist\u00e4 ja on siksi v\u00e4ltt\u00e4m\u00e4t\u00f6n luun lujuuden kannalta.<\/p>\n<p>Se tukee vahvaa immuunij\u00e4rjestelm\u00e4\u00e4 ja v\u00e4hent\u00e4\u00e4 infektioiden riski\u00e4.<\/p>\n<p>Sen puute on yhdistetty v\u00e4symykseen, mielialan vaihteluihin ja osteoporoosin riskiin.<\/p>\n<p>Optimaaliset pitoisuudet auttavat varmistamaan hyvinvoinnin kaikkina vuodenaikoina, erityisesti maissa, joissa auringonvalo on v\u00e4h\u00e4isemp\u00e4\u00e4.<\/p>\n<p>Miksi valita t\u00e4m\u00e4 testi<\/p>\n<p>\u2714\ufe0f D-vitamiinin (D2+D3) tarkka arviointi k\u00e4ytt\u00e4en kehittynytt\u00e4 LC-MS\/MS-menetelm\u00e4\u00e4.<br \/>\n\u2714\ufe0f Mahdollistaa puutteiden tai ylij\u00e4\u00e4mien varhaisen havaitsemisen.<br \/>\n\u2714\ufe0f Auttaa sinua r\u00e4\u00e4t\u00e4l\u00f6im\u00e4\u00e4n lis\u00e4ravinteet ja ruokavalion.<br \/>\n\u2714\ufe0f T\u00e4rke\u00e4 luuston, immuniteetin ja mielenterveyden yll\u00e4pit\u00e4misess\u00e4.<\/p>","protected":false},"featured_media":40317,"comment_status":"open","ping_status":"closed","template":"","meta":{"_acf_changed":false},"product_brand":[411],"product_cat":[97,75],"product_tag":[],"class_list":{"0":"post-40313","1":"product","2":"type-product","3":"status-publish","4":"has-post-thumbnail","6":"product_brand-bloodo","7":"product_cat-tyrimai","8":"product_cat-sveikatos-testai","10":"first","11":"instock","12":"shipping-taxable","13":"purchasable","14":"product-type-simple"},"acf":[],"tiered_pricing_type":"fixed","tiered_pricing_fixed_rules":[],"tiered_pricing_product_settings":{"layout":"default","base_unit_name":{"singular":null,"plural":null},"default_variation":null},"tiered_pricing_minimum_quantity":null,"tiered_pricing_roles_data":[],"tiered_pricing_percentage_rules":[],"_links":{"self":[{"href":"https:\/\/purama.lt\/fi\/wp-json\/wp\/v2\/product\/40313","targetHints":{"allow":["GET"]}}],"collection":[{"href":"https:\/\/purama.lt\/fi\/wp-json\/wp\/v2\/product"}],"about":[{"href":"https:\/\/purama.lt\/fi\/wp-json\/wp\/v2\/types\/product"}],"replies":[{"embeddable":true,"href":"https:\/\/purama.lt\/fi\/wp-json\/wp\/v2\/comments?post=40313"}],"wp:featuredmedia":[{"embeddable":true,"href":"https:\/\/purama.lt\/fi\/wp-json\/wp\/v2\/media\/40317"}],"wp:attachment":[{"href":"https:\/\/purama.lt\/fi\/wp-json\/wp\/v2\/media?parent=40313"}],"wp:term":[{"taxonomy":"product_brand","embeddable":true,"href":"https:\/\/purama.lt\/fi\/wp-json\/wp\/v2\/product_brand?post=40313"},{"taxonomy":"product_cat","embeddable":true,"href":"https:\/\/purama.lt\/fi\/wp-json\/wp\/v2\/product_cat?post=40313"},{"taxonomy":"product_tag","embeddable":true,"href":"https:\/\/purama.lt\/fi\/wp-json\/wp\/v2\/product_tag?post=40313"}],"curies":[{"name":"wp","href":"https:\/\/api.w.org\/{rel}","templated":true}]}}