{"id":40312,"date":"2025-10-08T08:10:52","date_gmt":"2025-10-08T06:10:52","guid":{"rendered":"https:\/\/purama.lt\/produktas\/bloodo-nad-testas\/"},"modified":"2025-11-11T14:00:28","modified_gmt":"2025-11-11T12:00:28","slug":"verta-kiveksen-paalla","status":"publish","type":"product","link":"https:\/\/purama.lt\/fi\/produktas\/bloodo-nad-testas\/","title":{"rendered":"VEREN NAD-testi"},"content":{"rendered":"","protected":false},"excerpt":{"rendered":"<p>NAD-tasotesti - solujen energian ja ik\u00e4\u00e4ntymisen hallinta<\/p>\n<p>NAD-tasotesti auttaa m\u00e4\u00e4ritt\u00e4m\u00e4\u00e4n elimist\u00f6n NAD\u207a- ja NADH-tasot, jotka ovat t\u00e4rkeimpi\u00e4 koentsyymej\u00e4, jotka vastaavat energiantuotannosta, solujen uusiutumisesta ja ik\u00e4\u00e4ntymisprosessin s\u00e4\u00e4telyst\u00e4. NAD-tasojen seuraaminen antaa sinulle paremman k\u00e4sityksen kehosi aineenvaihdunnasta ja mahdollistaa oikea-aikaisten toimien toteuttamisen pidemm\u00e4n ja terveemm\u00e4n el\u00e4m\u00e4n takaamiseksi.<\/p>\n<p>T\u00e4rkeimm\u00e4t edut<\/p>\n<p>Suoritetaan lisensoidussa kliinisess\u00e4 laboratoriossa.<\/p>\n<p>Tarkkuuden ja luotettavuuden varmistamiseksi k\u00e4ytet\u00e4\u00e4n entsymaattista syklist\u00e4 analyysia.<\/p>\n<p>Ilmainen toimitus koko EU:n alueelle.<\/p>\n<p>Mit\u00e4 opit NAD-testist\u00e4?<\/p>\n<p>T\u00e4m\u00e4 testi antaa yksityiskohtaista tietoa energiavarastoista solutasolla ja auttaa:<\/p>\n<p>Seuraa solujen energiatasoja.<\/p>\n<p>Havaitse ik\u00e4\u00e4ntymisen varhaiset merkit ajoissa.<\/p>\n<p>Optimoi kehon energia-aineenvaihduntaa.<\/p>\n<p>Parantaa henkist\u00e4 selkeytt\u00e4 ja fyysist\u00e4 kest\u00e4vyytt\u00e4.<\/p>\n<p>Miksi NAD-tasojen seuranta on t\u00e4rke\u00e4\u00e4<\/p>\n<p>NAD\u207a on mukana yli 400 biologisessa reaktiossa, jotka liittyv\u00e4t energiaan, DNA:n korjaamiseen ja solujen pitk\u00e4ik\u00e4isyyteen.<\/p>\n<p>NAD:n m\u00e4\u00e4r\u00e4n v\u00e4heneminen on yhdistetty ik\u00e4\u00e4ntymiseen, heikentyneeseen energiantuotantoon ja suurempaan kroonisten sairauksien riskiin.<\/p>\n<p>NAD-tasojen seuranta mahdollistaa yksil\u00f6lliset el\u00e4m\u00e4ntapojen mukautukset tai lis\u00e4ravinteet (esim. NMN, NR, sirtuiinin aktivaattorit) optimaalisen aineenvaihdunnan yll\u00e4pit\u00e4miseksi.<\/p>\n<p>Miksi valita t\u00e4m\u00e4 testi<\/p>\n<p>\u2714\ufe0f Antaa selke\u00e4n kuvan solujen energiatasosta.<br \/>\n\u2714\ufe0f Mahdollistaa ik\u00e4\u00e4ntymisen merkkien havaitsemisen varhaisessa vaiheessa.<br \/>\n\u2714\ufe0f K\u00e4ytt\u00e4\u00e4 entsymaattista tarkkuusmenetelm\u00e4\u00e4.<br \/>\n\u2714\ufe0f Auttaa yksil\u00f6llist\u00e4m\u00e4\u00e4n terveydenhuoltoa pitk\u00e4ik\u00e4isyyden saavuttamiseksi.<\/p>","protected":false},"featured_media":40319,"comment_status":"open","ping_status":"closed","template":"","meta":{"_acf_changed":false},"product_brand":[411],"product_cat":[97,75],"product_tag":[],"class_list":{"0":"post-40312","1":"product","2":"type-product","3":"status-publish","4":"has-post-thumbnail","6":"product_brand-bloodo","7":"product_cat-tyrimai","8":"product_cat-sveikatos-testai","10":"first","11":"instock","12":"shipping-taxable","13":"purchasable","14":"product-type-simple"},"acf":[],"tiered_pricing_type":"fixed","tiered_pricing_fixed_rules":[],"tiered_pricing_product_settings":{"layout":"default","base_unit_name":{"singular":null,"plural":null},"default_variation":null},"tiered_pricing_minimum_quantity":null,"tiered_pricing_roles_data":[],"tiered_pricing_percentage_rules":[],"_links":{"self":[{"href":"https:\/\/purama.lt\/fi\/wp-json\/wp\/v2\/product\/40312","targetHints":{"allow":["GET"]}}],"collection":[{"href":"https:\/\/purama.lt\/fi\/wp-json\/wp\/v2\/product"}],"about":[{"href":"https:\/\/purama.lt\/fi\/wp-json\/wp\/v2\/types\/product"}],"replies":[{"embeddable":true,"href":"https:\/\/purama.lt\/fi\/wp-json\/wp\/v2\/comments?post=40312"}],"wp:featuredmedia":[{"embeddable":true,"href":"https:\/\/purama.lt\/fi\/wp-json\/wp\/v2\/media\/40319"}],"wp:attachment":[{"href":"https:\/\/purama.lt\/fi\/wp-json\/wp\/v2\/media?parent=40312"}],"wp:term":[{"taxonomy":"product_brand","embeddable":true,"href":"https:\/\/purama.lt\/fi\/wp-json\/wp\/v2\/product_brand?post=40312"},{"taxonomy":"product_cat","embeddable":true,"href":"https:\/\/purama.lt\/fi\/wp-json\/wp\/v2\/product_cat?post=40312"},{"taxonomy":"product_tag","embeddable":true,"href":"https:\/\/purama.lt\/fi\/wp-json\/wp\/v2\/product_tag?post=40312"}],"curies":[{"name":"wp","href":"https:\/\/api.w.org\/{rel}","templated":true}]}}