{"id":40311,"date":"2025-10-08T08:10:51","date_gmt":"2025-10-08T06:10:51","guid":{"rendered":"https:\/\/purama.lt\/produktas\/bloodo-omega-lygio-testas\/"},"modified":"2025-11-11T14:00:35","modified_gmt":"2025-11-11T12:00:35","slug":"veren-omega-tasotesti","status":"publish","type":"product","link":"https:\/\/purama.lt\/fi\/produktas\/bloodo-omega-lygio-testas\/","title":{"rendered":"Veren Omega-tasotesti"},"content":{"rendered":"","protected":false},"excerpt":{"rendered":"<p>Omega-rasvahappojen suhdetestaus - kattava analyysi terveydentilastasi.<\/p>\n<p>Omega-suhdetesti on kattava testi, jolla m\u00e4\u00e4ritet\u00e4\u00e4n elimist\u00f6n v\u00e4ltt\u00e4m\u00e4tt\u00f6mien rasvahappojen (Omega-3, Omega-6, Omega-9 jne.) tasot ja niiden tasapaino. N\u00e4iden rasvahappojen suhde on olennainen syd\u00e4n- ja verisuoniterveyden, immuniteetin, aivotoiminnan ja kehon yleisen joustavuuden kannalta. T\u00e4rkeimm\u00e4t edut<\/p>\n<p>Suoritetaan lisensoidussa kliinisess\u00e4 laboratoriossa.<\/p>\n<p>Tarkkuus varmistetaan GC\/MS-menetelm\u00e4ll\u00e4, joka mahdollistaa rasvahappotasojen eritt\u00e4in tarkan mittaamisen.<\/p>\n<p>Ilmainen toimitus koko EU:n alueelle.<\/p>\n<p>Mit\u00e4 Omega-suhdetesti paljastaa<\/p>\n<p>T\u00e4m\u00e4 testi osoittaa veren omega-rasvahappojen pitoisuuden lis\u00e4ksi my\u00f6s omega-rasvahappojen suhdetta elimist\u00f6ss\u00e4, mik\u00e4 on elimist\u00f6n optimaalisen toiminnan kannalta ratkaisevan t\u00e4rke\u00e4\u00e4. T\u00e4m\u00e4n avulla voit:<\/p>\n<p>Parantaa syd\u00e4men toimintaa ja alentaa kolesterolia.<\/p>\n<p>Parantaa aivojen toimintaa ja immuunij\u00e4rjestelm\u00e4n vastetta.<\/p>\n<p>V\u00e4hent\u00e4\u00e4 tulehdusta ja nopeuttaa elimist\u00f6n toipumista.<\/p>\n<p>Tasapainottaa rasvahappojen suhdetta yleisen hyvinvoinnin parantamiseksi.<\/p>\n<p>Miksi omega-happotasapaino on t\u00e4rke\u00e4<\/p>\n<p>Omega-3-rasvahapot ovat v\u00e4ltt\u00e4m\u00e4tt\u00f6mi\u00e4 syd\u00e4n- ja verisuoniterveyden, aivotoiminnan ja hermoston kannalta.<\/p>\n<p>Omega-6-rasvahappoja tarvitaan kasvuun, energiaan ja vastustuskykyyn, mutta liiallinen m\u00e4\u00e4r\u00e4 voi edist\u00e4\u00e4 tulehdusta.<\/p>\n<p>Omega-9 tukee syd\u00e4men toimintaa, kolesterolitasapainoa ja yleist\u00e4 aineenvaihduntaa.<\/p>\n<p>N\u00e4iden happojen riitt\u00e4m\u00e4t\u00f6n suhde voi lis\u00e4t\u00e4 syd\u00e4nsairauksien, tulehdusprosessien tai kognitiivisten h\u00e4iri\u00f6iden riski\u00e4.<\/p>\n<p>Miksi valita t\u00e4m\u00e4 testi<\/p>\n<p>\u2714\ufe0f N\u00e4ytt\u00e4\u00e4 paitsi omega-happojen m\u00e4\u00e4r\u00e4n my\u00f6s niiden tasapainon.<br \/>\n\u2714\ufe0f Suoritetaan k\u00e4ytt\u00e4en GC\/MS-tarkkuustekniikkaa.<br \/>\n\u2714\ufe0f Auttaa sinua mukauttamaan ruokavaliosi ja lis\u00e4ravinteiden saannin yksil\u00f6llisten tarpeidesi mukaan.<br \/>\n\u2714\ufe0f Se on erityisen t\u00e4rke\u00e4\u00e4 syd\u00e4men, aivojen ja immuunij\u00e4rjestelm\u00e4n pitk\u00e4n aikav\u00e4lin terveyden kannalta.<\/p>","protected":false},"featured_media":40316,"comment_status":"open","ping_status":"closed","template":"","meta":{"_acf_changed":false},"product_brand":[411],"product_cat":[97,75],"product_tag":[],"class_list":{"0":"post-40311","1":"product","2":"type-product","3":"status-publish","4":"has-post-thumbnail","6":"product_brand-bloodo","7":"product_cat-tyrimai","8":"product_cat-sveikatos-testai","10":"first","11":"instock","12":"shipping-taxable","13":"purchasable","14":"product-type-simple"},"acf":[],"tiered_pricing_type":"fixed","tiered_pricing_fixed_rules":[],"tiered_pricing_product_settings":{"layout":"default","base_unit_name":{"singular":null,"plural":null},"default_variation":null},"tiered_pricing_minimum_quantity":null,"tiered_pricing_roles_data":[],"tiered_pricing_percentage_rules":[],"_links":{"self":[{"href":"https:\/\/purama.lt\/fi\/wp-json\/wp\/v2\/product\/40311","targetHints":{"allow":["GET"]}}],"collection":[{"href":"https:\/\/purama.lt\/fi\/wp-json\/wp\/v2\/product"}],"about":[{"href":"https:\/\/purama.lt\/fi\/wp-json\/wp\/v2\/types\/product"}],"replies":[{"embeddable":true,"href":"https:\/\/purama.lt\/fi\/wp-json\/wp\/v2\/comments?post=40311"}],"wp:featuredmedia":[{"embeddable":true,"href":"https:\/\/purama.lt\/fi\/wp-json\/wp\/v2\/media\/40316"}],"wp:attachment":[{"href":"https:\/\/purama.lt\/fi\/wp-json\/wp\/v2\/media?parent=40311"}],"wp:term":[{"taxonomy":"product_brand","embeddable":true,"href":"https:\/\/purama.lt\/fi\/wp-json\/wp\/v2\/product_brand?post=40311"},{"taxonomy":"product_cat","embeddable":true,"href":"https:\/\/purama.lt\/fi\/wp-json\/wp\/v2\/product_cat?post=40311"},{"taxonomy":"product_tag","embeddable":true,"href":"https:\/\/purama.lt\/fi\/wp-json\/wp\/v2\/product_tag?post=40311"}],"curies":[{"name":"wp","href":"https:\/\/api.w.org\/{rel}","templated":true}]}}