{"id":40310,"date":"2025-10-08T08:10:50","date_gmt":"2025-10-08T06:10:50","guid":{"rendered":"https:\/\/purama.lt\/produktas\/bloodo-hemoglobino-a1c-testas\/"},"modified":"2025-11-11T14:00:41","modified_gmt":"2025-11-11T12:00:41","slug":"veren-hemoglobiini-a1c-testi","status":"publish","type":"product","link":"https:\/\/purama.lt\/fi\/produktas\/bloodo-hemoglobino-a1c-testas\/","title":{"rendered":"VERI Hemoglobiini A1C-testi"},"content":{"rendered":"","protected":false},"excerpt":{"rendered":"<p>Hemoglobiini A1c -testi (HbA1c) on luotettava tapa arvioida keskim\u00e4\u00e4r\u00e4inen verensokeritasosi viimeisten 2-3 kuukauden ajalta. Testill\u00e4 voidaan seurata glukoosinhallintaa objektiivisemmin kuin tavanomaisilla tilannekohtaisilla sokerimittauksilla. HbA1c-mittari on erityisen t\u00e4rke\u00e4 esidiabeteksen ja diabeteksen diagnosoinnissa sek\u00e4 hoidon tehokkuuden ja komplikaatioriskin arvioinnissa. Mit\u00e4 saat selville HbA1c-testist\u00e4<\/p>\n<p>T\u00e4m\u00e4 tutkimus antaa yksityiskohtaisen k\u00e4sityksen kehon glukoosipitoisuuden pitk\u00e4n aikav\u00e4lin vaihteluista ja mahdollistaa sen:<\/p>\n<p>Seuraa pitk\u00e4aikaista sokerinhallintaa.<\/p>\n<p>Prediabeteksen tai esidiabeteksen varhainen havaitseminen.<\/p>\n<p>Diabeteksen hoidon ja hallinnan optimointi.<\/p>\n<p>V\u00e4hent\u00e4\u00e4 suuren sokerinsaannin aiheuttamien komplikaatioiden riski\u00e4.<\/p>\n<p>Tulosten tulkinta<\/p>\n<p>&lt; 5,7 % - normaali glukoosipitoisuus.<\/p>\n<p>5,7-6,4 % - esidiabetes (lis\u00e4\u00e4ntynyt diabetesriski).<\/p>\n<p>\u2265 6.5 % - diabetes (diagnoosi vahvistettu uusintatesteill\u00e4).<\/p>\n<p>Diabetesta sairastaville suositellaan yleens\u00e4, ett\u00e4 HbA1c-arvo on &lt; 7 %, mutta yksil\u00f6lliset tavoitteet voivat vaihdella.<\/p>\n<p>Miksi valita t\u00e4m\u00e4 testi<\/p>\n<p>\u2714\ufe0f Vakaa ja tarkka indikaattori sokerin pitk\u00e4aikaiseen valvontaan.<br \/>\n\u2714\ufe0f Suoritetaan k\u00e4ytt\u00e4en eritt\u00e4in tarkkaa HPLC-tekniikkaa.<br \/>\n\u2714\ufe0f Sopii sek\u00e4 ennaltaehk\u00e4isyyn ett\u00e4 diabeteksen hoitoon.<br \/>\n\u2714\ufe0f Auttaa ehk\u00e4isem\u00e4\u00e4n komplikaatioita ja parantamaan el\u00e4m\u00e4nlaatua.<\/p>","protected":false},"featured_media":40318,"comment_status":"open","ping_status":"closed","template":"","meta":{"_acf_changed":false},"product_brand":[411],"product_cat":[97,75],"product_tag":[],"class_list":{"0":"post-40310","1":"product","2":"type-product","3":"status-publish","4":"has-post-thumbnail","6":"product_brand-bloodo","7":"product_cat-tyrimai","8":"product_cat-sveikatos-testai","10":"first","11":"instock","12":"shipping-taxable","13":"purchasable","14":"product-type-simple"},"acf":[],"tiered_pricing_type":"fixed","tiered_pricing_fixed_rules":[],"tiered_pricing_product_settings":{"layout":"default","base_unit_name":{"singular":null,"plural":null},"default_variation":null},"tiered_pricing_minimum_quantity":null,"tiered_pricing_roles_data":[],"tiered_pricing_percentage_rules":[],"_links":{"self":[{"href":"https:\/\/purama.lt\/fi\/wp-json\/wp\/v2\/product\/40310","targetHints":{"allow":["GET"]}}],"collection":[{"href":"https:\/\/purama.lt\/fi\/wp-json\/wp\/v2\/product"}],"about":[{"href":"https:\/\/purama.lt\/fi\/wp-json\/wp\/v2\/types\/product"}],"replies":[{"embeddable":true,"href":"https:\/\/purama.lt\/fi\/wp-json\/wp\/v2\/comments?post=40310"}],"wp:featuredmedia":[{"embeddable":true,"href":"https:\/\/purama.lt\/fi\/wp-json\/wp\/v2\/media\/40318"}],"wp:attachment":[{"href":"https:\/\/purama.lt\/fi\/wp-json\/wp\/v2\/media?parent=40310"}],"wp:term":[{"taxonomy":"product_brand","embeddable":true,"href":"https:\/\/purama.lt\/fi\/wp-json\/wp\/v2\/product_brand?post=40310"},{"taxonomy":"product_cat","embeddable":true,"href":"https:\/\/purama.lt\/fi\/wp-json\/wp\/v2\/product_cat?post=40310"},{"taxonomy":"product_tag","embeddable":true,"href":"https:\/\/purama.lt\/fi\/wp-json\/wp\/v2\/product_tag?post=40310"}],"curies":[{"name":"wp","href":"https:\/\/api.w.org\/{rel}","templated":true}]}}