{"id":39302,"date":"2025-09-16T08:11:09","date_gmt":"2025-09-16T06:11:09","guid":{"rendered":"https:\/\/purama.lt\/produktas\/medicube-skaistinantis-ir-stangrinamasis-veido-kremas\/"},"modified":"2026-04-10T13:03:31","modified_gmt":"2026-04-10T11:03:31","slug":"medicube-kirkastava-ja-kiinteyttava-kasvovoide","status":"publish","type":"product","link":"https:\/\/purama.lt\/fi\/produktas\/medicube-skaistinantis-ir-stangrinamasis-veido-kremas\/","title":{"rendered":"Medicube Deep Vita C Capsule Cream Kirkastava ja kiinteytt\u00e4v\u00e4 kasvovoide."},"content":{"rendered":"<p><strong>T\u00e4rkeimm\u00e4t ainesosat:<\/strong> C-vitamiini ja sen johdannaiset, tyrniuute, niasiiniamidi, ferulihappo, E-vitamiini, hyaluronihappokompleksi kosteuttaa.<\/p>","protected":false},"excerpt":{"rendered":"<p data-start=\"74\" data-end=\"296\">Voide, jossa on tiivistetty\u00e4 C-vitamiinia ja tyrniuutetta kapseleissa. Kapselit takaavat C-vitamiinin pysyvyyden ja tehokkaan imeytymisen. Voide kirkastaa, kiinteytt\u00e4\u00e4 ja antaa iholle terveen hehkun.<\/p>\n<p data-start=\"298\" data-end=\"593\"><strong data-start=\"298\" data-end=\"322\">Miksi valita:<\/strong><br data-start=\"322\" data-end=\"325\" \/>\u2714\ufe0f C-vitamiini auttaa torjumaan pigmentaatiota ja lis\u00e4\u00e4m\u00e4\u00e4n kollageenin tuotantoa.<br data-start=\"396\" data-end=\"399\" \/>\u2714\ufe0f Tyrniuute (50 %) sis\u00e4lt\u00e4\u00e4 runsaasti antioksidantteja ja ravitsee ihoa.<br data-start=\"472\" data-end=\"475\" \/>\u2714\ufe0f Niasiiniamidi kirkastaa, vahvistaa ihosulkua.<br data-start=\"522\" data-end=\"525\" \/>\u2714\ufe0f E-vitamiini ja ferulihappo tehostavat antioksidanttitoimintaa.<\/p>","protected":false},"featured_media":39308,"comment_status":"open","ping_status":"closed","template":"","meta":{"_acf_changed":false},"product_brand":[438],"product_cat":[92,500,55,59],"product_tag":[],"class_list":{"0":"post-39302","1":"product","2":"type-product","3":"status-publish","4":"has-post-thumbnail","6":"product_brand-medicube","7":"product_cat-groziui","8":"product_cat-outlet","9":"product_cat-veido-kremai","10":"product_cat-veidui","12":"first","13":"instock","14":"sale","15":"shipping-taxable","16":"purchasable","17":"product-type-simple"},"acf":[],"tiered_pricing_type":"fixed","tiered_pricing_fixed_rules":[],"tiered_pricing_product_settings":{"layout":"default","base_unit_name":{"singular":null,"plural":null},"default_variation":null},"tiered_pricing_minimum_quantity":null,"tiered_pricing_roles_data":[],"tiered_pricing_percentage_rules":[],"_links":{"self":[{"href":"https:\/\/purama.lt\/fi\/wp-json\/wp\/v2\/product\/39302","targetHints":{"allow":["GET"]}}],"collection":[{"href":"https:\/\/purama.lt\/fi\/wp-json\/wp\/v2\/product"}],"about":[{"href":"https:\/\/purama.lt\/fi\/wp-json\/wp\/v2\/types\/product"}],"replies":[{"embeddable":true,"href":"https:\/\/purama.lt\/fi\/wp-json\/wp\/v2\/comments?post=39302"}],"wp:featuredmedia":[{"embeddable":true,"href":"https:\/\/purama.lt\/fi\/wp-json\/wp\/v2\/media\/39308"}],"wp:attachment":[{"href":"https:\/\/purama.lt\/fi\/wp-json\/wp\/v2\/media?parent=39302"}],"wp:term":[{"taxonomy":"product_brand","embeddable":true,"href":"https:\/\/purama.lt\/fi\/wp-json\/wp\/v2\/product_brand?post=39302"},{"taxonomy":"product_cat","embeddable":true,"href":"https:\/\/purama.lt\/fi\/wp-json\/wp\/v2\/product_cat?post=39302"},{"taxonomy":"product_tag","embeddable":true,"href":"https:\/\/purama.lt\/fi\/wp-json\/wp\/v2\/product_tag?post=39302"}],"curies":[{"name":"wp","href":"https:\/\/api.w.org\/{rel}","templated":true}]}}