{"id":39299,"date":"2025-09-16T08:11:07","date_gmt":"2025-09-16T06:11:07","guid":{"rendered":"https:\/\/purama.lt\/produktas\/medicube-tonizuojancios-veido-pagalveles\/"},"modified":"2026-04-10T13:03:31","modified_gmt":"2026-04-10T11:03:31","slug":"medicube-parantavat-kasvotyynyt","status":"publish","type":"product","link":"https:\/\/purama.lt\/fi\/produktas\/medicube-sveiciamosios-veido-pagalveles\/","title":{"rendered":"Medicube Zero Pore Pad 2.0 kuorivat kasvotyynyt"},"content":{"rendered":"<p><strong>T\u00e4rkeimm\u00e4t ainesosat:<\/strong> Salisyylihappo (BHA), AHA-hapot (laktaatti, sitruunahappo), Glyseriini ja hyaluronihappojohdannaiset kosteuttavat, Rauhoittavat ainesosat: allantoiini, Centella Asiatica, hedelm\u00e4uutteet.<\/p>","protected":false},"excerpt":{"rendered":"<p data-start=\"0\" data-end=\"178\"><strong>Medicube Zero Pore Pad 2.0:<\/strong> Kaksoiskuvioiset tyynyt, jotka on rikastettu AHA- ja BHA-hapoilla. Ne puhdistavat ja kuorivat ihoa tehokkaasti, auttavat kirist\u00e4m\u00e4\u00e4n ihohuokosia ja v\u00e4hent\u00e4m\u00e4\u00e4n ylim\u00e4\u00e4r\u00e4ist\u00e4 \u00f6ljy\u00e4.<\/p>\n<p data-start=\"180\" data-end=\"454\"><strong data-start=\"180\" data-end=\"204\">Miksi valita:<\/strong><br data-start=\"204\" data-end=\"207\" \/>\u2714\ufe0f Poistaa kuolleet ihosolut ja ylim\u00e4\u00e4r\u00e4isen talin.<br data-start=\"259\" data-end=\"262\" data-is-only-node=\"\" \/>\u2714\ufe0f V\u00e4hent\u00e4\u00e4 mustap\u00e4it\u00e4 ja tukkeutuneita huokosia.<br data-start=\"304\" data-end=\"307\" \/>\u2714\ufe0f Kaksoispinta: toinen puoli kuorintaan, toinen rauhoittaa ihoa.<br data-start=\"382\" data-end=\"385\" \/>\u2714\ufe0f Soveltuu p\u00e4ivitt\u00e4iseen hoitoon kirkkaamman ja sile\u00e4mm\u00e4n ihon saamiseksi<\/p>","protected":false},"featured_media":39305,"comment_status":"open","ping_status":"closed","template":"","meta":{"_acf_changed":true},"product_brand":[438],"product_cat":[92,150,59],"product_tag":[],"class_list":{"0":"post-39299","1":"product","2":"type-product","3":"status-publish","4":"has-post-thumbnail","6":"product_brand-medicube","7":"product_cat-groziui","8":"product_cat-veido-prausikliai","9":"product_cat-veidui","11":"first","12":"instock","13":"shipping-taxable","14":"purchasable","15":"product-type-simple"},"acf":[],"tiered_pricing_type":"fixed","tiered_pricing_fixed_rules":[],"tiered_pricing_product_settings":{"layout":"default","base_unit_name":{"singular":null,"plural":null},"default_variation":null},"tiered_pricing_minimum_quantity":null,"tiered_pricing_roles_data":[],"tiered_pricing_percentage_rules":[],"_links":{"self":[{"href":"https:\/\/purama.lt\/fi\/wp-json\/wp\/v2\/product\/39299","targetHints":{"allow":["GET"]}}],"collection":[{"href":"https:\/\/purama.lt\/fi\/wp-json\/wp\/v2\/product"}],"about":[{"href":"https:\/\/purama.lt\/fi\/wp-json\/wp\/v2\/types\/product"}],"replies":[{"embeddable":true,"href":"https:\/\/purama.lt\/fi\/wp-json\/wp\/v2\/comments?post=39299"}],"wp:featuredmedia":[{"embeddable":true,"href":"https:\/\/purama.lt\/fi\/wp-json\/wp\/v2\/media\/39305"}],"wp:attachment":[{"href":"https:\/\/purama.lt\/fi\/wp-json\/wp\/v2\/media?parent=39299"}],"wp:term":[{"taxonomy":"product_brand","embeddable":true,"href":"https:\/\/purama.lt\/fi\/wp-json\/wp\/v2\/product_brand?post=39299"},{"taxonomy":"product_cat","embeddable":true,"href":"https:\/\/purama.lt\/fi\/wp-json\/wp\/v2\/product_cat?post=39299"},{"taxonomy":"product_tag","embeddable":true,"href":"https:\/\/purama.lt\/fi\/wp-json\/wp\/v2\/product_tag?post=39299"}],"curies":[{"name":"wp","href":"https:\/\/api.w.org\/{rel}","templated":true}]}}