{"id":39298,"date":"2025-09-16T08:11:06","date_gmt":"2025-09-16T06:11:06","guid":{"rendered":"https:\/\/purama.lt\/produktas\/medicube-stangrinamasis-veido-serumas\/"},"modified":"2026-04-10T13:03:31","modified_gmt":"2026-04-10T11:03:31","slug":"medicube-kiinteyttava-kasvoseerumi","status":"publish","type":"product","link":"https:\/\/purama.lt\/fi\/produktas\/medicube-stangrinamasis-veido-serumas\/","title":{"rendered":"Medicube Kolminkertainen kollageeniseerumi kiinteytt\u00e4v\u00e4 kasvoseerumi"},"content":{"rendered":"<p><strong>T\u00e4rkeimm\u00e4t ainesosat:<\/strong> Hydrolysoitu kollageeni, atelo-kollageeni, liukoinen kollageeni, hyaluronihappojohdannaiset (natriumhyaluronaatti, hydrolysoitu hyaluronihappo), niasiiniamidi, adenosiini.<\/p>\n\n\n\n<p>Etsitk\u00f6 lis\u00e4\u00e4? Katso kaikki <a href=\"\/fi\/tuoteselosteet\/medicube\/\">Medicube-alue<\/a>.<\/p>","protected":false},"excerpt":{"rendered":"<p data-start=\"0\" data-end=\"261\"><strong>Medicube Triple Collagen Serum:<\/strong> Kevyt seerumi, jossa on Triple Collagen Complex - kolme eri kollageenimuotoa, joita on t\u00e4ydennetty hyaluronihapolla ja niasiiniamidilla. Suunniteltu parantamaan ihon kimmoisuutta, kiinteytt\u00e4, intensiivist\u00e4 kosteutusta ja kirkkautta.<\/p>\n<p data-start=\"263\" data-end=\"544\"><strong data-start=\"263\" data-end=\"287\">Miksi valita:<\/strong><br data-start=\"287\" data-end=\"290\" \/>\u2714\ufe0f Kolme kollageenityyppi\u00e4 vahvistaa ihon rakennetta ja kiinteytt\u00e4.<br data-start=\"360\" data-end=\"363\" data-is-only-node=\"\" \/>\u2714\ufe0f Hyaluronihappo syv\u00e4kosteutusta varten.<br data-start=\"412\" data-end=\"415\" \/>\u2714\ufe0f Niasiiniamidi v\u00e4hent\u00e4\u00e4 punoitusta, pigmenttil\u00e4iski\u00e4 ja parantaa ihon s\u00e4vy\u00e4.<br data-start=\"489\" data-end=\"492\" \/>\u2714\ufe0f Adenosiini rauhoittaa ja stimuloi ihon uusiutumista.<\/p>","protected":false},"featured_media":39306,"comment_status":"open","ping_status":"closed","template":"","meta":{"_acf_changed":false},"product_brand":[438],"product_cat":[92,56,59],"product_tag":[],"class_list":{"0":"post-39298","1":"product","2":"type-product","3":"status-publish","4":"has-post-thumbnail","6":"product_brand-medicube","7":"product_cat-groziui","8":"product_cat-veido-serumai","9":"product_cat-veidui","11":"first","12":"instock","13":"shipping-taxable","14":"purchasable","15":"product-type-simple"},"acf":[],"tiered_pricing_type":"fixed","tiered_pricing_fixed_rules":[],"tiered_pricing_product_settings":{"layout":"default","base_unit_name":{"singular":null,"plural":null},"default_variation":null},"tiered_pricing_minimum_quantity":null,"tiered_pricing_roles_data":[],"tiered_pricing_percentage_rules":[],"_links":{"self":[{"href":"https:\/\/purama.lt\/fi\/wp-json\/wp\/v2\/product\/39298","targetHints":{"allow":["GET"]}}],"collection":[{"href":"https:\/\/purama.lt\/fi\/wp-json\/wp\/v2\/product"}],"about":[{"href":"https:\/\/purama.lt\/fi\/wp-json\/wp\/v2\/types\/product"}],"replies":[{"embeddable":true,"href":"https:\/\/purama.lt\/fi\/wp-json\/wp\/v2\/comments?post=39298"}],"wp:featuredmedia":[{"embeddable":true,"href":"https:\/\/purama.lt\/fi\/wp-json\/wp\/v2\/media\/39306"}],"wp:attachment":[{"href":"https:\/\/purama.lt\/fi\/wp-json\/wp\/v2\/media?parent=39298"}],"wp:term":[{"taxonomy":"product_brand","embeddable":true,"href":"https:\/\/purama.lt\/fi\/wp-json\/wp\/v2\/product_brand?post=39298"},{"taxonomy":"product_cat","embeddable":true,"href":"https:\/\/purama.lt\/fi\/wp-json\/wp\/v2\/product_cat?post=39298"},{"taxonomy":"product_tag","embeddable":true,"href":"https:\/\/purama.lt\/fi\/wp-json\/wp\/v2\/product_tag?post=39298"}],"curies":[{"name":"wp","href":"https:\/\/api.w.org\/{rel}","templated":true}]}}