{"id":38857,"date":"2025-08-29T14:45:41","date_gmt":"2025-08-29T14:45:41","guid":{"rendered":"https:\/\/purama.lt\/produktas\/matcha-co-matcha-su-kolagenu-vaniles-skonio\/"},"modified":"2026-04-14T08:55:08","modified_gmt":"2026-04-14T06:55:08","slug":"matcha-co-matcha-ja-kollageeni-vanilja-makuinen","status":"publish","type":"product","link":"https:\/\/purama.lt\/fi\/produktas\/matcha-co-matcha-su-kolagenu-vaniles-skonio\/","title":{"rendered":"Matcha &amp; Co Matcha ja kollageeni vaniljanmakuisina"},"content":{"rendered":"","protected":false},"excerpt":{"rendered":"<p>Ravintolis\u00e4, jossa on mieto vaniljan maku sek\u00e4 korkealaatuista matchaa ja merikollageenia. Sopii aamuiseen energiaboostiin ja tukee samalla kauneutta ja hyvinvointia sis\u00e4lt\u00e4p\u00e4in.<\/p>\n<p><strong>Miksi valita:<\/strong><br \/>\n\u2714 Virkist\u00e4v\u00e4 vaniljan maku<br \/>\n\u2714 Merikollageeni - kauneudelle ja nivelille<br \/>\n\u2714 Matcha-antioksidanttien ja L-teaniinin kanssa<br \/>\n\u2714 Helppo liuottaa, sopii k\u00e4ytett\u00e4v\u00e4ksi veden, kasvimaidon tai smoothien kanssa.<\/p>","protected":false},"featured_media":38850,"comment_status":"open","ping_status":"closed","template":"","meta":{"_acf_changed":true},"product_brand":[437],"product_cat":[60,57,165],"product_tag":[],"class_list":{"0":"post-38857","1":"product","2":"type-product","3":"status-publish","4":"has-post-thumbnail","6":"product_brand-matcha-co","7":"product_cat-mitybai","8":"product_cat-akcijos","9":"product_cat-gerimai","11":"first","12":"instock","13":"sale","14":"shipping-taxable","15":"purchasable","16":"product-type-simple"},"acf":[],"tiered_pricing_type":"fixed","tiered_pricing_fixed_rules":[],"tiered_pricing_product_settings":{"layout":"default","base_unit_name":{"singular":null,"plural":null},"default_variation":null},"tiered_pricing_minimum_quantity":null,"tiered_pricing_roles_data":[],"tiered_pricing_percentage_rules":[],"_links":{"self":[{"href":"https:\/\/purama.lt\/fi\/wp-json\/wp\/v2\/product\/38857","targetHints":{"allow":["GET"]}}],"collection":[{"href":"https:\/\/purama.lt\/fi\/wp-json\/wp\/v2\/product"}],"about":[{"href":"https:\/\/purama.lt\/fi\/wp-json\/wp\/v2\/types\/product"}],"replies":[{"embeddable":true,"href":"https:\/\/purama.lt\/fi\/wp-json\/wp\/v2\/comments?post=38857"}],"wp:featuredmedia":[{"embeddable":true,"href":"https:\/\/purama.lt\/fi\/wp-json\/wp\/v2\/media\/38850"}],"wp:attachment":[{"href":"https:\/\/purama.lt\/fi\/wp-json\/wp\/v2\/media?parent=38857"}],"wp:term":[{"taxonomy":"product_brand","embeddable":true,"href":"https:\/\/purama.lt\/fi\/wp-json\/wp\/v2\/product_brand?post=38857"},{"taxonomy":"product_cat","embeddable":true,"href":"https:\/\/purama.lt\/fi\/wp-json\/wp\/v2\/product_cat?post=38857"},{"taxonomy":"product_tag","embeddable":true,"href":"https:\/\/purama.lt\/fi\/wp-json\/wp\/v2\/product_tag?post=38857"}],"curies":[{"name":"wp","href":"https:\/\/api.w.org\/{rel}","templated":true}]}}