{"id":38856,"date":"2025-08-29T14:45:40","date_gmt":"2025-08-29T14:45:40","guid":{"rendered":"https:\/\/purama.lt\/produktas\/matcha-co-matcha-su-kolagenu-originalaus-skonio\/"},"modified":"2026-04-14T08:55:36","modified_gmt":"2026-04-14T06:55:36","slug":"matcha-co-matcha-ja-kollageeni-alkuperainen-maku","status":"publish","type":"product","link":"https:\/\/purama.lt\/fi\/produktas\/matcha-co-matcha-su-kolagenu-originalaus-skonio\/","title":{"rendered":"Matcha &amp; Co Matcha ja kollageeni alkuper\u00e4isess\u00e4 maustuksessa"},"content":{"rendered":"","protected":false},"excerpt":{"rendered":"<p>Ainutlaatuinen juoma, jossa yhdistyv\u00e4t matchan energia ja merikollageenin hy\u00f6dyt iholle, hiuksille ja nivelille. Ei keinotekoisia lis\u00e4aineita, vain luonnollinen maku ja ravintoaineet - kaikki yhdess\u00e4 p\u00e4ivitt\u00e4isess\u00e4 rituaalissa.<\/p>\n<p><strong>Miksi valita:<\/strong><br \/>\n\u2714 Sis\u00e4lt\u00e4\u00e4 japanilaista matchaa ja hydrolysoitua kollageenia.<br \/>\n\u2714 Tukee ihon kimmoisuutta ja nivelten terveytt\u00e4<br \/>\n\u2714 Sokeriton, ei keinotekoisia aromeja<br \/>\n\u2714 Alkuper\u00e4inen, luonnollinen maku<\/p>","protected":false},"featured_media":38852,"comment_status":"open","ping_status":"closed","template":"","meta":{"_acf_changed":false},"product_brand":[437],"product_cat":[60,57,165],"product_tag":[],"class_list":{"0":"post-38856","1":"product","2":"type-product","3":"status-publish","4":"has-post-thumbnail","6":"product_brand-matcha-co","7":"product_cat-mitybai","8":"product_cat-akcijos","9":"product_cat-gerimai","11":"first","12":"instock","13":"sale","14":"shipping-taxable","15":"purchasable","16":"product-type-simple"},"acf":[],"tiered_pricing_type":"fixed","tiered_pricing_fixed_rules":[],"tiered_pricing_product_settings":{"layout":"default","base_unit_name":{"singular":null,"plural":null},"default_variation":null},"tiered_pricing_minimum_quantity":null,"tiered_pricing_roles_data":[],"tiered_pricing_percentage_rules":[],"_links":{"self":[{"href":"https:\/\/purama.lt\/fi\/wp-json\/wp\/v2\/product\/38856","targetHints":{"allow":["GET"]}}],"collection":[{"href":"https:\/\/purama.lt\/fi\/wp-json\/wp\/v2\/product"}],"about":[{"href":"https:\/\/purama.lt\/fi\/wp-json\/wp\/v2\/types\/product"}],"replies":[{"embeddable":true,"href":"https:\/\/purama.lt\/fi\/wp-json\/wp\/v2\/comments?post=38856"}],"wp:featuredmedia":[{"embeddable":true,"href":"https:\/\/purama.lt\/fi\/wp-json\/wp\/v2\/media\/38852"}],"wp:attachment":[{"href":"https:\/\/purama.lt\/fi\/wp-json\/wp\/v2\/media?parent=38856"}],"wp:term":[{"taxonomy":"product_brand","embeddable":true,"href":"https:\/\/purama.lt\/fi\/wp-json\/wp\/v2\/product_brand?post=38856"},{"taxonomy":"product_cat","embeddable":true,"href":"https:\/\/purama.lt\/fi\/wp-json\/wp\/v2\/product_cat?post=38856"},{"taxonomy":"product_tag","embeddable":true,"href":"https:\/\/purama.lt\/fi\/wp-json\/wp\/v2\/product_tag?post=38856"}],"curies":[{"name":"wp","href":"https:\/\/api.w.org\/{rel}","templated":true}]}}