{"id":38854,"date":"2025-08-29T14:45:39","date_gmt":"2025-08-29T14:45:39","guid":{"rendered":"https:\/\/purama.lt\/produktas\/matcha-co-ekologiska-matcha-arbata\/"},"modified":"2026-04-14T08:55:53","modified_gmt":"2026-04-14T06:55:53","slug":"matcha-co-orgaaninen-matcha-tee","status":"publish","type":"product","link":"https:\/\/purama.lt\/fi\/produktas\/matcha-co-ekologiska-matcha-arbata\/","title":{"rendered":"Matcha &amp; Co Orgaaninen matcha tee"},"content":{"rendered":"","protected":false},"excerpt":{"rendered":"<p>100 % Orgaaninen japanilainen matcha Ujin alueelta on erinomainen valinta jokap\u00e4iv\u00e4iseen kulutukseen. Luonnollisen vihre\u00e4n teen vahvuuden ja miedon maun ansiosta t\u00e4m\u00e4 matcha antaa energiaa, parantaa keskittymiskyky\u00e4 ja tukee antioksidanttisuojaa. Sopii aamurituaaliksi tai terveellisten juomien tai j\u00e4lkiruokien ainesosaksi.<\/p>\n<p><strong>Miksi valita:<\/strong><br \/>\n\u2714 Sertifioitu luomu<br \/>\n\u2714 Runsaasti antioksidantteja (EGCG)<br \/>\n\u2714 Luonnollinen energianl\u00e4hde ilman kofeiinipiikki\u00e4<br \/>\n\u2714 Sopii vegaaneille ja gluteenittomalle ruokavaliolle.<\/p>","protected":false},"featured_media":38851,"comment_status":"open","ping_status":"closed","template":"","meta":{"_acf_changed":false},"product_brand":[437],"product_cat":[60,57,165],"product_tag":[],"class_list":{"0":"post-38854","1":"product","2":"type-product","3":"status-publish","4":"has-post-thumbnail","6":"product_brand-matcha-co","7":"product_cat-mitybai","8":"product_cat-akcijos","9":"product_cat-gerimai","11":"first","12":"instock","13":"sale","14":"shipping-taxable","15":"purchasable","16":"product-type-simple"},"acf":[],"tiered_pricing_type":"fixed","tiered_pricing_fixed_rules":[],"tiered_pricing_product_settings":{"layout":"default","base_unit_name":{"singular":null,"plural":null},"default_variation":null},"tiered_pricing_minimum_quantity":null,"tiered_pricing_roles_data":[],"tiered_pricing_percentage_rules":[],"_links":{"self":[{"href":"https:\/\/purama.lt\/fi\/wp-json\/wp\/v2\/product\/38854","targetHints":{"allow":["GET"]}}],"collection":[{"href":"https:\/\/purama.lt\/fi\/wp-json\/wp\/v2\/product"}],"about":[{"href":"https:\/\/purama.lt\/fi\/wp-json\/wp\/v2\/types\/product"}],"replies":[{"embeddable":true,"href":"https:\/\/purama.lt\/fi\/wp-json\/wp\/v2\/comments?post=38854"}],"wp:featuredmedia":[{"embeddable":true,"href":"https:\/\/purama.lt\/fi\/wp-json\/wp\/v2\/media\/38851"}],"wp:attachment":[{"href":"https:\/\/purama.lt\/fi\/wp-json\/wp\/v2\/media?parent=38854"}],"wp:term":[{"taxonomy":"product_brand","embeddable":true,"href":"https:\/\/purama.lt\/fi\/wp-json\/wp\/v2\/product_brand?post=38854"},{"taxonomy":"product_cat","embeddable":true,"href":"https:\/\/purama.lt\/fi\/wp-json\/wp\/v2\/product_cat?post=38854"},{"taxonomy":"product_tag","embeddable":true,"href":"https:\/\/purama.lt\/fi\/wp-json\/wp\/v2\/product_tag?post=38854"}],"curies":[{"name":"wp","href":"https:\/\/api.w.org\/{rel}","templated":true}]}}