{"id":38093,"date":"2025-08-08T09:30:28","date_gmt":"2025-08-08T09:30:28","guid":{"rendered":"https:\/\/purama.lt\/?post_type=product&#038;p=38093"},"modified":"2026-02-17T10:01:22","modified_gmt":"2026-02-17T08:01:22","slug":"lubets-orgasmin-tehostin-miehille","status":"publish","type":"product","link":"https:\/\/purama.lt\/fi\/produktas\/lubets-orgazmo-stiprinimo-priemone-vyrams\/","title":{"rendered":"Lubets orgasmin tehostajana miehille"},"content":{"rendered":"<p><strong>Kuinka k\u00e4ytt\u00e4\u00e4:<\/strong><br>Levit\u00e4 pieni m\u00e4\u00e4r\u00e4 suihketta peniksen p\u00e4\u00e4h\u00e4n ja\/tai muulle herk\u00e4lle alueelle ennen yhdynt\u00e4\u00e4. Odota 2-3 minuuttia, ett\u00e4 tuote imeytyy.<\/p>","protected":false},"excerpt":{"rendered":"<p>T\u00e4m\u00e4 suihke lis\u00e4\u00e4 peniksen p\u00e4\u00e4n herkkyytt\u00e4, mik\u00e4 lis\u00e4\u00e4 seksuaalista halua ja nautintoa. Siin\u00e4 on vesipohja, pehme\u00e4 vaahtomainen koostumus, silkkinen tuntuma ja miellytt\u00e4v\u00e4 inkiv\u00e4\u00e4rin tuoksu. Dermatologisesti testattu, yhteensopiva kondomien ja seksilelujen kanssa. Pakkaus 10 kpl 4 ml:n pakkausta (yhteens\u00e4 40 ml). <\/p>\n<p><strong>Miksi valita?<\/strong><br data-start=\"190\" data-end=\"193\" \/>\u2714\ufe0f Lis\u00e4\u00e4 herkkyytt\u00e4 ja tehostaa orgasmin voimakkuutta.<br data-start=\"247\" data-end=\"250\" \/>\u2714\ufe0f 89 % luonnollinen alkuper\u00e4, 86 % orgaaninen koostumus.<br data-start=\"300\" data-end=\"303\" \/>\u2714\ufe0f Sis\u00e4lt\u00e4\u00e4 arginiinia, manteli-, baobab- ja kardemumma\u00f6ljy\u00e4.<br data-start=\"365\" data-end=\"368\" data-is-only-node=\"\" \/>\u2714\ufe0f Vesipohja yhteensopiva kondomien ja lelujen kanssa \u00a0<\/p>","protected":false},"featured_media":38091,"comment_status":"open","ping_status":"closed","template":"","meta":{"_acf_changed":false},"product_brand":[436],"product_cat":[276,277],"product_tag":[],"class_list":{"0":"post-38093","1":"product","2":"type-product","3":"status-publish","4":"has-post-thumbnail","6":"product_brand-lubets","7":"product_cat-seksualinei-sveikatai","8":"product_cat-vyrams","10":"first","11":"outofstock","12":"shipping-taxable","13":"purchasable","14":"product-type-simple"},"acf":[],"tiered_pricing_type":"fixed","tiered_pricing_fixed_rules":[],"tiered_pricing_product_settings":{"layout":"default","base_unit_name":{"singular":null,"plural":null},"default_variation":null},"tiered_pricing_minimum_quantity":null,"tiered_pricing_roles_data":[],"tiered_pricing_percentage_rules":[],"_links":{"self":[{"href":"https:\/\/purama.lt\/fi\/wp-json\/wp\/v2\/product\/38093","targetHints":{"allow":["GET"]}}],"collection":[{"href":"https:\/\/purama.lt\/fi\/wp-json\/wp\/v2\/product"}],"about":[{"href":"https:\/\/purama.lt\/fi\/wp-json\/wp\/v2\/types\/product"}],"replies":[{"embeddable":true,"href":"https:\/\/purama.lt\/fi\/wp-json\/wp\/v2\/comments?post=38093"}],"wp:featuredmedia":[{"embeddable":true,"href":"https:\/\/purama.lt\/fi\/wp-json\/wp\/v2\/media\/38091"}],"wp:attachment":[{"href":"https:\/\/purama.lt\/fi\/wp-json\/wp\/v2\/media?parent=38093"}],"wp:term":[{"taxonomy":"product_brand","embeddable":true,"href":"https:\/\/purama.lt\/fi\/wp-json\/wp\/v2\/product_brand?post=38093"},{"taxonomy":"product_cat","embeddable":true,"href":"https:\/\/purama.lt\/fi\/wp-json\/wp\/v2\/product_cat?post=38093"},{"taxonomy":"product_tag","embeddable":true,"href":"https:\/\/purama.lt\/fi\/wp-json\/wp\/v2\/product_tag?post=38093"}],"curies":[{"name":"wp","href":"https:\/\/api.w.org\/{rel}","templated":true}]}}