{"id":37959,"date":"2025-08-05T06:13:00","date_gmt":"2025-08-05T06:13:00","guid":{"rendered":"https:\/\/purama.lt\/?post_type=product&#038;p=37959"},"modified":"2026-04-03T10:31:12","modified_gmt":"2026-04-03T08:31:12","slug":"kojines-vain-ajaa-vihreita-sporckseja","status":"publish","type":"product","link":"https:\/\/purama.lt\/fi\/produktas\/kojines-just-run-green-sporcks\/","title":{"rendered":"SPORCKS Just Run Green urheilusukat"},"content":{"rendered":"<p>Etsitk\u00f6 lis\u00e4\u00e4? Katso kaikki <a href=\"\/fi\/tuoteselosteet\/sporcks\/\">Sporcks-valikoima<\/a>.<\/p>","protected":false},"excerpt":{"rendered":"<p data-start=\"127\" data-end=\"208\"><strong data-start=\"131\" data-end=\"208\">SPORCKS Just Run Green <\/strong>- Pitkille matkoille suunnitellut sukat - vakautta, mukavuutta ja suojaa. Koe todellinen mukavuus sukilla, jotka mukautuvat jalkasi liikkeisiin ja antavat tukea siell\u00e4, miss\u00e4 sit\u00e4 eniten tarvitset. <strong data-start=\"343\" data-end=\"394\">Vahvistetut alueet nilkan ja pehmusteiden ymp\u00e4rill\u00e4<\/strong> tarjoaa vakautta ja v\u00e4hent\u00e4\u00e4 loukkaantumisriski\u00e4 intensiivisten juoksujen aikana.\u00a0<strong data-start=\"465\" data-end=\"492\">Tasapainotettu paine<\/strong> stimuloi verenkiertoa, v\u00e4hent\u00e4\u00e4 v\u00e4symyst\u00e4 ja tulehdusta, kun taas pehme\u00e4 <strong data-start=\"553\" data-end=\"582\">COOLMAX\u00ae froteekangas<\/strong> Iskua vaimentava kantap\u00e4\u00e4 ja varpaat, poikkeuksellinen hengitt\u00e4vyys. N\u00e4m\u00e4 sukat auttavat ehk\u00e4isem\u00e4\u00e4n rakkuloita, pit\u00e4v\u00e4t sinut kuivana ja takaavat maksimaalisen mukavuuden ensimm\u00e4isest\u00e4 viimeiseen kilometriin.<\/p>\n<p><strong data-start=\"790\" data-end=\"814\">Miksi valita?<br \/>\n<\/strong>\u2714\ufe0f Nilkan ja pohjan tuki lis\u00e4\u00e4 vakautta ja suojaa.<br data-start=\"889\" data-end=\"892\" \/>\u2714\ufe0f Tasapainotettu paine - parempi verenkierto, v\u00e4hemm\u00e4n tulehduksia.<br data-start=\"956\" data-end=\"959\" \/>\u2714\ufe0f COOLMAX\u00ae froteekangas - pehme\u00e4 tuntuma ja iskunvaimennus.<br data-start=\"1034\" data-end=\"1037\" \/>\u2714\ufe0f Rakkulasuojaus - jopa pitk\u00e4n juoksun j\u00e4lkeen.<br data-start=\"1088\" data-end=\"1091\" \/>\u2714\ufe0f Hengitt\u00e4v\u00e4 verkko - yll\u00e4pit\u00e4\u00e4 jalkojen optimaalista l\u00e4mp\u00f6tilaa.<br data-start=\"1153\" data-end=\"1156\" \/>\u2714\ufe0f Tehokas kosteudensiirto - pit\u00e4\u00e4 jalat kuivina.<br data-start=\"1208\" data-end=\"1211\" \/>\u2714\ufe0f Pehme\u00e4, miellytt\u00e4v\u00e4 kangas - maksimaalinen mukavuus joka askeleella.<br data-start=\"1284\" data-end=\"1287\" \/>\u2714\ufe0f 100 % valmistettu Espanjassa - laatuun voit luottaa.<\/p>","protected":false},"featured_media":37961,"comment_status":"open","ping_status":"closed","template":"","meta":{"_acf_changed":false},"product_brand":[246],"product_cat":[98,102],"product_tag":[],"class_list":{"0":"post-37959","1":"product","2":"type-product","3":"status-publish","4":"has-post-thumbnail","6":"product_brand-sporcks","7":"product_cat-sportui","8":"product_cat-kojines","10":"first","11":"outofstock","12":"shipping-taxable","13":"purchasable","14":"product-type-variable"},"acf":[],"tiered_pricing_type":"fixed","tiered_pricing_fixed_rules":[],"tiered_pricing_product_settings":{"layout":"default","base_unit_name":{"singular":null,"plural":null},"default_variation":null},"tiered_pricing_minimum_quantity":null,"tiered_pricing_roles_data":[],"tiered_pricing_percentage_rules":[],"_links":{"self":[{"href":"https:\/\/purama.lt\/fi\/wp-json\/wp\/v2\/product\/37959","targetHints":{"allow":["GET"]}}],"collection":[{"href":"https:\/\/purama.lt\/fi\/wp-json\/wp\/v2\/product"}],"about":[{"href":"https:\/\/purama.lt\/fi\/wp-json\/wp\/v2\/types\/product"}],"replies":[{"embeddable":true,"href":"https:\/\/purama.lt\/fi\/wp-json\/wp\/v2\/comments?post=37959"}],"wp:featuredmedia":[{"embeddable":true,"href":"https:\/\/purama.lt\/fi\/wp-json\/wp\/v2\/media\/37961"}],"wp:attachment":[{"href":"https:\/\/purama.lt\/fi\/wp-json\/wp\/v2\/media?parent=37959"}],"wp:term":[{"taxonomy":"product_brand","embeddable":true,"href":"https:\/\/purama.lt\/fi\/wp-json\/wp\/v2\/product_brand?post=37959"},{"taxonomy":"product_cat","embeddable":true,"href":"https:\/\/purama.lt\/fi\/wp-json\/wp\/v2\/product_cat?post=37959"},{"taxonomy":"product_tag","embeddable":true,"href":"https:\/\/purama.lt\/fi\/wp-json\/wp\/v2\/product_tag?post=37959"}],"curies":[{"name":"wp","href":"https:\/\/api.w.org\/{rel}","templated":true}]}}