{"id":37956,"date":"2025-08-05T06:02:59","date_gmt":"2025-08-05T06:02:59","guid":{"rendered":"https:\/\/purama.lt\/?post_type=product&#038;p=37956"},"modified":"2026-04-04T10:32:14","modified_gmt":"2026-04-04T08:32:14","slug":"kojines-pitaa-menna-vihreaksi-sporcks","status":"publish","type":"product","link":"https:\/\/purama.lt\/fi\/produktas\/kojines-keep-going-green-sporcks\/","title":{"rendered":"SPORCKS Keep Going Green urheilusukat"},"content":{"rendered":"<p>Etsitk\u00f6 lis\u00e4\u00e4? Katso kaikki <a href=\"\/fi\/tuoteselosteet\/sporcks\/\">Sporcks-valikoima<\/a>.<\/p>\n\n\n\n<p><\/p>","protected":false},"excerpt":{"rendered":"<p data-start=\"137\" data-end=\"226\"><strong data-start=\"141\" data-end=\"226\">SPORCKS Keep Going Green: Pa\u017eangios kompresin\u0117s b\u0117gimo kojin\u0117s \u2013 maksimalus komfortas kiekviename kilometre. <\/strong>Etsitk\u00f6 sukkaa, joka ei vain istu kuin toinen iho, vaan my\u00f6s parantaa juoksukokemustasi? N\u00e4m\u00e4 <strong data-start=\"337\" data-end=\"365\">tekniset juoksusukat<\/strong> suunniteltu urheilijoille, jotka arvostavat mukavuuden lis\u00e4ksi my\u00f6s toiminnallisuutta. Vahvistetut tukivy\u00f6hykkeet, tehokas kosteudenhallinta ja poikkeuksellinen pehmeys - kaikki on suunniteltu auttamaan sinua juoksemaan pidemm\u00e4lle, tuntemaan olosi kevyemm\u00e4ksi ja v\u00e4ltt\u00e4m\u00e4\u00e4n ep\u00e4mukavuutta. For <strong data-start=\"623\" data-end=\"657\">keskisuuri puristus<\/strong> ne auttavat yll\u00e4pit\u00e4m\u00e4\u00e4n verenkiertoa, v\u00e4hent\u00e4v\u00e4t lihasv\u00e4symyst\u00e4 ja turvotusta, ja erityinen <strong data-start=\"741\" data-end=\"770\">COOLMAX\u00ae froteekangas<\/strong> kantap\u00e4\u00e4n ja varpaiden alueella vaimentaa iskuja ja auttaa ehk\u00e4isem\u00e4\u00e4n rakkuloita. Hengitt\u00e4v\u00e4 verkko pit\u00e4\u00e4 ihon optimaalisessa l\u00e4mp\u00f6tilassa my\u00f6s silloin, kun hiki valuu vapaasti. Sopii sek\u00e4 intensiivisiin harjoitusjaksoihin ett\u00e4 pitkiin kilpailuihin.<\/p>\n<p><strong data-start=\"1009\" data-end=\"1033\">Miksi valita?<br \/>\n<\/strong>\u2714\ufe0f Lis\u00e4\u00e4 vakautta juostessa - suojaa nilkkoja ja nilkan luita.<br data-start=\"1100\" data-end=\"1103\" \/>\u2714\ufe0f Parempi verenkierto - v\u00e4hemm\u00e4n v\u00e4symyst\u00e4 ja turvotusta harjoituksen j\u00e4lkeen.<br data-start=\"1168\" data-end=\"1171\" \/>\u2714\ufe0f Eritt\u00e4in mukava ja pehme\u00e4 COOLMAX\u00ae-kangas - suojaa rakkuloilta.<br data-start=\"1236\" data-end=\"1239\" \/>\u2714\ufe0f Erinomainen ilmanvaihto - hengitt\u00e4v\u00e4 verkko auttaa s\u00e4\u00e4telem\u00e4\u00e4n l\u00e4mp\u00f6\u00e4.<br data-start=\"1310\" data-end=\"1313\" \/>\u2714\ufe0f Nopea kuivuminen - jalat pysyv\u00e4t kuivina pitkill\u00e4kin matkoilla.<br data-start=\"1385\" data-end=\"1388\" \/>\u2714\ufe0f Ylellinen pehmeys - tunnet eron heti ensimm\u00e4isell\u00e4 kerralla, kun laitat sen p\u00e4\u00e4llesi.<br data-start=\"1452\" data-end=\"1455\" \/>\u2714\ufe0f Made in Spain - laatua, johon voit luottaa.<\/p>","protected":false},"featured_media":37957,"comment_status":"open","ping_status":"closed","template":"","meta":{"_acf_changed":false},"product_brand":[246],"product_cat":[102,57,98],"product_tag":[],"class_list":{"0":"post-37956","1":"product","2":"type-product","3":"status-publish","4":"has-post-thumbnail","6":"product_brand-sporcks","7":"product_cat-kojines","8":"product_cat-akcijos","9":"product_cat-sportui","11":"first","12":"instock","13":"sale","14":"shipping-taxable","15":"purchasable","16":"product-type-variable"},"acf":[],"tiered_pricing_type":"fixed","tiered_pricing_fixed_rules":[],"tiered_pricing_product_settings":{"layout":"default","base_unit_name":{"singular":null,"plural":null},"default_variation":null},"tiered_pricing_minimum_quantity":null,"tiered_pricing_roles_data":[],"tiered_pricing_percentage_rules":[],"_links":{"self":[{"href":"https:\/\/purama.lt\/fi\/wp-json\/wp\/v2\/product\/37956","targetHints":{"allow":["GET"]}}],"collection":[{"href":"https:\/\/purama.lt\/fi\/wp-json\/wp\/v2\/product"}],"about":[{"href":"https:\/\/purama.lt\/fi\/wp-json\/wp\/v2\/types\/product"}],"replies":[{"embeddable":true,"href":"https:\/\/purama.lt\/fi\/wp-json\/wp\/v2\/comments?post=37956"}],"wp:featuredmedia":[{"embeddable":true,"href":"https:\/\/purama.lt\/fi\/wp-json\/wp\/v2\/media\/37957"}],"wp:attachment":[{"href":"https:\/\/purama.lt\/fi\/wp-json\/wp\/v2\/media?parent=37956"}],"wp:term":[{"taxonomy":"product_brand","embeddable":true,"href":"https:\/\/purama.lt\/fi\/wp-json\/wp\/v2\/product_brand?post=37956"},{"taxonomy":"product_cat","embeddable":true,"href":"https:\/\/purama.lt\/fi\/wp-json\/wp\/v2\/product_cat?post=37956"},{"taxonomy":"product_tag","embeddable":true,"href":"https:\/\/purama.lt\/fi\/wp-json\/wp\/v2\/product_tag?post=37956"}],"curies":[{"name":"wp","href":"https:\/\/api.w.org\/{rel}","templated":true}]}}