{"id":37823,"date":"2025-08-01T10:54:30","date_gmt":"2025-08-01T10:54:30","guid":{"rendered":"https:\/\/purama.lt\/produktas\/ohgood-baltymu-milteliai-surios-karameles-skonio\/"},"modified":"2026-03-19T16:34:46","modified_gmt":"2026-03-19T14:34:46","slug":"ohgood-proteiinijauhe-raakakaramellin-makuisena","status":"publish","type":"product","link":"https:\/\/purama.lt\/fi\/produktas\/ohgood-baltymu-milteliai-surios-karameles-skonio\/","title":{"rendered":"OH!GOOD Proteiinijauhe Suolattu karamelli makuinen"},"content":{"rendered":"","protected":false},"excerpt":{"rendered":"<p>Oh!Good Salted Caramel -proteiinijauheen ainutlaatuinen makean ja suolaisen yhdistelm\u00e4 tekee vaikutuksen heti ensimm\u00e4isest\u00e4 kulauksesta l\u00e4htien. K\u00e4ytet\u00e4\u00e4n paitsi proteiinilis\u00e4n\u00e4 my\u00f6s j\u00e4lkiruokana terveellisiss\u00e4 resepteiss\u00e4.<\/p>\n<p><strong>Miksi valita:<\/strong><br \/>\n\u2714 Poikkeuksellinen suolainen karamellin maku<br \/>\n\u2714 Soveltuu sek\u00e4 urheilijoille ett\u00e4 uteliaille ihmisille<br \/>\n\u2714 Ei lis\u00e4ttyj\u00e4 sokereita - makeus luonnollisista l\u00e4hteist\u00e4<br \/>\n\u2714 Tukee lihasten palautumista ja kyll\u00e4isyytt\u00e4<br \/>\n\u2714 Ihanteellinen smoothieihin tai proteiinij\u00e4lkiruokiin<\/p>","protected":false},"featured_media":37830,"comment_status":"open","ping_status":"closed","template":"","meta":{"_acf_changed":true},"product_brand":[447],"product_cat":[60,296,500],"product_tag":[],"class_list":{"0":"post-37823","1":"product","2":"type-product","3":"status-publish","4":"has-post-thumbnail","6":"product_brand-ohgood","7":"product_cat-mitybai","8":"product_cat-baltyminiai-kokteiliai","9":"product_cat-outlet","11":"first","12":"instock","13":"sale","14":"shipping-taxable","15":"purchasable","16":"product-type-simple"},"acf":[],"tiered_pricing_type":"fixed","tiered_pricing_fixed_rules":[],"tiered_pricing_product_settings":{"layout":"default","base_unit_name":{"singular":null,"plural":null},"default_variation":null},"tiered_pricing_minimum_quantity":null,"tiered_pricing_roles_data":[],"tiered_pricing_percentage_rules":[],"_links":{"self":[{"href":"https:\/\/purama.lt\/fi\/wp-json\/wp\/v2\/product\/37823","targetHints":{"allow":["GET"]}}],"collection":[{"href":"https:\/\/purama.lt\/fi\/wp-json\/wp\/v2\/product"}],"about":[{"href":"https:\/\/purama.lt\/fi\/wp-json\/wp\/v2\/types\/product"}],"replies":[{"embeddable":true,"href":"https:\/\/purama.lt\/fi\/wp-json\/wp\/v2\/comments?post=37823"}],"wp:featuredmedia":[{"embeddable":true,"href":"https:\/\/purama.lt\/fi\/wp-json\/wp\/v2\/media\/37830"}],"wp:attachment":[{"href":"https:\/\/purama.lt\/fi\/wp-json\/wp\/v2\/media?parent=37823"}],"wp:term":[{"taxonomy":"product_brand","embeddable":true,"href":"https:\/\/purama.lt\/fi\/wp-json\/wp\/v2\/product_brand?post=37823"},{"taxonomy":"product_cat","embeddable":true,"href":"https:\/\/purama.lt\/fi\/wp-json\/wp\/v2\/product_cat?post=37823"},{"taxonomy":"product_tag","embeddable":true,"href":"https:\/\/purama.lt\/fi\/wp-json\/wp\/v2\/product_tag?post=37823"}],"curies":[{"name":"wp","href":"https:\/\/api.w.org\/{rel}","templated":true}]}}