{"id":37822,"date":"2025-08-01T10:54:30","date_gmt":"2025-08-01T10:54:30","guid":{"rendered":"https:\/\/purama.lt\/produktas\/ohgood-baltymu-milteliai-bananu-skonio\/"},"modified":"2026-03-19T16:33:08","modified_gmt":"2026-03-19T14:33:08","slug":"ohgood-proteiinijauhe-banaani-maku","status":"publish","type":"product","link":"https:\/\/purama.lt\/fi\/produktas\/ohgood-baltymu-milteliai-bananu-skonio\/","title":{"rendered":"OH!GOOD Proteiinijauhe Banaani makuinen"},"content":{"rendered":"","protected":false},"excerpt":{"rendered":"<p>Luonnollinen banaanin maku antaa t\u00e4lle proteiinijauheelle raikkaan ja makean maun. Ne sopivat erinomaisesti niille, jotka etsiv\u00e4t funktionaalista ruokaa mausta tinkim\u00e4tt\u00e4, olipa kyse sitten urheilun j\u00e4lkeen tai aamiaiseksi.<\/p>\n<p><strong>Miksi valita:<\/strong><br \/>\n\u2714 Virkist\u00e4v\u00e4, luonnollinen banaanin maku<br \/>\n\u2714 Sopii smoothieihin, puuroihin tai jopa leivonnaisiin.<br \/>\n\u2714 Sis\u00e4lt\u00e4\u00e4 proteiineja, joilla on suuri biologinen arvo.<br \/>\n\u2714 Laktoositon ja gluteeniton<br \/>\n\u2714 Edist\u00e4\u00e4 lihasten kasvua ja palautumista<\/p>","protected":false},"featured_media":37831,"comment_status":"open","ping_status":"closed","template":"","meta":{"_acf_changed":true},"product_brand":[447],"product_cat":[60,296,500,298],"product_tag":[],"class_list":{"0":"post-37822","1":"product","2":"type-product","3":"status-publish","4":"has-post-thumbnail","6":"product_brand-ohgood","7":"product_cat-mitybai","8":"product_cat-baltyminiai-kokteiliai","9":"product_cat-outlet","10":"product_cat-sveikas-maistas","12":"first","13":"instock","14":"sale","15":"shipping-taxable","16":"purchasable","17":"product-type-simple"},"acf":[],"tiered_pricing_type":"fixed","tiered_pricing_fixed_rules":[],"tiered_pricing_product_settings":{"layout":"default","base_unit_name":{"singular":null,"plural":null},"default_variation":null},"tiered_pricing_minimum_quantity":null,"tiered_pricing_roles_data":[],"tiered_pricing_percentage_rules":[],"_links":{"self":[{"href":"https:\/\/purama.lt\/fi\/wp-json\/wp\/v2\/product\/37822","targetHints":{"allow":["GET"]}}],"collection":[{"href":"https:\/\/purama.lt\/fi\/wp-json\/wp\/v2\/product"}],"about":[{"href":"https:\/\/purama.lt\/fi\/wp-json\/wp\/v2\/types\/product"}],"replies":[{"embeddable":true,"href":"https:\/\/purama.lt\/fi\/wp-json\/wp\/v2\/comments?post=37822"}],"wp:featuredmedia":[{"embeddable":true,"href":"https:\/\/purama.lt\/fi\/wp-json\/wp\/v2\/media\/37831"}],"wp:attachment":[{"href":"https:\/\/purama.lt\/fi\/wp-json\/wp\/v2\/media?parent=37822"}],"wp:term":[{"taxonomy":"product_brand","embeddable":true,"href":"https:\/\/purama.lt\/fi\/wp-json\/wp\/v2\/product_brand?post=37822"},{"taxonomy":"product_cat","embeddable":true,"href":"https:\/\/purama.lt\/fi\/wp-json\/wp\/v2\/product_cat?post=37822"},{"taxonomy":"product_tag","embeddable":true,"href":"https:\/\/purama.lt\/fi\/wp-json\/wp\/v2\/product_tag?post=37822"}],"curies":[{"name":"wp","href":"https:\/\/api.w.org\/{rel}","templated":true}]}}