{"id":37819,"date":"2025-08-01T10:54:29","date_gmt":"2025-08-01T10:54:29","guid":{"rendered":"https:\/\/purama.lt\/produktas\/ohgood-baltymu-batonelis-avieciu-ir-sokolado-skonio\/"},"modified":"2026-04-08T16:30:59","modified_gmt":"2026-04-08T14:30:59","slug":"ohgood-proteiinipatukka-vadelman-ja-suklaan-makuinen","status":"publish","type":"product","link":"https:\/\/purama.lt\/fi\/produktas\/ohgood-baltymu-batonelis-avieciu-ir-sokolado-skonio\/","title":{"rendered":"OH!GOOD Proteiinipatukka Vadelman ja suklaan makuinen"},"content":{"rendered":"","protected":false},"excerpt":{"rendered":"<p>Herkullinen ja ravitseva vaihtoehto tavallisille makeisille, vadelman ja suklaan makuinen Oh!Good-patukka on paitsi t\u00e4ytt\u00e4v\u00e4, my\u00f6s tarjoaa proteiinia silloin, kun tarvitset sit\u00e4 eniten. Sopii aktiivisille ihmisille, treenin j\u00e4lkeiseksi v\u00e4lipalaksi tai aterioiden v\u00e4liin.<\/p>\n<p><strong>Miksi valita:<\/strong><br \/>\n\u2714 Suuri proteiinin l\u00e4hde liikkeell\u00e4, t\u00f6iss\u00e4 tai urheilun j\u00e4lkeen.<br \/>\n\u2714 V\u00e4h\u00e4sokerinen - enemm\u00e4n hy\u00f6dyllisi\u00e4 aineita<br \/>\n\u2714 Herkullinen yhdistelm\u00e4: tuoreita vadelmia ja t\u00e4ytel\u00e4ist\u00e4 suklaata.<br \/>\n\u2714 Sopii helposti taskuun tai kuntosalilaukkuun<br \/>\n\u2714 Gluteeniton ja palmu\u00f6ljyt\u00f6n<\/p>","protected":false},"featured_media":37827,"comment_status":"open","ping_status":"closed","template":"","meta":{"_acf_changed":true},"product_brand":[447],"product_cat":[60,297,298],"product_tag":[],"class_list":{"0":"post-37819","1":"product","2":"type-product","3":"status-publish","4":"has-post-thumbnail","6":"product_brand-ohgood","7":"product_cat-mitybai","8":"product_cat-baltyminiai-batoneliai","9":"product_cat-sveikas-maistas","11":"first","12":"instock","13":"shipping-taxable","14":"purchasable","15":"product-type-simple"},"acf":[],"tiered_pricing_type":"fixed","tiered_pricing_fixed_rules":[],"tiered_pricing_product_settings":{"layout":"default","base_unit_name":{"singular":null,"plural":null},"default_variation":null},"tiered_pricing_minimum_quantity":null,"tiered_pricing_roles_data":[],"tiered_pricing_percentage_rules":[],"_links":{"self":[{"href":"https:\/\/purama.lt\/fi\/wp-json\/wp\/v2\/product\/37819","targetHints":{"allow":["GET"]}}],"collection":[{"href":"https:\/\/purama.lt\/fi\/wp-json\/wp\/v2\/product"}],"about":[{"href":"https:\/\/purama.lt\/fi\/wp-json\/wp\/v2\/types\/product"}],"replies":[{"embeddable":true,"href":"https:\/\/purama.lt\/fi\/wp-json\/wp\/v2\/comments?post=37819"}],"wp:featuredmedia":[{"embeddable":true,"href":"https:\/\/purama.lt\/fi\/wp-json\/wp\/v2\/media\/37827"}],"wp:attachment":[{"href":"https:\/\/purama.lt\/fi\/wp-json\/wp\/v2\/media?parent=37819"}],"wp:term":[{"taxonomy":"product_brand","embeddable":true,"href":"https:\/\/purama.lt\/fi\/wp-json\/wp\/v2\/product_brand?post=37819"},{"taxonomy":"product_cat","embeddable":true,"href":"https:\/\/purama.lt\/fi\/wp-json\/wp\/v2\/product_cat?post=37819"},{"taxonomy":"product_tag","embeddable":true,"href":"https:\/\/purama.lt\/fi\/wp-json\/wp\/v2\/product_tag?post=37819"}],"curies":[{"name":"wp","href":"https:\/\/api.w.org\/{rel}","templated":true}]}}