{"id":37814,"date":"2025-08-01T10:54:28","date_gmt":"2025-08-01T10:54:28","guid":{"rendered":"https:\/\/purama.lt\/produktas\/d-lab-kompleksas-tobulai-odai\/"},"modified":"2026-01-29T12:16:01","modified_gmt":"2026-01-29T10:16:01","slug":"d-lab-complex-taydellista-ihoa-varten","status":"publish","type":"product","link":"https:\/\/purama.lt\/fi\/produktas\/d-lab-kompleksas-tobulai-odai\/","title":{"rendered":"D-LAB Complex t\u00e4ydellist\u00e4 ihoa varten"},"content":{"rendered":"","protected":false},"excerpt":{"rendered":"<p>Integroitu 3-vaiheinen j\u00e4rjestelm\u00e4: detoksifikaatio, mikroverenkierto ja ihon uudistaminen. K\u00e4sittelee iho-ongelmia sis\u00e4lt\u00e4p\u00e4in kokonaisvaltaisen vaikutuksen kautta.<\/p>\n<p><strong>Miksi valita:<\/strong><br \/>\n\u2713 Monimutkainen vaikutus - syyst\u00e4 vaikutukseen<br \/>\n\u2713 Puhdistaa kehon toksiineista<br \/>\n\u2713 Stimuloi ihon uudistumista ja mikroverenkiertoa.<br \/>\n\u2713 N\u00e4kyv\u00e4t muutokset viikkojen kuluessa<br \/>\n\u2713 T\u00e4ydellinen valinta ongelmalliselle tai v\u00e4syneelle iholle.<\/p>","protected":false},"featured_media":37801,"comment_status":"open","ping_status":"closed","template":"","meta":{"_acf_changed":true},"product_brand":[419],"product_cat":[123,273,274],"product_tag":[],"class_list":{"0":"post-37814","1":"product","2":"type-product","3":"status-publish","4":"has-post-thumbnail","6":"product_brand-d-lab","7":"product_cat-papildai-ilgaamziskumui","8":"product_cat-odai-plaukams-nagams","9":"product_cat-odos-jaunyste","11":"first","12":"outofstock","13":"shipping-taxable","14":"purchasable","15":"product-type-simple"},"acf":[],"tiered_pricing_type":"fixed","tiered_pricing_fixed_rules":[],"tiered_pricing_product_settings":{"layout":"default","base_unit_name":{"singular":null,"plural":null},"default_variation":null},"tiered_pricing_minimum_quantity":null,"tiered_pricing_roles_data":[],"tiered_pricing_percentage_rules":[],"_links":{"self":[{"href":"https:\/\/purama.lt\/fi\/wp-json\/wp\/v2\/product\/37814","targetHints":{"allow":["GET"]}}],"collection":[{"href":"https:\/\/purama.lt\/fi\/wp-json\/wp\/v2\/product"}],"about":[{"href":"https:\/\/purama.lt\/fi\/wp-json\/wp\/v2\/types\/product"}],"replies":[{"embeddable":true,"href":"https:\/\/purama.lt\/fi\/wp-json\/wp\/v2\/comments?post=37814"}],"wp:featuredmedia":[{"embeddable":true,"href":"https:\/\/purama.lt\/fi\/wp-json\/wp\/v2\/media\/37801"}],"wp:attachment":[{"href":"https:\/\/purama.lt\/fi\/wp-json\/wp\/v2\/media?parent=37814"}],"wp:term":[{"taxonomy":"product_brand","embeddable":true,"href":"https:\/\/purama.lt\/fi\/wp-json\/wp\/v2\/product_brand?post=37814"},{"taxonomy":"product_cat","embeddable":true,"href":"https:\/\/purama.lt\/fi\/wp-json\/wp\/v2\/product_cat?post=37814"},{"taxonomy":"product_tag","embeddable":true,"href":"https:\/\/purama.lt\/fi\/wp-json\/wp\/v2\/product_tag?post=37814"}],"curies":[{"name":"wp","href":"https:\/\/api.w.org\/{rel}","templated":true}]}}