{"id":37813,"date":"2025-08-01T10:54:28","date_gmt":"2025-08-01T10:54:28","guid":{"rendered":"https:\/\/purama.lt\/produktas\/d-lab-jaunystes-kompleksas-odos-stangrumui-ir-spindesiui\/"},"modified":"2026-01-29T12:16:24","modified_gmt":"2026-01-29T10:16:24","slug":"d-lab-youth-complex-kiintealle-ja-sateilevalle-iholle","status":"publish","type":"product","link":"https:\/\/purama.lt\/fi\/produktas\/d-lab-jaunystes-kompleksas-odos-stangrumui-ir-spindesiui\/","title":{"rendered":"D-LAB Youth Complex kiinte\u00e4mm\u00e4lle ja s\u00e4teilev\u00e4mm\u00e4lle iholle."},"content":{"rendered":"","protected":false},"excerpt":{"rendered":"<p>Anti-age-kaava, jossa on kollageenia, resveratrolia, E-vitamiinia ja hyaluronihappoa kyps\u00e4lle iholle - palauttaa ihon kimmoisuuden ja s\u00e4teilyn.<\/p>\n<p><strong>Miksi valita:<\/strong><br \/>\n\u2713 Taistelee ik\u00e4\u00e4ntymisen merkkej\u00e4 vastaan sis\u00e4lt\u00e4p\u00e4in<br \/>\n\u2713 Parantaa ihon rakennetta ja kimmoisuutta.<br \/>\n\u2713 Sill\u00e4 on voimakas antioksidanttinen vaikutus.<br \/>\n\u2713 Auttaa s\u00e4ilytt\u00e4m\u00e4\u00e4n nuorekkaan ulkon\u00e4\u00f6n<br \/>\n\u2713 Ihon kunnon pitk\u00e4aikaiseen yll\u00e4pitoon<\/p>","protected":false},"featured_media":37803,"comment_status":"open","ping_status":"closed","template":"","meta":{"_acf_changed":true},"product_brand":[419],"product_cat":[123,273,274],"product_tag":[],"class_list":{"0":"post-37813","1":"product","2":"type-product","3":"status-publish","4":"has-post-thumbnail","6":"product_brand-d-lab","7":"product_cat-papildai-ilgaamziskumui","8":"product_cat-odai-plaukams-nagams","9":"product_cat-odos-jaunyste","11":"first","12":"outofstock","13":"shipping-taxable","14":"purchasable","15":"product-type-simple"},"acf":[],"tiered_pricing_type":"fixed","tiered_pricing_fixed_rules":[],"tiered_pricing_product_settings":{"layout":"default","base_unit_name":{"singular":null,"plural":null},"default_variation":null},"tiered_pricing_minimum_quantity":null,"tiered_pricing_roles_data":[],"tiered_pricing_percentage_rules":[],"_links":{"self":[{"href":"https:\/\/purama.lt\/fi\/wp-json\/wp\/v2\/product\/37813","targetHints":{"allow":["GET"]}}],"collection":[{"href":"https:\/\/purama.lt\/fi\/wp-json\/wp\/v2\/product"}],"about":[{"href":"https:\/\/purama.lt\/fi\/wp-json\/wp\/v2\/types\/product"}],"replies":[{"embeddable":true,"href":"https:\/\/purama.lt\/fi\/wp-json\/wp\/v2\/comments?post=37813"}],"wp:featuredmedia":[{"embeddable":true,"href":"https:\/\/purama.lt\/fi\/wp-json\/wp\/v2\/media\/37803"}],"wp:attachment":[{"href":"https:\/\/purama.lt\/fi\/wp-json\/wp\/v2\/media?parent=37813"}],"wp:term":[{"taxonomy":"product_brand","embeddable":true,"href":"https:\/\/purama.lt\/fi\/wp-json\/wp\/v2\/product_brand?post=37813"},{"taxonomy":"product_cat","embeddable":true,"href":"https:\/\/purama.lt\/fi\/wp-json\/wp\/v2\/product_cat?post=37813"},{"taxonomy":"product_tag","embeddable":true,"href":"https:\/\/purama.lt\/fi\/wp-json\/wp\/v2\/product_tag?post=37813"}],"curies":[{"name":"wp","href":"https:\/\/api.w.org\/{rel}","templated":true}]}}