{"id":37808,"date":"2025-08-01T10:54:27","date_gmt":"2025-08-01T10:54:27","guid":{"rendered":"https:\/\/purama.lt\/produktas\/d-lab-kolageno-maisto-papildas-odos-plauku-ir-sanariu-buklei\/"},"modified":"2026-04-08T09:11:01","modified_gmt":"2026-04-08T07:11:01","slug":"d-lab-kollageeni-ravintolisa-hiusten-ja-ihon-kuntoon","status":"publish","type":"product","link":"https:\/\/purama.lt\/fi\/produktas\/d-lab-kolageno-maisto-papildas-odos-plauku-ir-sanariu-buklei\/","title":{"rendered":"D-LAB Kollageeni ravintolis\u00e4 iholle, hiuksille ja nivelille"},"content":{"rendered":"<p>Lue lis\u00e4\u00e4 kollageenista <a href=\"\/fi\/kolagenas-gidas\/\">kollageenioppaat<\/a>.<\/p>","protected":false},"excerpt":{"rendered":"<p>Se on kollageenin, hyaluronihapon, C-vitamiinin ja sinkin t\u00e4ysvaikutteinen sekoitus, joka tukee ihon kiinteytt\u00e4, hiusten vahvuutta ja nivelten kimmoisuutta.<\/p>\n<p><strong>Miksi valita:<\/strong><br \/>\n\u2713 Hydrolysoitu kollageeni hyv\u00e4\u00e4 imeytymist\u00e4 varten<br \/>\n\u2713 Tukee ihoa, hiuksia ja kynnet<br \/>\n\u2713 Edist\u00e4\u00e4 nivelten terveytt\u00e4<br \/>\n\u2713 Sis\u00e4lt\u00e4\u00e4 C-vitamiinia, joka on v\u00e4ltt\u00e4m\u00e4t\u00f6n iholle.<br \/>\n\u2713 Sopii sek\u00e4 miehille ett\u00e4 naisille<\/p>","protected":false},"featured_media":37794,"comment_status":"open","ping_status":"closed","template":"","meta":{"_acf_changed":false},"product_brand":[419],"product_cat":[123,279,280,273,274],"product_tag":[],"class_list":{"0":"post-37808","1":"product","2":"type-product","3":"status-publish","4":"has-post-thumbnail","6":"product_brand-d-lab","7":"product_cat-papildai-ilgaamziskumui","8":"product_cat-kaulams-ir-sanariams","9":"product_cat-kaulu-stiprinimas","10":"product_cat-odai-plaukams-nagams","11":"product_cat-odos-jaunyste","13":"first","14":"instock","15":"shipping-taxable","16":"purchasable","17":"product-type-simple"},"acf":[],"tiered_pricing_type":"fixed","tiered_pricing_fixed_rules":[],"tiered_pricing_product_settings":{"layout":"default","base_unit_name":{"singular":null,"plural":null},"default_variation":null},"tiered_pricing_minimum_quantity":null,"tiered_pricing_roles_data":[],"tiered_pricing_percentage_rules":[],"_links":{"self":[{"href":"https:\/\/purama.lt\/fi\/wp-json\/wp\/v2\/product\/37808","targetHints":{"allow":["GET"]}}],"collection":[{"href":"https:\/\/purama.lt\/fi\/wp-json\/wp\/v2\/product"}],"about":[{"href":"https:\/\/purama.lt\/fi\/wp-json\/wp\/v2\/types\/product"}],"replies":[{"embeddable":true,"href":"https:\/\/purama.lt\/fi\/wp-json\/wp\/v2\/comments?post=37808"}],"wp:featuredmedia":[{"embeddable":true,"href":"https:\/\/purama.lt\/fi\/wp-json\/wp\/v2\/media\/37794"}],"wp:attachment":[{"href":"https:\/\/purama.lt\/fi\/wp-json\/wp\/v2\/media?parent=37808"}],"wp:term":[{"taxonomy":"product_brand","embeddable":true,"href":"https:\/\/purama.lt\/fi\/wp-json\/wp\/v2\/product_brand?post=37808"},{"taxonomy":"product_cat","embeddable":true,"href":"https:\/\/purama.lt\/fi\/wp-json\/wp\/v2\/product_cat?post=37808"},{"taxonomy":"product_tag","embeddable":true,"href":"https:\/\/purama.lt\/fi\/wp-json\/wp\/v2\/product_tag?post=37808"}],"curies":[{"name":"wp","href":"https:\/\/api.w.org\/{rel}","templated":true}]}}